{"id":761676,"date":"2025-08-28T09:44:33","date_gmt":"2025-08-28T06:44:33","guid":{"rendered":"https:\/\/roveyayinevi.com.tr\/index.php\/urun\/beni-takip-et-renkler-ve-sekiller-dondurma\/"},"modified":"2026-04-15T03:26:38","modified_gmt":"2026-04-15T00:26:38","slug":"beni-takip-et-renkler-ve-sekiller-dondurma","status":"publish","type":"product","link":"https:\/\/roveyayinevi.com.tr\/index.php\/urun\/beni-takip-et-renkler-ve-sekiller-dondurma\/","title":{"rendered":"Beni Takip Et Renkler ve \u015eekiller-Dondurma"},"content":{"rendered":"<p>Minik parmaklar\u0131nla yepyeni bir ke\u015ffe haz\u0131r m\u0131s\u0131n?Her sayfadaki yolu takip et, resimlere bakarak sorular\u0131 cevapla.\u00c7ocu\u011funuz bu harika resimlerle dolu e\u011flenceli kitaba bay\u0131lacak.Motor becerilerini ve y\u00f6n alg\u0131s\u0131n\u0131 geli\u015ftirme,E\u015fle\u015ftirme ve sayma becerisi,Basit metin ve y\u00f6nlendirmelerle h\u0131zl\u0131 \u00f6\u011frenme.<\/p>\n","protected":false},"excerpt":{"rendered":"<p>Minik parmaklar\u0131nla yepyeni bir ke\u015ffe haz\u0131r m\u0131s\u0131n?Her sayfadaki yolu takip et, resimlere bakarak sorular\u0131 cevapla.\u00c7ocu\u011funuz bu harika resimlerle dolu e\u011flenceli kitaba bay\u0131lacak.Motor becerilerini ve y\u00f6n alg\u0131s\u0131n\u0131<span class=\"excerpt-hellip\"> [\u2026]<\/span><\/p>\n","protected":false},"featured_media":0,"template":"","meta":{"_monsterinsights_skip_tracking":false,"_monsterinsights_sitenote_active":false,"_monsterinsights_sitenote_note":"","_monsterinsights_sitenote_category":0},"product_brand":[],"product_cat":[12274,15842],"product_tag":[],"class_list":{"0":"post-761676","1":"product","2":"type-product","3":"status-publish","5":"product_cat-cocuk-ve-genclik-kitaplari","6":"product_cat-egitici-kitaplar","7":"pa_cilt-ciltsiz","8":"pa_tur-kitap","9":"pa_yayinevi-net-cocuk-yayinlari","10":"pa_yazar-omer-canbir","12":"first","13":"instock","14":"sale","15":"shipping-taxable","16":"purchasable","17":"product-type-simple"},"_links":{"self":[{"href":"https:\/\/roveyayinevi.com.tr\/index.php\/wp-json\/wp\/v2\/product\/761676","targetHints":{"allow":["GET"]}}],"collection":[{"href":"https:\/\/roveyayinevi.com.tr\/index.php\/wp-json\/wp\/v2\/product"}],"about":[{"href":"https:\/\/roveyayinevi.com.tr\/index.php\/wp-json\/wp\/v2\/types\/product"}],"wp:attachment":[{"href":"https:\/\/roveyayinevi.com.tr\/index.php\/wp-json\/wp\/v2\/media?parent=761676"}],"wp:term":[{"taxonomy":"product_brand","embeddable":true,"href":"https:\/\/roveyayinevi.com.tr\/index.php\/wp-json\/wp\/v2\/product_brand?post=761676"},{"taxonomy":"product_cat","embeddable":true,"href":"https:\/\/roveyayinevi.com.tr\/index.php\/wp-json\/wp\/v2\/product_cat?post=761676"},{"taxonomy":"product_tag","embeddable":true,"href":"https:\/\/roveyayinevi.com.tr\/index.php\/wp-json\/wp\/v2\/product_tag?post=761676"}],"curies":[{"name":"wp","href":"https:\/\/api.w.org\/{rel}","templated":true}]}}