{"id":761671,"date":"2025-08-28T09:44:24","date_gmt":"2025-08-28T06:44:24","guid":{"rendered":"https:\/\/roveyayinevi.com.tr\/index.php\/urun\/cocuklar-icin-cinsel-egitim-oykuleri\/"},"modified":"2026-04-16T03:14:57","modified_gmt":"2026-04-16T00:14:57","slug":"cocuklar-icin-cinsel-egitim-oykuleri","status":"publish","type":"product","link":"https:\/\/roveyayinevi.com.tr\/index.php\/urun\/cocuklar-icin-cinsel-egitim-oykuleri\/","title":{"rendered":"\u00c7ocuklar \u0130\u00e7in Cinsel E\u011fitim \u00d6yk\u00fcleri"},"content":{"rendered":"<p>Anne Babalara&#8230;&#8217;Ben nereden geldim?&#8217;, &#8216;Nas\u0131l oldum?&#8217;, &#8216;Benim neden pipim yok?&#8217;, &#8216;Erkekler de \u00e7ocuk do\u011furabilir mi?&#8217; gibi y\u00fcz\u00fcn\u00fcz\u00fc k\u0131zartan bu sorularla kar\u015f\u0131la\u015fmayan\u0131n\u0131z yoktur.\u00c7ocuklar\u0131m\u0131z\u0131n art\u0131k leylek masallar\u0131na veya \u00fcst\u00fcnk\u00f6r\u00fc verilmi\u015f cevaplara inanmad\u0131\u011f\u0131n\u0131 hepimiz biliyoruz. Do\u011fru bilgiyi ya\u015f\u0131na uygun bir \u015fekilde vermek sa\u011fl\u0131kl\u0131 ku\u015faklar yeti\u015ftirmenin do\u011fru ve olmas\u0131 gereken yoludur.<\/p>\n","protected":false},"excerpt":{"rendered":"<p>Anne Babalara&#8230;&#8217;Ben nereden geldim?&#8217;, &#8216;Nas\u0131l oldum?&#8217;, &#8216;Benim neden pipim yok?&#8217;, &#8216;Erkekler de \u00e7ocuk do\u011furabilir mi?&#8217; gibi y\u00fcz\u00fcn\u00fcz\u00fc k\u0131zartan bu sorularla kar\u015f\u0131la\u015fmayan\u0131n\u0131z yoktur.\u00c7ocuklar\u0131m\u0131z\u0131n art\u0131k leylek masallar\u0131na veya<span class=\"excerpt-hellip\"> [\u2026]<\/span><\/p>\n","protected":false},"featured_media":0,"template":"","meta":{"_monsterinsights_skip_tracking":false,"_monsterinsights_sitenote_active":false,"_monsterinsights_sitenote_note":"","_monsterinsights_sitenote_category":0},"product_brand":[],"product_cat":[12274,15842],"product_tag":[],"class_list":{"0":"post-761671","1":"product","2":"type-product","3":"status-publish","5":"product_cat-cocuk-ve-genclik-kitaplari","6":"product_cat-egitici-kitaplar","7":"pa_cilt-ciltsiz","8":"pa_tur-kitap","9":"pa_yayinevi-net-cocuk-yayinlari","10":"pa_yazar-yasam-yanardag-celik","12":"first","13":"instock","14":"sale","15":"shipping-taxable","16":"purchasable","17":"product-type-simple"},"_links":{"self":[{"href":"https:\/\/roveyayinevi.com.tr\/index.php\/wp-json\/wp\/v2\/product\/761671","targetHints":{"allow":["GET"]}}],"collection":[{"href":"https:\/\/roveyayinevi.com.tr\/index.php\/wp-json\/wp\/v2\/product"}],"about":[{"href":"https:\/\/roveyayinevi.com.tr\/index.php\/wp-json\/wp\/v2\/types\/product"}],"wp:attachment":[{"href":"https:\/\/roveyayinevi.com.tr\/index.php\/wp-json\/wp\/v2\/media?parent=761671"}],"wp:term":[{"taxonomy":"product_brand","embeddable":true,"href":"https:\/\/roveyayinevi.com.tr\/index.php\/wp-json\/wp\/v2\/product_brand?post=761671"},{"taxonomy":"product_cat","embeddable":true,"href":"https:\/\/roveyayinevi.com.tr\/index.php\/wp-json\/wp\/v2\/product_cat?post=761671"},{"taxonomy":"product_tag","embeddable":true,"href":"https:\/\/roveyayinevi.com.tr\/index.php\/wp-json\/wp\/v2\/product_tag?post=761671"}],"curies":[{"name":"wp","href":"https:\/\/api.w.org\/{rel}","templated":true}]}}