{"id":761668,"date":"2025-08-28T09:44:18","date_gmt":"2025-08-28T06:44:18","guid":{"rendered":"https:\/\/roveyayinevi.com.tr\/index.php\/urun\/astronomi-benim-isim\/"},"modified":"2026-04-16T03:14:57","modified_gmt":"2026-04-16T00:14:57","slug":"astronomi-benim-isim","status":"publish","type":"product","link":"https:\/\/roveyayinevi.com.tr\/index.php\/urun\/astronomi-benim-isim\/","title":{"rendered":"Astronomi Benim \u0130\u015fim"},"content":{"rendered":"<p>Bir g\u00fcn ans\u0131z\u0131n kafana bir elma d\u00fc\u015ferse \u015fa\u015f\u0131rma.  Buldum diye ortal\u0131\u011f\u0131 birbirine katabilirsin. Sende muhte\u015fem bir mucit olma yetene\u011fi var demektir. O zaman tam da do\u011fru adrestesin. Bizim mucitler sana yol arkada\u015f\u0131 olmak i\u00e7in geldi. Zaman kaybetme! Haydi, tak\u0131l onlara. <\/p>\n","protected":false},"excerpt":{"rendered":"<p>Bir g\u00fcn ans\u0131z\u0131n kafana bir elma d\u00fc\u015ferse \u015fa\u015f\u0131rma. Buldum diye ortal\u0131\u011f\u0131 birbirine katabilirsin. Sende muhte\u015fem bir mucit olma yetene\u011fi var demektir. O zaman tam da do\u011fru<span class=\"excerpt-hellip\"> [\u2026]<\/span><\/p>\n","protected":false},"featured_media":0,"template":"","meta":{"_monsterinsights_skip_tracking":false,"_monsterinsights_sitenote_active":false,"_monsterinsights_sitenote_note":"","_monsterinsights_sitenote_category":0},"product_brand":[],"product_cat":[12274],"product_tag":[],"class_list":{"0":"post-761668","1":"product","2":"type-product","3":"status-publish","5":"product_cat-cocuk-ve-genclik-kitaplari","6":"pa_cilt-ciltsiz","7":"pa_tur-kitap","8":"pa_yayinevi-nesil-cocuk-yayinlari","9":"pa_yazar-abdil-mert","11":"first","12":"instock","13":"sale","14":"shipping-taxable","15":"purchasable","16":"product-type-simple"},"_links":{"self":[{"href":"https:\/\/roveyayinevi.com.tr\/index.php\/wp-json\/wp\/v2\/product\/761668","targetHints":{"allow":["GET"]}}],"collection":[{"href":"https:\/\/roveyayinevi.com.tr\/index.php\/wp-json\/wp\/v2\/product"}],"about":[{"href":"https:\/\/roveyayinevi.com.tr\/index.php\/wp-json\/wp\/v2\/types\/product"}],"wp:attachment":[{"href":"https:\/\/roveyayinevi.com.tr\/index.php\/wp-json\/wp\/v2\/media?parent=761668"}],"wp:term":[{"taxonomy":"product_brand","embeddable":true,"href":"https:\/\/roveyayinevi.com.tr\/index.php\/wp-json\/wp\/v2\/product_brand?post=761668"},{"taxonomy":"product_cat","embeddable":true,"href":"https:\/\/roveyayinevi.com.tr\/index.php\/wp-json\/wp\/v2\/product_cat?post=761668"},{"taxonomy":"product_tag","embeddable":true,"href":"https:\/\/roveyayinevi.com.tr\/index.php\/wp-json\/wp\/v2\/product_tag?post=761668"}],"curies":[{"name":"wp","href":"https:\/\/api.w.org\/{rel}","templated":true}]}}