{"id":761666,"date":"2025-08-28T09:44:15","date_gmt":"2025-08-28T06:44:15","guid":{"rendered":"https:\/\/roveyayinevi.com.tr\/index.php\/urun\/senin-hatan-degild\/"},"modified":"2026-04-16T03:14:57","modified_gmt":"2026-04-16T00:14:57","slug":"senin-hatan-degild","status":"publish","type":"product","link":"https:\/\/roveyayinevi.com.tr\/index.php\/urun\/senin-hatan-degild\/","title":{"rendered":"Senin Hatan De\u011fild!"},"content":{"rendered":"<p>Mutlulu\u011fu kendinizde veya ili\u015fkilerinizde bulmakta zorlan\u0131yor musunuz? \u2022 Fiziksel veya zihinsel sa\u011fl\u0131\u011f\u0131n\u0131zla ilgili yorgunluk, kayg\u0131, uyku sorunlar\u0131, ba\u011f\u0131ml\u0131l\u0131klar veya depresyon gibi sorunlar\u0131n\u0131z var m\u0131? \u2022 Duygusal olarak kendinizi donuk, uyu\u015fmu\u015f mu hissediyorsunuz? Yaln\u0131z de\u011filsiniz. Kendinizi su\u00e7lamay\u0131 da b\u0131rak\u0131n\u2026 Yeti\u015fkin hayat\u0131m\u0131zda kar\u015f\u0131la\u015ft\u0131\u011f\u0131m\u0131z bu t\u00fcr sorunlar\u0131n, esas olarak \u00e7ocukluk d\u00f6neminde ya\u015fanan travmalardan, olumsuz \u00e7ocukluk deneyimlerinden kaynakland\u0131\u011f\u0131 biliniyor. \u00c7ocukken ili\u015fkilerde s\u0131n\u0131rlar \u00e7izmek, g\u00fcvenlik i\u00e7inde olmak, sevildi\u011fini g\u00f6rmek gibi temel ihtiya\u00e7lar\u0131m\u0131z\u0131 kar\u015f\u0131lamak i\u00e7in \u00e7evremizdekilere, \u00f6ncelikle de ailemize ba\u011f\u0131ml\u0131y\u0131z. Bu gibi ihtiya\u00e7lar yeterince kar\u015f\u0131lanmazsa yeti\u015fkinlikte iyi bir ruh sa\u011fl\u0131\u011f\u0131n\u0131n, duygu d\u00fcnyas\u0131n\u0131n temelleri de at\u0131lamaz. Y\u00fczle\u015filmeyen \u00c7ocukluk Yaralar\u0131 \u00d6m\u00fcr Boyu Sorunlara Yol A\u00e7ar. Ger\u00e7ek \u0130yile\u015fme \u0130\u00e7indeki \u00c7ocu\u011fu \u0130yile\u015ftirmeyle Ba\u015flar. Ge\u00e7mi\u015finize bak\u0131\u015f a\u00e7\u0131n\u0131z\u0131 de\u011fi\u015ftirdi\u011finizde ya\u015fama bi\u00e7iminiz de de\u011fi\u015fir, ger\u00e7ek kimli\u011finiz ve potansiyeliniz de a\u00e7\u0131\u011fa \u00e7\u0131kar. \u00c7ocukluk travmalar\u0131n\u0131 iyile\u015ftirmek i\u00e7in binlerce hastayla klinik \u00e7al\u0131\u015fmalar yapan Alex Howard, y\u00fczle\u015fmenize yard\u0131m edecek bir rehber sa\u011flarken kullanabilece\u011finiz ara\u00e7lar\u0131 da sunuyor.<\/p>\n","protected":false},"excerpt":{"rendered":"<p>Mutlulu\u011fu kendinizde veya ili\u015fkilerinizde bulmakta zorlan\u0131yor musunuz? \u2022 Fiziksel veya zihinsel sa\u011fl\u0131\u011f\u0131n\u0131zla ilgili yorgunluk, kayg\u0131, uyku sorunlar\u0131, ba\u011f\u0131ml\u0131l\u0131klar veya depresyon gibi sorunlar\u0131n\u0131z var m\u0131? \u2022 Duygusal<span class=\"excerpt-hellip\"> [\u2026]<\/span><\/p>\n","protected":false},"featured_media":0,"template":"","meta":{"_monsterinsights_skip_tracking":false,"_monsterinsights_sitenote_active":false,"_monsterinsights_sitenote_note":"","_monsterinsights_sitenote_category":0},"product_brand":[],"product_cat":[12357],"product_tag":[],"class_list":{"0":"post-761666","1":"product","2":"type-product","3":"status-publish","5":"product_cat-psikoloji","6":"pa_cilt-ciltsiz","7":"pa_tur-kitap","8":"pa_yayinevi-kuraldisi-yayinevi","9":"pa_yazar-alex-howard","11":"first","12":"instock","13":"sale","14":"shipping-taxable","15":"purchasable","16":"product-type-simple"},"_links":{"self":[{"href":"https:\/\/roveyayinevi.com.tr\/index.php\/wp-json\/wp\/v2\/product\/761666","targetHints":{"allow":["GET"]}}],"collection":[{"href":"https:\/\/roveyayinevi.com.tr\/index.php\/wp-json\/wp\/v2\/product"}],"about":[{"href":"https:\/\/roveyayinevi.com.tr\/index.php\/wp-json\/wp\/v2\/types\/product"}],"wp:attachment":[{"href":"https:\/\/roveyayinevi.com.tr\/index.php\/wp-json\/wp\/v2\/media?parent=761666"}],"wp:term":[{"taxonomy":"product_brand","embeddable":true,"href":"https:\/\/roveyayinevi.com.tr\/index.php\/wp-json\/wp\/v2\/product_brand?post=761666"},{"taxonomy":"product_cat","embeddable":true,"href":"https:\/\/roveyayinevi.com.tr\/index.php\/wp-json\/wp\/v2\/product_cat?post=761666"},{"taxonomy":"product_tag","embeddable":true,"href":"https:\/\/roveyayinevi.com.tr\/index.php\/wp-json\/wp\/v2\/product_tag?post=761666"}],"curies":[{"name":"wp","href":"https:\/\/api.w.org\/{rel}","templated":true}]}}