{"id":761665,"date":"2025-08-28T09:44:13","date_gmt":"2025-08-28T06:44:13","guid":{"rendered":"https:\/\/roveyayinevi.com.tr\/index.php\/urun\/insan-2\/"},"modified":"2026-04-16T03:14:57","modified_gmt":"2026-04-16T00:14:57","slug":"insan-2","status":"publish","type":"product","link":"https:\/\/roveyayinevi.com.tr\/index.php\/urun\/insan-2\/","title":{"rendered":"\u0130nsan"},"content":{"rendered":"<p>Y\u00fcre\u011fin darald\u0131\u011f\u0131nda Susuz bir fidan\u0131 Solan bir g\u00fcl\u00fc \u00d6l\u00fcme direnen bir bebe\u011fi d\u00fc\u015f\u00fcn.   Sonra Ye\u015fermeyi, do\u011frulmay\u0131 Y\u00fcr\u00fcmeyi, ko\u015fmay\u0131 Konu\u015fmay\u0131 d\u00fc\u015f\u00fcn.   \u0130nsan ki pe\u015findedir Bir b\u00fcy\u00fck d\u00fc\u015f\u00fcn\u0130nsan\u0131 d\u00fc\u015f\u00fcn&#8230; <\/p>\n","protected":false},"excerpt":{"rendered":"<p>Y\u00fcre\u011fin darald\u0131\u011f\u0131nda Susuz bir fidan\u0131 Solan bir g\u00fcl\u00fc \u00d6l\u00fcme direnen bir bebe\u011fi d\u00fc\u015f\u00fcn. Sonra Ye\u015fermeyi, do\u011frulmay\u0131 Y\u00fcr\u00fcmeyi, ko\u015fmay\u0131 Konu\u015fmay\u0131 d\u00fc\u015f\u00fcn. \u0130nsan ki pe\u015findedir Bir b\u00fcy\u00fck d\u00fc\u015f\u00fcn\u0130nsan\u0131<span class=\"excerpt-hellip\"> [\u2026]<\/span><\/p>\n","protected":false},"featured_media":0,"template":"","meta":{"_monsterinsights_skip_tracking":false,"_monsterinsights_sitenote_active":false,"_monsterinsights_sitenote_note":"","_monsterinsights_sitenote_category":0},"product_brand":[],"product_cat":[12291,12509],"product_tag":[],"class_list":{"0":"post-761665","1":"product","2":"type-product","3":"status-publish","5":"product_cat-edebiyat","6":"product_cat-siir","7":"pa_cilt-ciltsiz","8":"pa_tur-kitap","9":"pa_yayinevi-kuytu-yayinlari","10":"pa_yazar-hatice-topcu","12":"first","13":"instock","14":"sale","15":"shipping-taxable","16":"purchasable","17":"product-type-simple"},"_links":{"self":[{"href":"https:\/\/roveyayinevi.com.tr\/index.php\/wp-json\/wp\/v2\/product\/761665","targetHints":{"allow":["GET"]}}],"collection":[{"href":"https:\/\/roveyayinevi.com.tr\/index.php\/wp-json\/wp\/v2\/product"}],"about":[{"href":"https:\/\/roveyayinevi.com.tr\/index.php\/wp-json\/wp\/v2\/types\/product"}],"wp:attachment":[{"href":"https:\/\/roveyayinevi.com.tr\/index.php\/wp-json\/wp\/v2\/media?parent=761665"}],"wp:term":[{"taxonomy":"product_brand","embeddable":true,"href":"https:\/\/roveyayinevi.com.tr\/index.php\/wp-json\/wp\/v2\/product_brand?post=761665"},{"taxonomy":"product_cat","embeddable":true,"href":"https:\/\/roveyayinevi.com.tr\/index.php\/wp-json\/wp\/v2\/product_cat?post=761665"},{"taxonomy":"product_tag","embeddable":true,"href":"https:\/\/roveyayinevi.com.tr\/index.php\/wp-json\/wp\/v2\/product_tag?post=761665"}],"curies":[{"name":"wp","href":"https:\/\/api.w.org\/{rel}","templated":true}]}}