{"id":761664,"date":"2025-08-28T09:44:12","date_gmt":"2025-08-28T06:44:12","guid":{"rendered":"https:\/\/roveyayinevi.com.tr\/index.php\/urun\/deniz-gucu-devletleri\/"},"modified":"2026-04-16T03:14:57","modified_gmt":"2026-04-16T00:14:57","slug":"deniz-gucu-devletleri","status":"publish","type":"product","link":"https:\/\/roveyayinevi.com.tr\/index.php\/urun\/deniz-gucu-devletleri\/","title":{"rendered":"Deniz G\u00fcc\u00fc Devletleri"},"content":{"rendered":"<p>C\u0327ag\u0306\u0131m\u0131z\u0131n en sec\u0327kin tarihc\u0327ilerinden biri olan Andrew Lambert, Deniz Gu\u0308cu\u0308 Devletleri ile denizcilig\u0306e elveris\u0327li bes\u0327 ku\u0308c\u0327u\u0308k devletin olag\u0306anu\u0308stu\u0308 bas\u0327ar\u0131s\u0131n\u0131 aras\u0327t\u0131r\u0131yor. Andrew Lambert odag\u0306\u0131na Atina, Kartaca, Venedik, Hollanda Cumhuriyeti ve Britanya\u2019y\u0131 ald\u0131g\u0306\u0131 eserde, bu u\u0308lkelerin \u201cdeniz gu\u0308cu\u0308\u201d kimliklerini inceliyor. Lambert, denizcilik kimlikleri yaratman\u0131n bu devletleri k\u0131tadaki hantal rakiplerinden nas\u0131l daha dinamik, ac\u0327\u0131k ve kapsay\u0131c\u0131 ha\u0302le getirdig\u0306ini go\u0308steriyor. Bu uluslar ancak kimliklerinin bu yo\u0308nu\u0308nu\u0308 unuttuklar\u0131nda gerilemeye bas\u0327lad\u0131lar. Amerika Birles\u0327ik Devletleri ve C\u0327in\u2019in deniz gu\u0308cu\u0308 olmaktan ziyade modern deniz gu\u0308c\u0327leri oldug\u0306unun kabul edilmesi, du\u0308nya tarihindeki uzun vadeli eg\u0306ilimlerin yan\u0131 s\u0131ra gu\u0308ncel olaylar\u0131 anlamak ic\u0327in de o\u0308nemlidir. Deniz Gu\u0308cu\u0308 Devletleri; devletlerin, cog\u0306rafi bir kac\u0327\u0131n\u0131lmazl\u0131k taraf\u0131ndan deg\u0306il siyasal tercihle yo\u0308nlendirilerek ku\u0308ltu\u0308rlerini karadan denize deg\u0306is\u0327tirme yetenekleri ve bir deniz gu\u0308cu\u0308 olma sec\u0327iminin, bu\u0308yu\u0308k gu\u0308c\u0327 ha\u0302line gelen az say\u0131da devlet u\u0308zerindeki etkileri hususundad\u0131r. Sonuc\u0327 olarak eser,is\u0327inin zirvesinde olan bir akademisyen taraf\u0131ndan su\u0308rekli ilgi konusu olan bes\u0327 devletin son derece orijinal \u201cbu\u0308yu\u0308k du\u0308s\u0327u\u0308nme\u201d analizidir.<\/p>\n","protected":false},"excerpt":{"rendered":"<p>C\u0327ag\u0306\u0131m\u0131z\u0131n en sec\u0327kin tarihc\u0327ilerinden biri olan Andrew Lambert, Deniz Gu\u0308cu\u0308 Devletleri ile denizcilig\u0306e elveris\u0327li bes\u0327 ku\u0308c\u0327u\u0308k devletin olag\u0306anu\u0308stu\u0308 bas\u0327ar\u0131s\u0131n\u0131 aras\u0327t\u0131r\u0131yor. Andrew Lambert odag\u0306\u0131na Atina, Kartaca, Venedik,<span class=\"excerpt-hellip\"> [\u2026]<\/span><\/p>\n","protected":false},"featured_media":0,"template":"","meta":{"_monsterinsights_skip_tracking":false,"_monsterinsights_sitenote_active":false,"_monsterinsights_sitenote_note":"","_monsterinsights_sitenote_category":0},"product_brand":[],"product_cat":[12304],"product_tag":[],"class_list":{"0":"post-761664","1":"product","2":"type-product","3":"status-publish","5":"product_cat-tarih","6":"pa_cilt-ciltsiz","7":"pa_tur-kitap","8":"pa_yayinevi-albaraka-yayinlari","9":"pa_yazar-andrew-lambert","11":"first","12":"instock","13":"sale","14":"shipping-taxable","15":"purchasable","16":"product-type-simple"},"_links":{"self":[{"href":"https:\/\/roveyayinevi.com.tr\/index.php\/wp-json\/wp\/v2\/product\/761664","targetHints":{"allow":["GET"]}}],"collection":[{"href":"https:\/\/roveyayinevi.com.tr\/index.php\/wp-json\/wp\/v2\/product"}],"about":[{"href":"https:\/\/roveyayinevi.com.tr\/index.php\/wp-json\/wp\/v2\/types\/product"}],"wp:attachment":[{"href":"https:\/\/roveyayinevi.com.tr\/index.php\/wp-json\/wp\/v2\/media?parent=761664"}],"wp:term":[{"taxonomy":"product_brand","embeddable":true,"href":"https:\/\/roveyayinevi.com.tr\/index.php\/wp-json\/wp\/v2\/product_brand?post=761664"},{"taxonomy":"product_cat","embeddable":true,"href":"https:\/\/roveyayinevi.com.tr\/index.php\/wp-json\/wp\/v2\/product_cat?post=761664"},{"taxonomy":"product_tag","embeddable":true,"href":"https:\/\/roveyayinevi.com.tr\/index.php\/wp-json\/wp\/v2\/product_tag?post=761664"}],"curies":[{"name":"wp","href":"https:\/\/api.w.org\/{rel}","templated":true}]}}