{"id":761663,"date":"2025-08-28T09:44:11","date_gmt":"2025-08-28T06:44:11","guid":{"rendered":"https:\/\/roveyayinevi.com.tr\/index.php\/urun\/paranin-sosyal-yasami\/"},"modified":"2026-04-16T03:14:57","modified_gmt":"2026-04-16T00:14:57","slug":"paranin-sosyal-yasami","status":"publish","type":"product","link":"https:\/\/roveyayinevi.com.tr\/index.php\/urun\/paranin-sosyal-yasami\/","title":{"rendered":"Paran\u0131n Sosyal Ya\u015fam\u0131"},"content":{"rendered":"<p>Paran\u0131n dog\u0306as\u0131na ilis\u0327kin sorular, ku\u0308resel mali krizin ard\u0131ndan yeni bir aciliyet kazand\u0131. Yerel para birimlerinden sosyal kredilere, mobil paradan Bitcoin\u2019e kadar pek c\u0327ok para bic\u0327imi ve sistemi gelis\u0327ti ancak paran\u0131n ne oldug\u0306una ve ne olabileceg\u0306ine dair anlay\u0131s\u0327\u0131m\u0131z ayn\u0131 h\u0131zda gelis\u0327medi. Gu\u0308nu\u0308mu\u0308zu\u0308n o\u0308nde gelen para sosyologlar\u0131ndan biri olan Nigel Dodd, Paran\u0131n Sosyal Yas\u0327am\u0131 kitab\u0131nda, yeni para tu\u0308rlerinin h\u0131zla c\u0327og\u0306ald\u0131g\u0306\u0131 kriz sonras\u0131 du\u0308nya ic\u0327in o\u0308zne teorisini yeniden formu\u0308le ediyor. Para basan ve politika belirleyen merkez bankalar\u0131n\u0131n mes\u0327ru eylemleri nelerdir? Hu\u0308ku\u0308met d\u0131s\u0327\u0131 akto\u0308rlerin yeni para birimleri yaratma hakk\u0131n\u0131n temeli nedir? Ve yeni para bic\u0327imleri devletin onaylad\u0131g\u0306\u0131 para birimlerini nas\u0131l as\u0327abilir veya altu\u0308st edebilir? Bu tu\u0308r sorular\u0131 yan\u0131tlamak ic\u0327in Paran\u0131n Sosyal Yas\u0327am\u0131, modern para teorilerine yeni ve genis\u0327 kapsaml\u0131 bir bak\u0131s\u0327 sunuyor. Kitap ayr\u0131ca daha o\u0308nce para teorisyeni olarak du\u0308s\u0327u\u0308nu\u0308lmeyen Nietzsche, Benjamin, Bataille, Deleuze ve Guattari, Baudrillard, Derrida ve Hardt ve Negri gibi du\u0308s\u0327u\u0308nu\u0308rlerin katk\u0131lar\u0131n\u0131 da tan\u0131ml\u0131yor. Nigel Dodd, Paran\u0131n Sosyal Yas\u0327am\u0131 ile para hakk\u0131nda sadece onu anlamakla kalmay\u0131p deg\u0306is\u0327tirmeyi de amac\u0327layan yeni du\u0308s\u0327u\u0308nme yollar\u0131 sag\u0306l\u0131yor.<\/p>\n","protected":false},"excerpt":{"rendered":"<p>Paran\u0131n dog\u0306as\u0131na ilis\u0327kin sorular, ku\u0308resel mali krizin ard\u0131ndan yeni bir aciliyet kazand\u0131. Yerel para birimlerinden sosyal kredilere, mobil paradan Bitcoin\u2019e kadar pek c\u0327ok para bic\u0327imi ve<span class=\"excerpt-hellip\"> [\u2026]<\/span><\/p>\n","protected":false},"featured_media":0,"template":"","meta":{"_monsterinsights_skip_tracking":false,"_monsterinsights_sitenote_active":false,"_monsterinsights_sitenote_note":"","_monsterinsights_sitenote_category":0},"product_brand":[],"product_cat":[13043],"product_tag":[],"class_list":{"0":"post-761663","1":"product","2":"type-product","3":"status-publish","5":"product_cat-ekonomi","6":"pa_cilt-ciltsiz","7":"pa_tur-kitap","8":"pa_yayinevi-albaraka-yayinlari","9":"pa_yazar-nigel-dodd","11":"first","12":"instock","13":"sale","14":"shipping-taxable","15":"purchasable","16":"product-type-simple"},"_links":{"self":[{"href":"https:\/\/roveyayinevi.com.tr\/index.php\/wp-json\/wp\/v2\/product\/761663","targetHints":{"allow":["GET"]}}],"collection":[{"href":"https:\/\/roveyayinevi.com.tr\/index.php\/wp-json\/wp\/v2\/product"}],"about":[{"href":"https:\/\/roveyayinevi.com.tr\/index.php\/wp-json\/wp\/v2\/types\/product"}],"wp:attachment":[{"href":"https:\/\/roveyayinevi.com.tr\/index.php\/wp-json\/wp\/v2\/media?parent=761663"}],"wp:term":[{"taxonomy":"product_brand","embeddable":true,"href":"https:\/\/roveyayinevi.com.tr\/index.php\/wp-json\/wp\/v2\/product_brand?post=761663"},{"taxonomy":"product_cat","embeddable":true,"href":"https:\/\/roveyayinevi.com.tr\/index.php\/wp-json\/wp\/v2\/product_cat?post=761663"},{"taxonomy":"product_tag","embeddable":true,"href":"https:\/\/roveyayinevi.com.tr\/index.php\/wp-json\/wp\/v2\/product_tag?post=761663"}],"curies":[{"name":"wp","href":"https:\/\/api.w.org\/{rel}","templated":true}]}}