{"id":761660,"date":"2025-08-28T09:44:05","date_gmt":"2025-08-28T06:44:05","guid":{"rendered":"https:\/\/roveyayinevi.com.tr\/index.php\/urun\/anne-allah-nerede\/"},"modified":"2026-04-16T03:14:57","modified_gmt":"2026-04-16T00:14:57","slug":"anne-allah-nerede","status":"publish","type":"product","link":"https:\/\/roveyayinevi.com.tr\/index.php\/urun\/anne-allah-nerede\/","title":{"rendered":"Anne, Allah Nerede?"},"content":{"rendered":"<p>Meva sordu annesine, \u201cAnne, Allah nerede?\u201d diye.  Annesi mutlulukla cevap verdi: \u201cNe harika bir soru bu b\u00f6yle!\u201d \u00c7ocuk Geli\u015fimi Uzman\u0131, Uzman Psikolog Hatice K\u00fcbra Tongar, okul \u00f6ncesi yavrular\u0131m\u0131z\u0131n sordu\u011fu \u201cAllah nerede?\u201d sorusuna \u015fiirsel bir dille, tatl\u0131 m\u0131 tatl\u0131 bir pencere a\u00e7\u0131yor. \u00c7ocuklar\u0131m\u0131z\u0131n Rablerini tan\u0131ma yolculu\u011fu bu sat\u0131rlarla \u00e7i\u00e7ek a\u00e7\u0131yor. <\/p>\n","protected":false},"excerpt":{"rendered":"<p>Meva sordu annesine, \u201cAnne, Allah nerede?\u201d diye. Annesi mutlulukla cevap verdi: \u201cNe harika bir soru bu b\u00f6yle!\u201d \u00c7ocuk Geli\u015fimi Uzman\u0131, Uzman Psikolog Hatice K\u00fcbra Tongar, okul<span class=\"excerpt-hellip\"> [\u2026]<\/span><\/p>\n","protected":false},"featured_media":0,"template":"","meta":{"_monsterinsights_skip_tracking":false,"_monsterinsights_sitenote_active":false,"_monsterinsights_sitenote_note":"","_monsterinsights_sitenote_category":0},"product_brand":[],"product_cat":[12274,12284],"product_tag":[],"class_list":{"0":"post-761660","1":"product","2":"type-product","3":"status-publish","5":"product_cat-cocuk-ve-genclik-kitaplari","6":"product_cat-hikayeler","7":"pa_cilt-ciltsiz","8":"pa_tur-kitap","9":"pa_yayinevi-aile-yayinlari","10":"pa_yazar-hatice-kubra-tongar","12":"first","13":"instock","14":"sale","15":"shipping-taxable","16":"purchasable","17":"product-type-simple"},"_links":{"self":[{"href":"https:\/\/roveyayinevi.com.tr\/index.php\/wp-json\/wp\/v2\/product\/761660","targetHints":{"allow":["GET"]}}],"collection":[{"href":"https:\/\/roveyayinevi.com.tr\/index.php\/wp-json\/wp\/v2\/product"}],"about":[{"href":"https:\/\/roveyayinevi.com.tr\/index.php\/wp-json\/wp\/v2\/types\/product"}],"wp:attachment":[{"href":"https:\/\/roveyayinevi.com.tr\/index.php\/wp-json\/wp\/v2\/media?parent=761660"}],"wp:term":[{"taxonomy":"product_brand","embeddable":true,"href":"https:\/\/roveyayinevi.com.tr\/index.php\/wp-json\/wp\/v2\/product_brand?post=761660"},{"taxonomy":"product_cat","embeddable":true,"href":"https:\/\/roveyayinevi.com.tr\/index.php\/wp-json\/wp\/v2\/product_cat?post=761660"},{"taxonomy":"product_tag","embeddable":true,"href":"https:\/\/roveyayinevi.com.tr\/index.php\/wp-json\/wp\/v2\/product_tag?post=761660"}],"curies":[{"name":"wp","href":"https:\/\/api.w.org\/{rel}","templated":true}]}}