{"id":761659,"date":"2025-08-28T09:44:03","date_gmt":"2025-08-28T06:44:03","guid":{"rendered":"https:\/\/roveyayinevi.com.tr\/index.php\/urun\/allah-ol-deyince\/"},"modified":"2026-01-28T03:50:11","modified_gmt":"2026-01-28T00:50:11","slug":"allah-ol-deyince","status":"publish","type":"product","link":"https:\/\/roveyayinevi.com.tr\/index.php\/urun\/allah-ol-deyince\/","title":{"rendered":"Allah Ol Deyince"},"content":{"rendered":"<p>Biliyor musun, her \u015feyin Allah\u2019\u0131n emrinde oldu\u011funu? Yarat\u0131lan t\u00fcm varl\u0131klar\u0131n Allah\u2019\u0131n izniyle hareket etti\u011fini peki? Evet, minicik bir kar\u0131ncadan kocaman bir gezegene kadar her \u015fey O\u2019nun i\u00e7in, O\u2019nun izniyle hareket eder. Hadi bakal\u0131m, kitab\u0131m\u0131zda neler var neler\u2026 <\/p>\n","protected":false},"excerpt":{"rendered":"<p>Biliyor musun, her \u015feyin Allah\u2019\u0131n emrinde oldu\u011funu? Yarat\u0131lan t\u00fcm varl\u0131klar\u0131n Allah\u2019\u0131n izniyle hareket etti\u011fini peki? Evet, minicik bir kar\u0131ncadan kocaman bir gezegene kadar her \u015fey O\u2019nun<span class=\"excerpt-hellip\"> [\u2026]<\/span><\/p>\n","protected":false},"featured_media":0,"template":"","meta":{"_monsterinsights_skip_tracking":false,"_monsterinsights_sitenote_active":false,"_monsterinsights_sitenote_note":"","_monsterinsights_sitenote_category":0},"product_brand":[],"product_cat":[12274,12284],"product_tag":[],"class_list":{"0":"post-761659","1":"product","2":"type-product","3":"status-publish","5":"product_cat-cocuk-ve-genclik-kitaplari","6":"product_cat-hikayeler","7":"pa_cilt-ciltsiz","8":"pa_tur-kitap","9":"pa_yayinevi-aile-yayinlari","10":"pa_yazar-aslihan-cengiz","12":"first","13":"instock","14":"sale","15":"shipping-taxable","16":"purchasable","17":"product-type-simple"},"_links":{"self":[{"href":"https:\/\/roveyayinevi.com.tr\/index.php\/wp-json\/wp\/v2\/product\/761659","targetHints":{"allow":["GET"]}}],"collection":[{"href":"https:\/\/roveyayinevi.com.tr\/index.php\/wp-json\/wp\/v2\/product"}],"about":[{"href":"https:\/\/roveyayinevi.com.tr\/index.php\/wp-json\/wp\/v2\/types\/product"}],"wp:attachment":[{"href":"https:\/\/roveyayinevi.com.tr\/index.php\/wp-json\/wp\/v2\/media?parent=761659"}],"wp:term":[{"taxonomy":"product_brand","embeddable":true,"href":"https:\/\/roveyayinevi.com.tr\/index.php\/wp-json\/wp\/v2\/product_brand?post=761659"},{"taxonomy":"product_cat","embeddable":true,"href":"https:\/\/roveyayinevi.com.tr\/index.php\/wp-json\/wp\/v2\/product_cat?post=761659"},{"taxonomy":"product_tag","embeddable":true,"href":"https:\/\/roveyayinevi.com.tr\/index.php\/wp-json\/wp\/v2\/product_tag?post=761659"}],"curies":[{"name":"wp","href":"https:\/\/api.w.org\/{rel}","templated":true}]}}