{"id":761655,"date":"2025-08-28T09:43:57","date_gmt":"2025-08-28T06:43:57","guid":{"rendered":"https:\/\/roveyayinevi.com.tr\/index.php\/urun\/kor-ucus\/"},"modified":"2026-04-12T03:18:07","modified_gmt":"2026-04-12T00:18:07","slug":"kor-ucus","status":"publish","type":"product","link":"https:\/\/roveyayinevi.com.tr\/index.php\/urun\/kor-ucus\/","title":{"rendered":"K\u00f6r U\u00e7u\u015f"},"content":{"rendered":"<p>G\u00fcltekin Yazgan   \u201cK\u00f6r U\u00e7u\u015f\u201d, neredeyse y\u00fczy\u0131l \u00f6nce d\u00fcnyaya gelmi\u015f bir \u00e7ocu\u011fun g\u00f6rme duyusunu kaybetmesiyle ba\u015flayan \u201ckrizinin\u201d \u00f6yk\u00fcs\u00fc. Kendi krizini a\u015fmak ve \u00e7\u00f6zmekle yetinmeyen G\u00fcltekin Yazgan\u2019\u0131n bunu ba\u015fkalar\u0131 i\u00e7in f\u0131rsata d\u00f6n\u00fc\u015ft\u00fcrmesinin \u00f6yk\u00fcs\u00fc.   Yeniden okumay\u0131 \u00f6\u011frenmesi, k\u00f6rl\u00fc\u011fe uyum sa\u011flama \u00e7abalar\u0131, \u00fcniversite yolculu\u011fu, yurtd\u0131\u015f\u0131 deneyimleri, avukatl\u0131k-\u00f6\u011fretmenlik ser\u00fcveni, kitap yazma s\u00fcreci, hep \u00f6\u011frenme a\u015fk\u0131yla devam eden hayat\u0131\u2026  On bir ya\u015f\u0131nda k\u00f6r olan ve hayata ger\u00e7ek anlam\u0131yla yeniden ba\u015flayan G\u00fcltekin Yazgan\u2019\u0131n m\u00fccadelesini anlatt\u0131\u011f\u0131 K\u00f6r U\u00e7u\u015f, umutsuz anlar\u0131n\u0131za \u0131\u015f\u0131k olmaya aday bir kitap. <\/p>\n","protected":false},"excerpt":{"rendered":"<p>G\u00fcltekin Yazgan \u201cK\u00f6r U\u00e7u\u015f\u201d, neredeyse y\u00fczy\u0131l \u00f6nce d\u00fcnyaya gelmi\u015f bir \u00e7ocu\u011fun g\u00f6rme duyusunu kaybetmesiyle ba\u015flayan \u201ckrizinin\u201d \u00f6yk\u00fcs\u00fc. Kendi krizini a\u015fmak ve \u00e7\u00f6zmekle yetinmeyen G\u00fcltekin Yazgan\u2019\u0131n bunu<span class=\"excerpt-hellip\"> [\u2026]<\/span><\/p>\n","protected":false},"featured_media":0,"template":"","meta":{"_monsterinsights_skip_tracking":false,"_monsterinsights_sitenote_active":false,"_monsterinsights_sitenote_note":"","_monsterinsights_sitenote_category":0},"product_brand":[],"product_cat":[12364,12376],"product_tag":[],"class_list":{"0":"post-761655","1":"product","2":"type-product","3":"status-publish","5":"product_cat-genel-konular","6":"product_cat-kisisel-gelisim","7":"pa_cilt-ciltsiz","8":"pa_tur-kitap","9":"pa_yayinevi-elma-yayinevi","10":"pa_yazar-gultekin-yazgan","12":"first","13":"instock","14":"sale","15":"shipping-taxable","16":"purchasable","17":"product-type-simple"},"_links":{"self":[{"href":"https:\/\/roveyayinevi.com.tr\/index.php\/wp-json\/wp\/v2\/product\/761655","targetHints":{"allow":["GET"]}}],"collection":[{"href":"https:\/\/roveyayinevi.com.tr\/index.php\/wp-json\/wp\/v2\/product"}],"about":[{"href":"https:\/\/roveyayinevi.com.tr\/index.php\/wp-json\/wp\/v2\/types\/product"}],"wp:attachment":[{"href":"https:\/\/roveyayinevi.com.tr\/index.php\/wp-json\/wp\/v2\/media?parent=761655"}],"wp:term":[{"taxonomy":"product_brand","embeddable":true,"href":"https:\/\/roveyayinevi.com.tr\/index.php\/wp-json\/wp\/v2\/product_brand?post=761655"},{"taxonomy":"product_cat","embeddable":true,"href":"https:\/\/roveyayinevi.com.tr\/index.php\/wp-json\/wp\/v2\/product_cat?post=761655"},{"taxonomy":"product_tag","embeddable":true,"href":"https:\/\/roveyayinevi.com.tr\/index.php\/wp-json\/wp\/v2\/product_tag?post=761655"}],"curies":[{"name":"wp","href":"https:\/\/api.w.org\/{rel}","templated":true}]}}