{"id":761653,"date":"2025-08-28T09:43:54","date_gmt":"2025-08-28T06:43:54","guid":{"rendered":"https:\/\/roveyayinevi.com.tr\/index.php\/urun\/kizil-kralice-2\/"},"modified":"2026-04-16T03:14:56","modified_gmt":"2026-04-16T00:14:56","slug":"kizil-kralice-2","status":"publish","type":"product","link":"https:\/\/roveyayinevi.com.tr\/index.php\/urun\/kizil-kralice-2\/","title":{"rendered":"K\u0131z\u0131l Krali\u00e7e"},"content":{"rendered":"<p>B\u00fcy\u00fck ses getiren pop\u00fcler bilim kitab\u0131 K\u0131z\u0131l Krali\u00e7e\u2019de Matt Ridley, bizi evrimsel psikoloji ve cinsel se\u00e7ilimin karanl\u0131k d\u00fcnyas\u0131na davet ediyor. Aynan\u0131n \u0130\u00e7inden\u2019deki bulundu\u011fu yerde kalabilmek i\u00e7in var g\u00fcc\u00fcyle ko\u015fmas\u0131 gereken k\u0131z\u0131l krali\u00e7eyi metafor olarak kullanan yazar, insan do\u011fas\u0131n\u0131n \u00e7ok az bir par\u00e7as\u0131n\u0131n cinsellikten ayr\u0131 olarak kavranabilece\u011fini savunuyor ve cinsel tutumlar hususunda yeni bir \u00e7er\u00e7eve ortaya koyuyor. K\u0131z\u0131l Krali\u00e7e\u2019de insan\u0131n i\u00e7indeki y\u0131rt\u0131c\u0131 hayvan\u0131 alt edebilmek i\u00e7in cinsellikten nas\u0131l da yararlanabilece\u011fini g\u00f6rmekle kalmay\u0131p ili\u015fkiler, evlilikler, g\u00fczellik anlay\u0131\u015f\u0131 gibi pek \u00e7ok konuda yeni perspektiflerle kar\u015f\u0131la\u015facaks\u0131n\u0131z. \u201cCinsellik ve evrimin nas\u0131llar\u0131yla nedenlerine odaklanan bilimsel \u00e7al\u0131\u015fmalar\u0131n muhte\u015fem bir \u00f6rne\u011fi.\u201d \u2013Independent \u201cN\u00fcktedan ve anla\u015f\u0131l\u0131r, k\u0131\u015fk\u0131rt\u0131c\u0131 varsay\u0131mlarla bezeli m\u00fcthi\u015f bir kitap.\u201d \u2013Wall Street Journal<\/p>\n","protected":false},"excerpt":{"rendered":"<p>B\u00fcy\u00fck ses getiren pop\u00fcler bilim kitab\u0131 K\u0131z\u0131l Krali\u00e7e\u2019de Matt Ridley, bizi evrimsel psikoloji ve cinsel se\u00e7ilimin karanl\u0131k d\u00fcnyas\u0131na davet ediyor. Aynan\u0131n \u0130\u00e7inden\u2019deki bulundu\u011fu yerde kalabilmek i\u00e7in<span class=\"excerpt-hellip\"> [\u2026]<\/span><\/p>\n","protected":false},"featured_media":0,"template":"","meta":{"_monsterinsights_skip_tracking":false,"_monsterinsights_sitenote_active":false,"_monsterinsights_sitenote_note":"","_monsterinsights_sitenote_category":0},"product_brand":[],"product_cat":[13005],"product_tag":[],"class_list":{"0":"post-761653","1":"product","2":"type-product","3":"status-publish","5":"product_cat-bilim-muhendislik","6":"pa_cilt-ciltsiz","7":"pa_tur-kitap","8":"pa_yayinevi-alfa-yayinlari","9":"pa_yazar-matt-ridley","11":"first","12":"instock","13":"sale","14":"shipping-taxable","15":"purchasable","16":"product-type-simple"},"_links":{"self":[{"href":"https:\/\/roveyayinevi.com.tr\/index.php\/wp-json\/wp\/v2\/product\/761653","targetHints":{"allow":["GET"]}}],"collection":[{"href":"https:\/\/roveyayinevi.com.tr\/index.php\/wp-json\/wp\/v2\/product"}],"about":[{"href":"https:\/\/roveyayinevi.com.tr\/index.php\/wp-json\/wp\/v2\/types\/product"}],"wp:attachment":[{"href":"https:\/\/roveyayinevi.com.tr\/index.php\/wp-json\/wp\/v2\/media?parent=761653"}],"wp:term":[{"taxonomy":"product_brand","embeddable":true,"href":"https:\/\/roveyayinevi.com.tr\/index.php\/wp-json\/wp\/v2\/product_brand?post=761653"},{"taxonomy":"product_cat","embeddable":true,"href":"https:\/\/roveyayinevi.com.tr\/index.php\/wp-json\/wp\/v2\/product_cat?post=761653"},{"taxonomy":"product_tag","embeddable":true,"href":"https:\/\/roveyayinevi.com.tr\/index.php\/wp-json\/wp\/v2\/product_tag?post=761653"}],"curies":[{"name":"wp","href":"https:\/\/api.w.org\/{rel}","templated":true}]}}