{"id":761649,"date":"2025-08-28T09:43:45","date_gmt":"2025-08-28T06:43:45","guid":{"rendered":"https:\/\/roveyayinevi.com.tr\/index.php\/urun\/keske-burada-olsaydin\/"},"modified":"2026-04-16T03:14:56","modified_gmt":"2026-04-16T00:14:56","slug":"keske-burada-olsaydin","status":"publish","type":"product","link":"https:\/\/roveyayinevi.com.tr\/index.php\/urun\/keske-burada-olsaydin\/","title":{"rendered":"Ke\u015fke Burada Olsayd\u0131n"},"content":{"rendered":"<p>Sekiz milyar insanla payla\u015ft\u0131\u011f\u0131m\u0131z bu g\u00fczel gezegende ge\u00e7irdi\u011fimiz son y\u0131llar bize ne mi s\u00f6yl\u00fcyor? Hayat siz planlar yaparken ba\u015f\u0131n\u0131za gelenlerdir. Bazen her \u015feyin yoluna girmesi i\u00e7in raydan \u00e7\u0131kmas\u0131 gerekir. Ya\u015famana bak, aksi takdirde elinde plan\u0131n kalacak, hayat\u0131n de\u011fil!   Diana O&#8217;Toole hayat\u0131yla ilgili ideal yol haritas\u0131n\u0131 \u00e7oktan \u00e7izdi.  Otuzuna gelmeden evlenmi\u015f olacak, otuz be\u015fine kadar da anne. New York&#8217;tan ta\u015f\u0131n\u0131p \u015firin bir banliy\u00f6de ya\u015fayacak, kariyeri i\u00e7in de hedefleri belli.  \u0130deal e\u015f aday\u0131yla tan\u0131\u015ft\u0131 bile, Finn bir cerrah ve Galapagos&#8217;a yapacaklar\u0131 romantik ka\u00e7ama\u011f\u0131n tek amac\u0131 var: Unutulmaz bir evlilik teklifi.    Yola \u00e7\u0131kmalar\u0131n\u0131n arifesinde Finn k\u00f6t\u00fc haberi verecek:  \u015eehirde bir sa\u011fl\u0131k krizi var ve hastanede herkes gibi i\u015finin ba\u015f\u0131nda olmak zorunda ama Diana o tatile ikisi ad\u0131na \u00e7\u0131kmal\u0131 \u00e7\u00fcnk\u00fc zaten bir s\u00fcre g\u00f6r\u00fc\u015femeyecekler ve geri \u00f6demesiz seyahatin iptali yaz\u0131k olur.    Diana adaya vard\u0131\u011f\u0131nda kriz san\u0131lan\u0131n, t\u00fcm d\u00fcnyay\u0131 pen\u00e7esine alan pandemi oldu\u011fu anla\u015f\u0131l\u0131yor. R\u00fcya tatil adada ne zaman sonlanaca\u011f\u0131 belli olmayan karantinaya d\u00f6n\u00fc\u015f\u00fcyor.  Diana ilk kez d\u00fcnyan\u0131n geri kalan\u0131ndan izole halde, konfor alan\u0131n\u0131n d\u0131\u015f\u0131na \u00e7\u0131kmak zorunda. Dahas\u0131 karantinada tan\u0131\u015ft\u0131\u011f\u0131 yabanc\u0131lar ili\u015fkilerini, se\u00e7imlerini ve kaderini sorgulamas\u0131na yol a\u00e7acak.    K\u0131z Karde\u015fim \u0130\u00e7in, Cam \u00c7ocuk, K\u00fc\u00e7\u00fck Muazzam \u015eeyler&#8217;in yazar\u0131ndan kriz anlar\u0131nda y\u00fczle\u015fti\u011fimiz ger\u00e7ek benli\u011fimize, a\u015fka ve tercihlere dair unutulmaz bir roman.    Jodi Picoult bir kez daha karanl\u0131\u011f\u0131n i\u00e7inden ge\u00e7ip \u0131\u015f\u0131\u011f\u0131 bulma konusunda usta oldu\u011funu kan\u0131tl\u0131yor. Ke\u015fke Burada Olsayd\u0131n, insan ruhunun direncini ve zaferini b\u00fcy\u00fcleyici bir dille anlat\u0131yor.  Taylor Jenkins Reid Ke\u015fke Burada Olsayd\u0131n, \u00e7ok katmanl\u0131 ve \u00f6zg\u00fcn karakterleriyle Picoult&#8217;nun neden bu kadar \u00e7ok sevildi\u011fini hepimize bir kez daha hat\u0131rlat\u0131yor, korku kar\u015f\u0131s\u0131nda cesaretimizin s\u0131n\u0131rlar\u0131n\u0131 sorguluyor. Magic Radio Book Club Jodi Picoult romanlar\u0131yla hem kalbinize dokunmay\u0131 hem de zihninizi geni\u015fletmeyi bilen o nadir, milyonda bir g\u00f6r\u00fclen yazarlardan. Bu romanda da yine bilge, yine \u015fa\u015f\u0131rt\u0131c\u0131 ve yine ola\u011fan\u00fcst\u00fc.Emily Henry Ke\u015fke Burada Olsayd\u0131n&#8217;da Jodi Picoult muhte\u015fem bir \u015fey yap\u0131yor, s\u0131rad\u0131\u015f\u0131 duygular\u0131 ustal\u0131kla g\u00fcn y\u00fcz\u00fcne \u00e7\u0131kar\u0131yor. Sabah\u0131n \u00fc\u00e7\u00fcnde bitirip sonra tekrar ba\u015ftan okumaya ba\u015flad\u0131m! Caroline Leavitt   Goodreads Okur \u00d6d\u00fclleri Finalisti  <\/p>\n","protected":false},"excerpt":{"rendered":"<p>Sekiz milyar insanla payla\u015ft\u0131\u011f\u0131m\u0131z bu g\u00fczel gezegende ge\u00e7irdi\u011fimiz son y\u0131llar bize ne mi s\u00f6yl\u00fcyor? Hayat siz planlar yaparken ba\u015f\u0131n\u0131za gelenlerdir. Bazen her \u015feyin yoluna girmesi i\u00e7in<span class=\"excerpt-hellip\"> [\u2026]<\/span><\/p>\n","protected":false},"featured_media":0,"template":"","meta":{"_monsterinsights_skip_tracking":false,"_monsterinsights_sitenote_active":false,"_monsterinsights_sitenote_note":"","_monsterinsights_sitenote_category":0},"product_brand":[],"product_cat":[12291,12711],"product_tag":[],"class_list":{"0":"post-761649","1":"product","2":"type-product","3":"status-publish","5":"product_cat-edebiyat","6":"product_cat-roman-oyku","7":"pa_cilt-ciltsiz","8":"pa_tur-kitap","9":"pa_yayinevi-april-yayincilik","10":"pa_yazar-jodi-picoult","12":"first","13":"instock","14":"sale","15":"shipping-taxable","16":"purchasable","17":"product-type-simple"},"_links":{"self":[{"href":"https:\/\/roveyayinevi.com.tr\/index.php\/wp-json\/wp\/v2\/product\/761649","targetHints":{"allow":["GET"]}}],"collection":[{"href":"https:\/\/roveyayinevi.com.tr\/index.php\/wp-json\/wp\/v2\/product"}],"about":[{"href":"https:\/\/roveyayinevi.com.tr\/index.php\/wp-json\/wp\/v2\/types\/product"}],"wp:attachment":[{"href":"https:\/\/roveyayinevi.com.tr\/index.php\/wp-json\/wp\/v2\/media?parent=761649"}],"wp:term":[{"taxonomy":"product_brand","embeddable":true,"href":"https:\/\/roveyayinevi.com.tr\/index.php\/wp-json\/wp\/v2\/product_brand?post=761649"},{"taxonomy":"product_cat","embeddable":true,"href":"https:\/\/roveyayinevi.com.tr\/index.php\/wp-json\/wp\/v2\/product_cat?post=761649"},{"taxonomy":"product_tag","embeddable":true,"href":"https:\/\/roveyayinevi.com.tr\/index.php\/wp-json\/wp\/v2\/product_tag?post=761649"}],"curies":[{"name":"wp","href":"https:\/\/api.w.org\/{rel}","templated":true}]}}