{"id":761646,"date":"2025-08-28T09:43:38","date_gmt":"2025-08-28T06:43:38","guid":{"rendered":"https:\/\/roveyayinevi.com.tr\/index.php\/urun\/2-a\/"},"modified":"2026-04-16T03:14:56","modified_gmt":"2026-04-16T00:14:56","slug":"2-a","status":"publish","type":"product","link":"https:\/\/roveyayinevi.com.tr\/index.php\/urun\/2-a\/","title":{"rendered":"2 A"},"content":{"rendered":"<p>Allah&#8217;\u0131n kullar\u0131na bah\u015fetti\u011fi en g\u00fczel duygunun ad\u0131 sevgidir. Di\u011fer t\u00fcm hasletler sevgiden beslendi\u011fi kadar anlam ve de\u011fer kazan\u0131r. Bu kitapta t\u00fcm g\u00fczelliklerin \u00f6z\u00fc olan sevginin, en yal\u0131n haliyle kaleme yans\u0131mas\u0131n\u0131 bulacaks\u0131n\u0131z. \u0130yi okumalar\u2026 <\/p>\n","protected":false},"excerpt":{"rendered":"<p>Allah&#8217;\u0131n kullar\u0131na bah\u015fetti\u011fi en g\u00fczel duygunun ad\u0131 sevgidir. Di\u011fer t\u00fcm hasletler sevgiden beslendi\u011fi kadar anlam ve de\u011fer kazan\u0131r. Bu kitapta t\u00fcm g\u00fczelliklerin \u00f6z\u00fc olan sevginin, en<span class=\"excerpt-hellip\"> [\u2026]<\/span><\/p>\n","protected":false},"featured_media":0,"template":"","meta":{"_monsterinsights_skip_tracking":false,"_monsterinsights_sitenote_active":false,"_monsterinsights_sitenote_note":"","_monsterinsights_sitenote_category":0},"product_brand":[],"product_cat":[12291,12711],"product_tag":[],"class_list":{"0":"post-761646","1":"product","2":"type-product","3":"status-publish","5":"product_cat-edebiyat","6":"product_cat-roman-oyku","7":"pa_cilt-ciltsiz","8":"pa_tur-kitap","9":"pa_yayinevi-iye-kitap","10":"pa_yazar-asim-ismailoglu","12":"first","13":"instock","14":"sale","15":"shipping-taxable","16":"purchasable","17":"product-type-simple"},"_links":{"self":[{"href":"https:\/\/roveyayinevi.com.tr\/index.php\/wp-json\/wp\/v2\/product\/761646","targetHints":{"allow":["GET"]}}],"collection":[{"href":"https:\/\/roveyayinevi.com.tr\/index.php\/wp-json\/wp\/v2\/product"}],"about":[{"href":"https:\/\/roveyayinevi.com.tr\/index.php\/wp-json\/wp\/v2\/types\/product"}],"wp:attachment":[{"href":"https:\/\/roveyayinevi.com.tr\/index.php\/wp-json\/wp\/v2\/media?parent=761646"}],"wp:term":[{"taxonomy":"product_brand","embeddable":true,"href":"https:\/\/roveyayinevi.com.tr\/index.php\/wp-json\/wp\/v2\/product_brand?post=761646"},{"taxonomy":"product_cat","embeddable":true,"href":"https:\/\/roveyayinevi.com.tr\/index.php\/wp-json\/wp\/v2\/product_cat?post=761646"},{"taxonomy":"product_tag","embeddable":true,"href":"https:\/\/roveyayinevi.com.tr\/index.php\/wp-json\/wp\/v2\/product_tag?post=761646"}],"curies":[{"name":"wp","href":"https:\/\/api.w.org\/{rel}","templated":true}]}}