{"id":761645,"date":"2025-08-28T09:43:35","date_gmt":"2025-08-28T06:43:35","guid":{"rendered":"https:\/\/roveyayinevi.com.tr\/index.php\/urun\/walthare-gumus-su\/"},"modified":"2026-04-16T03:14:56","modified_gmt":"2026-04-16T00:14:56","slug":"walthare-gumus-su","status":"publish","type":"product","link":"https:\/\/roveyayinevi.com.tr\/index.php\/urun\/walthare-gumus-su\/","title":{"rendered":"Walthare \u2013 G\u00fcm\u00fc\u015f su"},"content":{"rendered":"<p>Bamba\u015fka \u00fclkelerin ve birbirinden farkl\u0131 \u0131rklar\u0131n bulundu\u011fu yabanc\u0131 bir gezegenin Walthare isimli \u00fclkesinde ya\u015fayan Kevin, her zamanki gibi g\u00fcne ba\u015flarken ya\u015fad\u0131\u011f\u0131 olaylar hayat\u0131n\u0131 t\u00fcm\u00fcyle de\u011fi\u015ftirir. Walthare\u2019den s\u00fcr\u00fcl\u00fcp biz insanlar\u0131n aras\u0131na g\u00f6nderilen kahraman\u0131m\u0131z, t\u00fcm farkl\u0131l\u0131\u011f\u0131na ra\u011fmen tam bu d\u00fcnyaya ayak uydurabilmi\u015fken ve hayat\u0131n\u0131n a\u015fk\u0131n\u0131 bulmu\u015fken, Hevisterk\u2019in ziyaretiyle bir dizi olaylar tekrar ba\u015flar. Walthare\u2019de ya\u015fanan gizemli olaylar onun su\u00e7suzlu\u011funu ortaya \u00e7\u0131kar\u0131r. Ya\u015fanan yeni geli\u015fmelerden sonra Kevin&#8217;\u0131n  Walthare\u2019ye d\u00f6nmesi gerekti\u011fine karar veren bilgeler onu geri getirmek i\u00e7in yeni planlar yaparlar. Kevin\u2019\u0131n d\u00f6nmesiyle gizemli olaylar\u0131n \u00e7\u00f6z\u00fclece\u011fine inanan bilgeler ve Walthare halk\u0131 hi\u00e7 ummad\u0131klar\u0131 yeni olaylarla kar\u015f\u0131 kar\u015f\u0131ya kal\u0131rlar. <\/p>\n","protected":false},"excerpt":{"rendered":"<p>Bamba\u015fka \u00fclkelerin ve birbirinden farkl\u0131 \u0131rklar\u0131n bulundu\u011fu yabanc\u0131 bir gezegenin Walthare isimli \u00fclkesinde ya\u015fayan Kevin, her zamanki gibi g\u00fcne ba\u015flarken ya\u015fad\u0131\u011f\u0131 olaylar hayat\u0131n\u0131 t\u00fcm\u00fcyle de\u011fi\u015ftirir. Walthare\u2019den<span class=\"excerpt-hellip\"> [\u2026]<\/span><\/p>\n","protected":false},"featured_media":0,"template":"","meta":{"_monsterinsights_skip_tracking":false,"_monsterinsights_sitenote_active":false,"_monsterinsights_sitenote_note":"","_monsterinsights_sitenote_category":0},"product_brand":[],"product_cat":[12291,14777],"product_tag":[],"class_list":{"0":"post-761645","1":"product","2":"type-product","3":"status-publish","5":"product_cat-edebiyat","6":"product_cat-fantastik","7":"pa_cilt-ciltsiz","8":"pa_tur-kitap","9":"pa_yayinevi-us-yayinlari","10":"pa_yazar-esra-can-yildiz","12":"first","13":"instock","14":"sale","15":"shipping-taxable","16":"purchasable","17":"product-type-simple"},"_links":{"self":[{"href":"https:\/\/roveyayinevi.com.tr\/index.php\/wp-json\/wp\/v2\/product\/761645","targetHints":{"allow":["GET"]}}],"collection":[{"href":"https:\/\/roveyayinevi.com.tr\/index.php\/wp-json\/wp\/v2\/product"}],"about":[{"href":"https:\/\/roveyayinevi.com.tr\/index.php\/wp-json\/wp\/v2\/types\/product"}],"wp:attachment":[{"href":"https:\/\/roveyayinevi.com.tr\/index.php\/wp-json\/wp\/v2\/media?parent=761645"}],"wp:term":[{"taxonomy":"product_brand","embeddable":true,"href":"https:\/\/roveyayinevi.com.tr\/index.php\/wp-json\/wp\/v2\/product_brand?post=761645"},{"taxonomy":"product_cat","embeddable":true,"href":"https:\/\/roveyayinevi.com.tr\/index.php\/wp-json\/wp\/v2\/product_cat?post=761645"},{"taxonomy":"product_tag","embeddable":true,"href":"https:\/\/roveyayinevi.com.tr\/index.php\/wp-json\/wp\/v2\/product_tag?post=761645"}],"curies":[{"name":"wp","href":"https:\/\/api.w.org\/{rel}","templated":true}]}}