{"id":761642,"date":"2025-08-28T09:43:29","date_gmt":"2025-08-28T06:43:29","guid":{"rendered":"https:\/\/roveyayinevi.com.tr\/index.php\/urun\/acgozlu-aslan-ile-sefkatli-fare\/"},"modified":"2026-04-16T03:14:56","modified_gmt":"2026-04-16T00:14:56","slug":"acgozlu-aslan-ile-sefkatli-fare","status":"publish","type":"product","link":"https:\/\/roveyayinevi.com.tr\/index.php\/urun\/acgozlu-aslan-ile-sefkatli-fare\/","title":{"rendered":"A\u00e7g\u00f6zl\u00fc Aslan ile \u015eefkatli Fare"},"content":{"rendered":"<p>Ezop Masallar\u0131, ritmik ve kafiyeli anlat\u0131m\u0131, e\u011flenceli \u00e7izimleri ve etkile\u015fimli etkinlik sayfalar\u0131yla yeniden \u00e7ocuklarla bulu\u015fuyor. Bar\u0131\u015f\u00e7\u0131l ve arkada\u015f canl\u0131s\u0131 bir ya\u015fam s\u00fcren orman sakinleri, bir g\u00fcn yeni bir kom\u015fuyla kar\u015f\u0131la\u015f\u0131r: A\u00e7g\u00f6zl\u00fc Aslan. Bu iri ve g\u00fc\u00e7l\u00fc Aslan, orman\u0131 ele ge\u00e7irip her \u015feye sahip olmak istemektedir. Orman sakinleri, \u015eefkatli Fare\u2019nin yard\u0131m\u0131yla harekete ge\u00e7erler ve Aslan\u2019\u0131 bu fikrinden vazge\u00e7irmeyi denerler. Acaba Fare ve dostlar\u0131 ba\u015far\u0131ya ula\u015fabilecekler mi? <\/p>\n","protected":false},"excerpt":{"rendered":"<p>Ezop Masallar\u0131, ritmik ve kafiyeli anlat\u0131m\u0131, e\u011flenceli \u00e7izimleri ve etkile\u015fimli etkinlik sayfalar\u0131yla yeniden \u00e7ocuklarla bulu\u015fuyor. Bar\u0131\u015f\u00e7\u0131l ve arkada\u015f canl\u0131s\u0131 bir ya\u015fam s\u00fcren orman sakinleri, bir g\u00fcn<span class=\"excerpt-hellip\"> [\u2026]<\/span><\/p>\n","protected":false},"featured_media":0,"template":"","meta":{"_monsterinsights_skip_tracking":false,"_monsterinsights_sitenote_active":false,"_monsterinsights_sitenote_note":"","_monsterinsights_sitenote_category":0},"product_brand":[],"product_cat":[12274,12284],"product_tag":[],"class_list":{"0":"post-761642","1":"product","2":"type-product","3":"status-publish","5":"product_cat-cocuk-ve-genclik-kitaplari","6":"product_cat-hikayeler","7":"pa_cilt-ciltsiz","8":"pa_tur-kitap","9":"pa_yayinevi-is-bankasi-kultur-yayinlari","10":"pa_yazar-ridvan-salih","12":"first","13":"instock","14":"sale","15":"shipping-taxable","16":"purchasable","17":"product-type-simple"},"_links":{"self":[{"href":"https:\/\/roveyayinevi.com.tr\/index.php\/wp-json\/wp\/v2\/product\/761642","targetHints":{"allow":["GET"]}}],"collection":[{"href":"https:\/\/roveyayinevi.com.tr\/index.php\/wp-json\/wp\/v2\/product"}],"about":[{"href":"https:\/\/roveyayinevi.com.tr\/index.php\/wp-json\/wp\/v2\/types\/product"}],"wp:attachment":[{"href":"https:\/\/roveyayinevi.com.tr\/index.php\/wp-json\/wp\/v2\/media?parent=761642"}],"wp:term":[{"taxonomy":"product_brand","embeddable":true,"href":"https:\/\/roveyayinevi.com.tr\/index.php\/wp-json\/wp\/v2\/product_brand?post=761642"},{"taxonomy":"product_cat","embeddable":true,"href":"https:\/\/roveyayinevi.com.tr\/index.php\/wp-json\/wp\/v2\/product_cat?post=761642"},{"taxonomy":"product_tag","embeddable":true,"href":"https:\/\/roveyayinevi.com.tr\/index.php\/wp-json\/wp\/v2\/product_tag?post=761642"}],"curies":[{"name":"wp","href":"https:\/\/api.w.org\/{rel}","templated":true}]}}