{"id":761640,"date":"2025-08-28T09:43:24","date_gmt":"2025-08-28T06:43:24","guid":{"rendered":"https:\/\/roveyayinevi.com.tr\/index.php\/urun\/en-iyi-kiz-kardesler\/"},"modified":"2026-04-16T03:14:56","modified_gmt":"2026-04-16T00:14:56","slug":"en-iyi-kiz-kardesler","status":"publish","type":"product","link":"https:\/\/roveyayinevi.com.tr\/index.php\/urun\/en-iyi-kiz-kardesler\/","title":{"rendered":"En \u0130yi K\u0131z Karde\u015fler"},"content":{"rendered":"<p>En iyi k\u0131z karde\u015flerle tatil e\u011flencesi ba\u015fl\u0131yor! Ece ile Ada, Paskalya tatilinde \u0130talya\u2019ya do\u011fru yola \u00e7\u0131kacaklar\u0131 i\u00e7in \u00e7ok heyecanl\u0131lar. Ancak tav\u015fanlar\u0131 Lapa ile \u00c7apa\u2019y\u0131 evde b\u0131rakmak istemiyorlar. Bu nedenle bir plan yap\u0131p tav\u015fanlar\u0131 gizlice arabaya ta\u015f\u0131d\u0131lar ve tatil ba\u015flam\u0131\u015f oldu. Tatil boyunca kumsalda hazine aramaktan komik bir kitap yazmaya kadar neler yapt\u0131lar neler! \u0130ki k\u0131z karde\u015fin e\u011flenceli maceralar\u0131na haz\u0131r m\u0131s\u0131n\u0131z? <\/p>\n","protected":false},"excerpt":{"rendered":"<p>En iyi k\u0131z karde\u015flerle tatil e\u011flencesi ba\u015fl\u0131yor! Ece ile Ada, Paskalya tatilinde \u0130talya\u2019ya do\u011fru yola \u00e7\u0131kacaklar\u0131 i\u00e7in \u00e7ok heyecanl\u0131lar. Ancak tav\u015fanlar\u0131 Lapa ile \u00c7apa\u2019y\u0131 evde b\u0131rakmak<span class=\"excerpt-hellip\"> [\u2026]<\/span><\/p>\n","protected":false},"featured_media":0,"template":"","meta":{"_monsterinsights_skip_tracking":false,"_monsterinsights_sitenote_active":false,"_monsterinsights_sitenote_note":"","_monsterinsights_sitenote_category":0},"product_brand":[],"product_cat":[12274],"product_tag":[],"class_list":{"0":"post-761640","1":"product","2":"type-product","3":"status-publish","5":"product_cat-cocuk-ve-genclik-kitaplari","6":"pa_cilt-ciltsiz","7":"pa_tur-kitap","8":"pa_yayinevi-is-bankasi-kultur-yayinlari","9":"pa_yazar-sarah-welk","11":"first","12":"instock","13":"sale","14":"shipping-taxable","15":"purchasable","16":"product-type-simple"},"_links":{"self":[{"href":"https:\/\/roveyayinevi.com.tr\/index.php\/wp-json\/wp\/v2\/product\/761640","targetHints":{"allow":["GET"]}}],"collection":[{"href":"https:\/\/roveyayinevi.com.tr\/index.php\/wp-json\/wp\/v2\/product"}],"about":[{"href":"https:\/\/roveyayinevi.com.tr\/index.php\/wp-json\/wp\/v2\/types\/product"}],"wp:attachment":[{"href":"https:\/\/roveyayinevi.com.tr\/index.php\/wp-json\/wp\/v2\/media?parent=761640"}],"wp:term":[{"taxonomy":"product_brand","embeddable":true,"href":"https:\/\/roveyayinevi.com.tr\/index.php\/wp-json\/wp\/v2\/product_brand?post=761640"},{"taxonomy":"product_cat","embeddable":true,"href":"https:\/\/roveyayinevi.com.tr\/index.php\/wp-json\/wp\/v2\/product_cat?post=761640"},{"taxonomy":"product_tag","embeddable":true,"href":"https:\/\/roveyayinevi.com.tr\/index.php\/wp-json\/wp\/v2\/product_tag?post=761640"}],"curies":[{"name":"wp","href":"https:\/\/api.w.org\/{rel}","templated":true}]}}