{"id":761639,"date":"2025-08-28T09:43:22","date_gmt":"2025-08-28T06:43:22","guid":{"rendered":"https:\/\/roveyayinevi.com.tr\/index.php\/urun\/cesaret-5\/"},"modified":"2026-04-16T03:14:56","modified_gmt":"2026-04-16T00:14:56","slug":"cesaret-5","status":"publish","type":"product","link":"https:\/\/roveyayinevi.com.tr\/index.php\/urun\/cesaret-5\/","title":{"rendered":"Cesaret"},"content":{"rendered":"<p>Baz\u0131 hik\u00e2yeler maceralar\u0131 anlat\u0131r. . . Baz\u0131 hik\u00e2yeler kahramanlar\u0131. . . Baz\u0131lar\u0131 da \u00f6rdekleri. . . Bu hik\u00e2ye ise yukar\u0131dakilerin hepsinin hik\u00e2yesidir. Calla North ve annesi Elizabeth birlikte sakin ama mutlu bir hayat ya\u015famaktad\u0131r. Elizabeth \u00f6rdekler konusunda d\u00fcnyan\u0131n \u00f6nde gelen uzmanlar\u0131ndan biridir. Bir g\u00fcn, Elizabeth\u2019e cazip bir i\u015f teklifi gelir. Elizabeth, iyi bir \u00fccret kar\u015f\u0131l\u0131\u011f\u0131 Amazon Havzas\u0131\u2019na seyahat etme ve \u00e7ok \u00f6zel bir \u00f6rdek hakk\u0131nda ara\u015ft\u0131rma yapma f\u0131rsat\u0131 bulacakt\u0131r. Annesi Amazon\u2019a do\u011fru yola \u00e7\u0131kt\u0131\u011f\u0131nda Calla, eskiden annesinin de \u00f6\u011frencisi oldu\u011fu, s\u0131ra d\u0131\u015f\u0131 bir yat\u0131l\u0131 okula g\u00f6nderilir. Burada annesinin u\u00e7a\u011f\u0131n\u0131n kayboldu\u011funu \u00f6\u011frenince, i\u00e7 i\u00e7e ge\u00e7en olaylar zinciri, Calla\u2019y\u0131 ba\u015f d\u00f6nd\u00fcr\u00fcc\u00fc bir maceran\u0131n kahramanlar\u0131ndan biri haline getirir. Zorluklarla birlikte ba\u015f etmenin g\u00fcc\u00fcne ve cesaretin ger\u00e7ek anlam\u0131na dair heyecan dolu bir hik\u00e2ye. <\/p>\n","protected":false},"excerpt":{"rendered":"<p>Baz\u0131 hik\u00e2yeler maceralar\u0131 anlat\u0131r. . . Baz\u0131 hik\u00e2yeler kahramanlar\u0131. . . Baz\u0131lar\u0131 da \u00f6rdekleri. . . Bu hik\u00e2ye ise yukar\u0131dakilerin hepsinin hik\u00e2yesidir. Calla North ve annesi<span class=\"excerpt-hellip\"> [\u2026]<\/span><\/p>\n","protected":false},"featured_media":0,"template":"","meta":{"_monsterinsights_skip_tracking":false,"_monsterinsights_sitenote_active":false,"_monsterinsights_sitenote_note":"","_monsterinsights_sitenote_category":0},"product_brand":[],"product_cat":[12274,12284],"product_tag":[],"class_list":{"0":"post-761639","1":"product","2":"type-product","3":"status-publish","5":"product_cat-cocuk-ve-genclik-kitaplari","6":"product_cat-hikayeler","7":"pa_cilt-ciltsiz","8":"pa_tur-kitap","9":"pa_yayinevi-is-bankasi-kultur-yayinlari","10":"pa_yazar-daisy-may-johnson","12":"first","13":"instock","14":"sale","15":"shipping-taxable","16":"purchasable","17":"product-type-simple"},"_links":{"self":[{"href":"https:\/\/roveyayinevi.com.tr\/index.php\/wp-json\/wp\/v2\/product\/761639","targetHints":{"allow":["GET"]}}],"collection":[{"href":"https:\/\/roveyayinevi.com.tr\/index.php\/wp-json\/wp\/v2\/product"}],"about":[{"href":"https:\/\/roveyayinevi.com.tr\/index.php\/wp-json\/wp\/v2\/types\/product"}],"wp:attachment":[{"href":"https:\/\/roveyayinevi.com.tr\/index.php\/wp-json\/wp\/v2\/media?parent=761639"}],"wp:term":[{"taxonomy":"product_brand","embeddable":true,"href":"https:\/\/roveyayinevi.com.tr\/index.php\/wp-json\/wp\/v2\/product_brand?post=761639"},{"taxonomy":"product_cat","embeddable":true,"href":"https:\/\/roveyayinevi.com.tr\/index.php\/wp-json\/wp\/v2\/product_cat?post=761639"},{"taxonomy":"product_tag","embeddable":true,"href":"https:\/\/roveyayinevi.com.tr\/index.php\/wp-json\/wp\/v2\/product_tag?post=761639"}],"curies":[{"name":"wp","href":"https:\/\/api.w.org\/{rel}","templated":true}]}}