{"id":761638,"date":"2025-08-28T09:43:21","date_gmt":"2025-08-28T06:43:21","guid":{"rendered":"https:\/\/roveyayinevi.com.tr\/index.php\/urun\/eski-cagda-yakindogu-m-o-3000-330-citli\/"},"modified":"2026-04-16T03:14:56","modified_gmt":"2026-04-16T00:14:56","slug":"eski-cagda-yakindogu-m-o-3000-330-citli","status":"publish","type":"product","link":"https:\/\/roveyayinevi.com.tr\/index.php\/urun\/eski-cagda-yakindogu-m-o-3000-330-citli\/","title":{"rendered":"Eski \u00c7a\u011f&#8217;da Yak\u0131ndo\u011fu (M.\u00d6. 3000-330) (Citli)"},"content":{"rendered":"<p>\u201cAm\u00e9lie Kuhrt\u2019un \u00e7al\u0131\u015fmas\u0131n\u0131n muazzam geni\u015fli\u011fi ve derinli\u011fi, en kar\u0131\u015f\u0131k d\u00f6nemleri bile ayd\u0131nlatabilme ve hem kaynak sorunlar\u0131n\u0131 hem de bilimsel anla\u015fmazl\u0131klar\u0131 metnine ustal\u0131kla dahil edebilme becerisi ve anla\u015f\u0131l\u0131r d\u00fczyaz\u0131s\u0131 bu kitab\u0131 okumay\u0131 bir zevk haline getiriyor&#8230; Kuhrt, d\u00fcnya tarihi alan\u0131n\u0131n parametrelerini geni\u015fletti.\u201d Amerikan Tarih Derne\u011fi James Henry Breasted \u00d6d\u00fcl\u00fc Komitesi, \u0130ngilizce yaz\u0131lm\u0131\u015f en iyi tarih kitab\u0131 \u00f6d\u00fcl\u00fc, 1997. Am\u00e9lie Kuhrt\u2019un do\u011fuda \u0130ran ve Afganistan\u2019dan bat\u0131da Do\u011fu Akdeniz ve Anadolu\u2019ya, kuzeyde Karadeniz\u2019den g\u00fcneyde M\u0131s\u0131r\u2019a kadar uzanan geni\u015f bir co\u011frafi alan\u0131n yakla\u015f\u0131k \u00fc\u00e7 bin y\u0131ll\u0131k tarihini inceledi\u011fi bu eser, kendi alan\u0131ndaki en \u00f6nemli ba\u015fvuru kaynaklar\u0131ndan biri, belki de birincisidir. En eski yaz\u0131l\u0131 belgeler ile B\u00fcy\u00fck \u0130skender\u2019in fetihleri aras\u0131nda kalan bu uzun ve insanl\u0131k tarihi a\u00e7\u0131s\u0131ndan can al\u0131c\u0131 d\u00f6nemi, son arkeolojik bulgulara, metin \u00e7\u00f6z\u00fcmlemelerine, eksiksiz denebilecek bir bibliyografyaya dayanarak anlatan Kuhrt, ayr\u0131ca \u00e7e\u015fitli yorum ve metodoloji sorunlar\u0131n\u0131 da mercek alt\u0131na al\u0131yor. Daha \u00f6nce iki cilt halinde bas\u0131lan bu eser, tarih b\u00f6l\u00fcm\u00fc \u00f6\u011frencileri i\u00e7in oldu\u011fu kadar, \u00fczerinde ya\u015fad\u0131\u011f\u0131m\u0131z topraklar\u0131n ve b\u00f6lgenin, Mezopotamya\u2019n\u0131n, Hititler\u2019in, M\u0131s\u0131r\u2019\u0131n ve daha bir\u00e7ok uygarl\u0131\u011f\u0131n tarihi hakk\u0131nda bilgilenmek isteyen okurlar i\u00e7in de vazge\u00e7ilmez bir ba\u015fvuru kayna\u011f\u0131. \u201cBak\u0131\u015f a\u00e7\u0131s\u0131ndaki geni\u015flik, bu eseri konuyla ilgili t\u00fcm dillerde bas\u0131lm\u0131\u015f kitaplar aras\u0131nda benzersiz bir yere oturtuyor. Ayr\u0131ca, bilgilendirme a\u00e7\u0131s\u0131ndan \u00e7ok b\u00fcy\u00fck bir de\u011fere sahip olan bu \u00e7al\u0131\u015fma, hem okunmas\u0131 hem de ba\u015fvurulmas\u0131 \u00e7ok kolay bir kaynak.\u201d            Pierre Briant, Toulouse \u00dcniversitesi \u201cBu harikulade kitap, hat\u0131r\u0131 say\u0131l\u0131r karma\u015f\u0131kl\u0131ktaki bir konuda yap\u0131lm\u0131\u015f ve geni\u015f bir kaynak\u00e7a ile bir\u00e7ok dipnotun e\u015flik etti\u011fi \u00fcst d\u00fczey akademik bir \u00e7al\u0131\u015fman\u0131n gayet rahat bir \u015fekilde okunabilece\u011fini de kan\u0131tl\u0131yor. Bu dev eserin, kapsad\u0131\u011f\u0131 alan, akademik d\u00fczey ve yorumlama g\u00fcc\u00fc a\u00e7\u0131s\u0131ndan bug\u00fcn bir benzeri daha yok.\u201d                                                                                                 Peter Jones, Literary Review <\/p>\n","protected":false},"excerpt":{"rendered":"<p>\u201cAm\u00e9lie Kuhrt\u2019un \u00e7al\u0131\u015fmas\u0131n\u0131n muazzam geni\u015fli\u011fi ve derinli\u011fi, en kar\u0131\u015f\u0131k d\u00f6nemleri bile ayd\u0131nlatabilme ve hem kaynak sorunlar\u0131n\u0131 hem de bilimsel anla\u015fmazl\u0131klar\u0131 metnine ustal\u0131kla dahil edebilme becerisi ve<span class=\"excerpt-hellip\"> [\u2026]<\/span><\/p>\n","protected":false},"featured_media":0,"template":"","meta":{"_monsterinsights_skip_tracking":false,"_monsterinsights_sitenote_active":false,"_monsterinsights_sitenote_note":"","_monsterinsights_sitenote_category":0},"product_brand":[],"product_cat":[12370,12304],"product_tag":[],"class_list":{"0":"post-761638","1":"product","2":"type-product","3":"status-publish","5":"product_cat-arastirma-inceleme","6":"product_cat-tarih","7":"pa_cilt-ciltli","8":"pa_tur-kitap","9":"pa_yayinevi-is-bankasi-kultur-yayinlari","10":"pa_yazar-amelie-kuhrt","12":"first","13":"instock","14":"sale","15":"shipping-taxable","16":"purchasable","17":"product-type-simple"},"_links":{"self":[{"href":"https:\/\/roveyayinevi.com.tr\/index.php\/wp-json\/wp\/v2\/product\/761638","targetHints":{"allow":["GET"]}}],"collection":[{"href":"https:\/\/roveyayinevi.com.tr\/index.php\/wp-json\/wp\/v2\/product"}],"about":[{"href":"https:\/\/roveyayinevi.com.tr\/index.php\/wp-json\/wp\/v2\/types\/product"}],"wp:attachment":[{"href":"https:\/\/roveyayinevi.com.tr\/index.php\/wp-json\/wp\/v2\/media?parent=761638"}],"wp:term":[{"taxonomy":"product_brand","embeddable":true,"href":"https:\/\/roveyayinevi.com.tr\/index.php\/wp-json\/wp\/v2\/product_brand?post=761638"},{"taxonomy":"product_cat","embeddable":true,"href":"https:\/\/roveyayinevi.com.tr\/index.php\/wp-json\/wp\/v2\/product_cat?post=761638"},{"taxonomy":"product_tag","embeddable":true,"href":"https:\/\/roveyayinevi.com.tr\/index.php\/wp-json\/wp\/v2\/product_tag?post=761638"}],"curies":[{"name":"wp","href":"https:\/\/api.w.org\/{rel}","templated":true}]}}