{"id":761636,"date":"2025-08-28T09:43:17","date_gmt":"2025-08-28T06:43:17","guid":{"rendered":"https:\/\/roveyayinevi.com.tr\/index.php\/urun\/gokyokus\/"},"modified":"2026-04-16T03:14:56","modified_gmt":"2026-04-16T00:14:56","slug":"gokyokus","status":"publish","type":"product","link":"https:\/\/roveyayinevi.com.tr\/index.php\/urun\/gokyokus\/","title":{"rendered":"G\u00f6kyoku\u015f"},"content":{"rendered":"<p>S\u0130TEM G\u00fclibri\u015fim k\u00fcsm\u00fc\u015f yine g\u00fcne\u015fe Neden tez ka\u00e7t\u0131 sevdi\u011fim diye, Usul usul kapand\u0131k\u00e7a kirpikleri O yemye\u015fil kelebekler, yapraklar, Bir sitem esiyordu i\u00e7inden Bir meltem: Sak\u0131n ge\u00e7 kalma, erken gel! <\/p>\n","protected":false},"excerpt":{"rendered":"<p>S\u0130TEM G\u00fclibri\u015fim k\u00fcsm\u00fc\u015f yine g\u00fcne\u015fe Neden tez ka\u00e7t\u0131 sevdi\u011fim diye, Usul usul kapand\u0131k\u00e7a kirpikleri O yemye\u015fil kelebekler, yapraklar, Bir sitem esiyordu i\u00e7inden Bir meltem: Sak\u0131n ge\u00e7<span class=\"excerpt-hellip\"> [\u2026]<\/span><\/p>\n","protected":false},"featured_media":0,"template":"","meta":{"_monsterinsights_skip_tracking":false,"_monsterinsights_sitenote_active":false,"_monsterinsights_sitenote_note":"","_monsterinsights_sitenote_category":0},"product_brand":[],"product_cat":[12291,12509],"product_tag":[],"class_list":{"0":"post-761636","1":"product","2":"type-product","3":"status-publish","5":"product_cat-edebiyat","6":"product_cat-siir","7":"pa_cilt-ciltsiz","8":"pa_tur-kitap","9":"pa_yayinevi-is-bankasi-kultur-yayinlari","10":"pa_yazar-can-yucel","12":"first","13":"instock","14":"sale","15":"shipping-taxable","16":"purchasable","17":"product-type-simple"},"_links":{"self":[{"href":"https:\/\/roveyayinevi.com.tr\/index.php\/wp-json\/wp\/v2\/product\/761636","targetHints":{"allow":["GET"]}}],"collection":[{"href":"https:\/\/roveyayinevi.com.tr\/index.php\/wp-json\/wp\/v2\/product"}],"about":[{"href":"https:\/\/roveyayinevi.com.tr\/index.php\/wp-json\/wp\/v2\/types\/product"}],"wp:attachment":[{"href":"https:\/\/roveyayinevi.com.tr\/index.php\/wp-json\/wp\/v2\/media?parent=761636"}],"wp:term":[{"taxonomy":"product_brand","embeddable":true,"href":"https:\/\/roveyayinevi.com.tr\/index.php\/wp-json\/wp\/v2\/product_brand?post=761636"},{"taxonomy":"product_cat","embeddable":true,"href":"https:\/\/roveyayinevi.com.tr\/index.php\/wp-json\/wp\/v2\/product_cat?post=761636"},{"taxonomy":"product_tag","embeddable":true,"href":"https:\/\/roveyayinevi.com.tr\/index.php\/wp-json\/wp\/v2\/product_tag?post=761636"}],"curies":[{"name":"wp","href":"https:\/\/api.w.org\/{rel}","templated":true}]}}