{"id":761635,"date":"2025-08-28T09:43:15","date_gmt":"2025-08-28T06:43:15","guid":{"rendered":"https:\/\/roveyayinevi.com.tr\/index.php\/urun\/bir-siyasinin-siirleri\/"},"modified":"2026-04-16T03:14:56","modified_gmt":"2026-04-16T00:14:56","slug":"bir-siyasinin-siirleri","status":"publish","type":"product","link":"https:\/\/roveyayinevi.com.tr\/index.php\/urun\/bir-siyasinin-siirleri\/","title":{"rendered":"Bir Siyasinin \u015eiirleri"},"content":{"rendered":"<p>Hayatta ben en \u00e7ok babam\u0131 sevdim. Kara\u00e7al\u0131lar gibi yardanbitme bir \u00e7ocuk \u00c7arp\u0131 bacaklar\u0131yla &#8211; &#8211; ha d\u00fc\u015ft\u00fc, ha d\u00fc\u015fecek &#8211; &#8211;                  Nas\u0131l ko\u015farsa ard\u0131ndan bir devin,                  O \u00e7apk\u0131n babam\u0131 ben \u00f6yle sevdim. (\u2026) <\/p>\n","protected":false},"excerpt":{"rendered":"<p>Hayatta ben en \u00e7ok babam\u0131 sevdim. Kara\u00e7al\u0131lar gibi yardanbitme bir \u00e7ocuk \u00c7arp\u0131 bacaklar\u0131yla &#8211; &#8211; ha d\u00fc\u015ft\u00fc, ha d\u00fc\u015fecek &#8211; &#8211; Nas\u0131l ko\u015farsa ard\u0131ndan bir devin,<span class=\"excerpt-hellip\"> [\u2026]<\/span><\/p>\n","protected":false},"featured_media":0,"template":"","meta":{"_monsterinsights_skip_tracking":false,"_monsterinsights_sitenote_active":false,"_monsterinsights_sitenote_note":"","_monsterinsights_sitenote_category":0},"product_brand":[],"product_cat":[12291,12509],"product_tag":[],"class_list":{"0":"post-761635","1":"product","2":"type-product","3":"status-publish","5":"product_cat-edebiyat","6":"product_cat-siir","7":"pa_cilt-ciltsiz","8":"pa_tur-kitap","9":"pa_yayinevi-is-bankasi-kultur-yayinlari","10":"pa_yazar-can-yucel","12":"first","13":"instock","14":"sale","15":"shipping-taxable","16":"purchasable","17":"product-type-simple"},"_links":{"self":[{"href":"https:\/\/roveyayinevi.com.tr\/index.php\/wp-json\/wp\/v2\/product\/761635","targetHints":{"allow":["GET"]}}],"collection":[{"href":"https:\/\/roveyayinevi.com.tr\/index.php\/wp-json\/wp\/v2\/product"}],"about":[{"href":"https:\/\/roveyayinevi.com.tr\/index.php\/wp-json\/wp\/v2\/types\/product"}],"wp:attachment":[{"href":"https:\/\/roveyayinevi.com.tr\/index.php\/wp-json\/wp\/v2\/media?parent=761635"}],"wp:term":[{"taxonomy":"product_brand","embeddable":true,"href":"https:\/\/roveyayinevi.com.tr\/index.php\/wp-json\/wp\/v2\/product_brand?post=761635"},{"taxonomy":"product_cat","embeddable":true,"href":"https:\/\/roveyayinevi.com.tr\/index.php\/wp-json\/wp\/v2\/product_cat?post=761635"},{"taxonomy":"product_tag","embeddable":true,"href":"https:\/\/roveyayinevi.com.tr\/index.php\/wp-json\/wp\/v2\/product_tag?post=761635"}],"curies":[{"name":"wp","href":"https:\/\/api.w.org\/{rel}","templated":true}]}}