{"id":761634,"date":"2025-08-28T09:43:13","date_gmt":"2025-08-28T06:43:13","guid":{"rendered":"https:\/\/roveyayinevi.com.tr\/index.php\/urun\/az-sekerli\/"},"modified":"2026-04-16T03:14:56","modified_gmt":"2026-04-16T00:14:56","slug":"az-sekerli","status":"publish","type":"product","link":"https:\/\/roveyayinevi.com.tr\/index.php\/urun\/az-sekerli\/","title":{"rendered":"Az \u015eekerli"},"content":{"rendered":"<p>\u201cYerimden kalkt\u0131m. Aynaya do\u011fru ilerledim. \u0130ki han\u0131m\u0131n sessizce beni dikizlemelerine ald\u0131r\u0131\u015f etmeden bakt\u0131m. Peri\u015fan bir haldeydim. Y\u00fcz\u00fcm sapsar\u0131yd\u0131. G\u00f6zlerim k\u0131pk\u0131rm\u0131z\u0131. Kenarlar\u0131ndan f\u0131rlayan sa\u00e7lar\u0131m\u0131 toplamak i\u00e7in \u015fapkam\u0131 \u00e7\u0131kar\u0131nca \u015f\u00f6yle parmaklar\u0131mla bir tarasam elimde kalacaklar\u0131n\u0131 sand\u0131m. \u015eapkam\u0131 giyip kenarlardan f\u0131rlayan sa\u00e7lar\u0131 i\u00e7eriye t\u0131kt\u0131m. D\u0131\u015far\u0131 \u00e7\u0131kt\u0131m. Vapur Kad\u0131k\u00f6y\u2019den kalkm\u0131\u015f geliyordu. Haydarpa\u015fa \u0130stasyonu\u2019na bakt\u0131m. Kocaman kap\u0131lar\u0131ndan \u00f6tede k\u0131rm\u0131z\u0131 ye\u015fil fenerli, demiryollu, trenli, yolculu, merakl\u0131, d\u00fc\u015f\u00fcnceli, peri\u015fan, yerini bulmaya \u00e7al\u0131\u015fan bir \u00e2lem vard\u0131. Her g\u00fcn y\u00fczlerce tren binlerce hik\u00e2ye getiriyor, binlerce hik\u00e2ye al\u0131p gidiyordu.\u201d                                                                                                               \u201cHik\u00e2ye Pe\u015finde\u201d adl\u0131 \u00f6yk\u00fcden. <\/p>\n","protected":false},"excerpt":{"rendered":"<p>\u201cYerimden kalkt\u0131m. Aynaya do\u011fru ilerledim. \u0130ki han\u0131m\u0131n sessizce beni dikizlemelerine ald\u0131r\u0131\u015f etmeden bakt\u0131m. Peri\u015fan bir haldeydim. Y\u00fcz\u00fcm sapsar\u0131yd\u0131. G\u00f6zlerim k\u0131pk\u0131rm\u0131z\u0131. Kenarlar\u0131ndan f\u0131rlayan sa\u00e7lar\u0131m\u0131 toplamak i\u00e7in \u015fapkam\u0131<span class=\"excerpt-hellip\"> [\u2026]<\/span><\/p>\n","protected":false},"featured_media":0,"template":"","meta":{"_monsterinsights_skip_tracking":false,"_monsterinsights_sitenote_active":false,"_monsterinsights_sitenote_note":"","_monsterinsights_sitenote_category":0},"product_brand":[],"product_cat":[12291,13872],"product_tag":[],"class_list":{"0":"post-761634","1":"product","2":"type-product","3":"status-publish","5":"product_cat-edebiyat","6":"product_cat-klasikler","7":"pa_cilt-ciltsiz","8":"pa_tur-kitap","9":"pa_yayinevi-is-bankasi-kultur-yayinlari","10":"pa_yazar-sait-faik-abasiyanik","12":"first","13":"instock","14":"sale","15":"shipping-taxable","16":"purchasable","17":"product-type-simple"},"_links":{"self":[{"href":"https:\/\/roveyayinevi.com.tr\/index.php\/wp-json\/wp\/v2\/product\/761634","targetHints":{"allow":["GET"]}}],"collection":[{"href":"https:\/\/roveyayinevi.com.tr\/index.php\/wp-json\/wp\/v2\/product"}],"about":[{"href":"https:\/\/roveyayinevi.com.tr\/index.php\/wp-json\/wp\/v2\/types\/product"}],"wp:attachment":[{"href":"https:\/\/roveyayinevi.com.tr\/index.php\/wp-json\/wp\/v2\/media?parent=761634"}],"wp:term":[{"taxonomy":"product_brand","embeddable":true,"href":"https:\/\/roveyayinevi.com.tr\/index.php\/wp-json\/wp\/v2\/product_brand?post=761634"},{"taxonomy":"product_cat","embeddable":true,"href":"https:\/\/roveyayinevi.com.tr\/index.php\/wp-json\/wp\/v2\/product_cat?post=761634"},{"taxonomy":"product_tag","embeddable":true,"href":"https:\/\/roveyayinevi.com.tr\/index.php\/wp-json\/wp\/v2\/product_tag?post=761634"}],"curies":[{"name":"wp","href":"https:\/\/api.w.org\/{rel}","templated":true}]}}