{"id":761629,"date":"2025-08-28T09:42:55","date_gmt":"2025-08-28T06:42:55","guid":{"rendered":"https:\/\/roveyayinevi.com.tr\/index.php\/urun\/divan-9\/"},"modified":"2026-04-16T03:14:56","modified_gmt":"2026-04-16T00:14:56","slug":"divan-9","status":"publish","type":"product","link":"https:\/\/roveyayinevi.com.tr\/index.php\/urun\/divan-9\/","title":{"rendered":"Divan"},"content":{"rendered":"<p>Nef\u2019\u00ee (\u00f6.1635): Erzurum\u2019un Pasinler il\u00e7esinde do\u011fmu\u015ftur. Babas\u0131 Sar\u0131kam\u0131\u015f sancak beyi Mehmed Bey\u2019dir. D\u00eev\u00e2n edebiyat\u0131n\u0131n en \u00fcnl\u00fc heccav ve methiyecilerinden biri olan Nef\u2019\u00ee\u2019nin as\u0131l ad\u0131 \u00d6mer\u2019dir. T\u00fcrk\u00e7e D\u00eev\u00e2n\u2019\u0131n\u0131n LX. kasidesinden anla\u015f\u0131ld\u0131\u011f\u0131na g\u00f6re \u015faire Nef&#8217;i mahlas\u0131n\u0131 zaman\u0131n ileri gelenlerinden Gelibolulu \u00c2li Bey vermi\u015ftir. I. Ahmed\u2019in saltanat\u0131n\u0131n ilk y\u0131llar\u0131nda \u0130stanbul\u2019a giden Nef\u2019\u00ee bir s\u00fcre devlet hizmetinde \u00e7al\u0131\u015fm\u0131\u015ft\u0131r. IV. Mur\u00e2d devrinde padi\u015faha ve y\u00fcksek makam sahibi devlet adamlar\u0131na yazd\u0131\u011f\u0131 methiyelerle \u015f\u00f6hret kazanan \u015fair, hedef ald\u0131\u011f\u0131 kimi ki\u015fileri s\u00f6vg\u00fcye varan hicivlerle rencide etti\u011fi i\u00e7in giderek g\u00f6zden d\u00fc\u015fm\u00fc\u015f ve bu nedenle idam edilmi\u015ftir. Eserleri kaside, musammat ve k\u0131t\u2019a-i keb\u00eereler, gazel, k\u0131t\u2019a, rubai ve matla\u2019lardan olu\u015fan, methiyelerin \u00f6ne \u00e7\u0131kt\u0131\u011f\u0131 T\u00fcrk\u00e7e D\u00eev\u00e2n, daha \u00e7ok tasavvuf\u00ee a\u015fka dair \u015fiirlerin yer ald\u0131\u011f\u0131 Fars\u00e7a D\u00eev\u00e2n ve hiciv k\u00fclliyat\u0131 olan Sih\u00e2m-\u0131 Kaz\u00e2\u2019d\u0131r.                                                                                                                                               <\/p>\n","protected":false},"excerpt":{"rendered":"<p>Nef\u2019\u00ee (\u00f6.1635): Erzurum\u2019un Pasinler il\u00e7esinde do\u011fmu\u015ftur. Babas\u0131 Sar\u0131kam\u0131\u015f sancak beyi Mehmed Bey\u2019dir. D\u00eev\u00e2n edebiyat\u0131n\u0131n en \u00fcnl\u00fc heccav ve methiyecilerinden biri olan Nef\u2019\u00ee\u2019nin as\u0131l ad\u0131 \u00d6mer\u2019dir. T\u00fcrk\u00e7e<span class=\"excerpt-hellip\"> [\u2026]<\/span><\/p>\n","protected":false},"featured_media":0,"template":"","meta":{"_monsterinsights_skip_tracking":false,"_monsterinsights_sitenote_active":false,"_monsterinsights_sitenote_note":"","_monsterinsights_sitenote_category":0},"product_brand":[],"product_cat":[12291,13872],"product_tag":[],"class_list":{"0":"post-761629","1":"product","2":"type-product","3":"status-publish","5":"product_cat-edebiyat","6":"product_cat-klasikler","7":"pa_cilt-ciltsiz","8":"pa_tur-kitap","9":"pa_yayinevi-is-bankasi-kultur-yayinlari","10":"pa_yazar-nefi","12":"first","13":"instock","14":"sale","15":"shipping-taxable","16":"purchasable","17":"product-type-simple"},"_links":{"self":[{"href":"https:\/\/roveyayinevi.com.tr\/index.php\/wp-json\/wp\/v2\/product\/761629","targetHints":{"allow":["GET"]}}],"collection":[{"href":"https:\/\/roveyayinevi.com.tr\/index.php\/wp-json\/wp\/v2\/product"}],"about":[{"href":"https:\/\/roveyayinevi.com.tr\/index.php\/wp-json\/wp\/v2\/types\/product"}],"wp:attachment":[{"href":"https:\/\/roveyayinevi.com.tr\/index.php\/wp-json\/wp\/v2\/media?parent=761629"}],"wp:term":[{"taxonomy":"product_brand","embeddable":true,"href":"https:\/\/roveyayinevi.com.tr\/index.php\/wp-json\/wp\/v2\/product_brand?post=761629"},{"taxonomy":"product_cat","embeddable":true,"href":"https:\/\/roveyayinevi.com.tr\/index.php\/wp-json\/wp\/v2\/product_cat?post=761629"},{"taxonomy":"product_tag","embeddable":true,"href":"https:\/\/roveyayinevi.com.tr\/index.php\/wp-json\/wp\/v2\/product_tag?post=761629"}],"curies":[{"name":"wp","href":"https:\/\/api.w.org\/{rel}","templated":true}]}}