{"id":761628,"date":"2025-08-28T09:42:52","date_gmt":"2025-08-28T06:42:52","guid":{"rendered":"https:\/\/roveyayinevi.com.tr\/index.php\/urun\/ne-zaman-gitti-tren\/"},"modified":"2026-04-16T03:14:56","modified_gmt":"2026-04-16T00:14:56","slug":"ne-zaman-gitti-tren","status":"publish","type":"product","link":"https:\/\/roveyayinevi.com.tr\/index.php\/urun\/ne-zaman-gitti-tren\/","title":{"rendered":"Ne Zaman Gitti Tren"},"content":{"rendered":"<p>Leo Proudhammer, beyaz Amerika\u2019da siyah, biseks\u00fcel ve sanat\u00e7\u0131 olman\u0131n zorluklar\u0131yla m\u00fccadele ederek kendi kimli\u011fini kazanmaya \u00e7al\u0131\u015fan hassas bir adamd\u0131r. Yanl\u0131\u015f zamanda yanl\u0131\u015f yerde ya\u015faman\u0131n zorlu\u011funa, ba\u015fkalar\u0131na olanaks\u0131z g\u00f6r\u00fcnen umutlar\u0131 \u2013tiyatro oyuncusu olmak\u2013 da eklenince hayat\u0131n\u0131n ni\u00e7in bir m\u00fccadele yuma\u011f\u0131 haline geldi\u011fini anlamak fazla zor de\u011fildir. Leo\u2019nun \u00fcn\u00fcn\u00fcn zirvesindeyken ge\u00e7irdi\u011fi kalp krizi, Baldwin\u2019in roman\u0131n\u0131n \u00e7\u0131k\u0131\u015f noktas\u0131d\u0131r; Leo\u2019nun a\u015fklar\u0131n\u0131n, oyunculuk kariyerinin, Harlem\u2019de ge\u00e7en \u00e7ocuklu\u011funun hik\u00e2yesi, Amerika\u2019da siyah bir sanat\u00e7\u0131 olman\u0131n b\u00fct\u00fcn \u00e7eli\u015fki ve zorluklar\u0131n\u0131 g\u00f6zler \u00f6n\u00fcne serer.     James Baldwin, anlat\u0131c\u0131s\u0131n\u0131n samimi ve tutkulu sesiyle bi\u00e7imlendirdi\u011fi Ne Zaman Gitti Tren\u2019de katmanl\u0131 kimlikleri ve hayata topyek\u00fbn direni\u015fi oda\u011f\u0131na al\u0131yor.     Baldwin ger\u00e7ek anlamda vazge\u00e7ilmez birka\u00e7 Amerikal\u0131 yazardan biridir.                                                                                    Saturday Review <\/p>\n","protected":false},"excerpt":{"rendered":"<p>Leo Proudhammer, beyaz Amerika\u2019da siyah, biseks\u00fcel ve sanat\u00e7\u0131 olman\u0131n zorluklar\u0131yla m\u00fccadele ederek kendi kimli\u011fini kazanmaya \u00e7al\u0131\u015fan hassas bir adamd\u0131r. Yanl\u0131\u015f zamanda yanl\u0131\u015f yerde ya\u015faman\u0131n zorlu\u011funa, ba\u015fkalar\u0131na<span class=\"excerpt-hellip\"> [\u2026]<\/span><\/p>\n","protected":false},"featured_media":0,"template":"","meta":{"_monsterinsights_skip_tracking":false,"_monsterinsights_sitenote_active":false,"_monsterinsights_sitenote_note":"","_monsterinsights_sitenote_category":0},"product_brand":[],"product_cat":[12291,12711],"product_tag":[],"class_list":{"0":"post-761628","1":"product","2":"type-product","3":"status-publish","5":"product_cat-edebiyat","6":"product_cat-roman-oyku","7":"pa_cilt-ciltsiz","8":"pa_tur-kitap","9":"pa_yayinevi-yapi-kredi-yayinlari","10":"pa_yazar-james-baldwin","12":"first","13":"instock","14":"sale","15":"shipping-taxable","16":"purchasable","17":"product-type-simple"},"_links":{"self":[{"href":"https:\/\/roveyayinevi.com.tr\/index.php\/wp-json\/wp\/v2\/product\/761628","targetHints":{"allow":["GET"]}}],"collection":[{"href":"https:\/\/roveyayinevi.com.tr\/index.php\/wp-json\/wp\/v2\/product"}],"about":[{"href":"https:\/\/roveyayinevi.com.tr\/index.php\/wp-json\/wp\/v2\/types\/product"}],"wp:attachment":[{"href":"https:\/\/roveyayinevi.com.tr\/index.php\/wp-json\/wp\/v2\/media?parent=761628"}],"wp:term":[{"taxonomy":"product_brand","embeddable":true,"href":"https:\/\/roveyayinevi.com.tr\/index.php\/wp-json\/wp\/v2\/product_brand?post=761628"},{"taxonomy":"product_cat","embeddable":true,"href":"https:\/\/roveyayinevi.com.tr\/index.php\/wp-json\/wp\/v2\/product_cat?post=761628"},{"taxonomy":"product_tag","embeddable":true,"href":"https:\/\/roveyayinevi.com.tr\/index.php\/wp-json\/wp\/v2\/product_tag?post=761628"}],"curies":[{"name":"wp","href":"https:\/\/api.w.org\/{rel}","templated":true}]}}