{"id":761626,"date":"2025-08-28T09:42:48","date_gmt":"2025-08-28T06:42:48","guid":{"rendered":"https:\/\/roveyayinevi.com.tr\/index.php\/urun\/500-neden-nasil\/"},"modified":"2026-04-16T03:14:56","modified_gmt":"2026-04-16T00:14:56","slug":"500-neden-nasil","status":"publish","type":"product","link":"https:\/\/roveyayinevi.com.tr\/index.php\/urun\/500-neden-nasil\/","title":{"rendered":"500 Neden, Nas\u0131l?"},"content":{"rendered":"<p>Gerekli Bilgiler Ansiklopedisi! D\u00fcnya\u2019n\u0131n a\u011f\u0131rl\u0131\u011f\u0131 ne kadard\u0131r? Yaz\u0131y\u0131 kim icat etti? B\u00fct\u00fcn ku\u015flar u\u00e7ar m\u0131? Dil bir kas m\u0131d\u0131r? \u00c7in Seddi\u2019nin uzunlu\u011fu ne kadard\u0131r? Louis Pasteur kimdir?   Etraf\u0131m\u0131zdaki d\u00fcnya hakk\u0131nda her \u015feyi \u00f6\u011frenmek i\u00e7in ya\u015fam\u0131m\u0131zda \u00f6nem ta\u015f\u0131yan 10 konuda 500\u2019den fazla soru! <\/p>\n","protected":false},"excerpt":{"rendered":"<p>Gerekli Bilgiler Ansiklopedisi! D\u00fcnya\u2019n\u0131n a\u011f\u0131rl\u0131\u011f\u0131 ne kadard\u0131r? Yaz\u0131y\u0131 kim icat etti? B\u00fct\u00fcn ku\u015flar u\u00e7ar m\u0131? Dil bir kas m\u0131d\u0131r? \u00c7in Seddi\u2019nin uzunlu\u011fu ne kadard\u0131r? Louis Pasteur<span class=\"excerpt-hellip\"> [\u2026]<\/span><\/p>\n","protected":false},"featured_media":0,"template":"","meta":{"_monsterinsights_skip_tracking":false,"_monsterinsights_sitenote_active":false,"_monsterinsights_sitenote_note":"","_monsterinsights_sitenote_category":0},"product_brand":[],"product_cat":[12274,12284],"product_tag":[],"class_list":{"0":"post-761626","1":"product","2":"type-product","3":"status-publish","5":"product_cat-cocuk-ve-genclik-kitaplari","6":"product_cat-hikayeler","7":"pa_cilt-ciltsiz","8":"pa_tur-kitap","9":"pa_yayinevi-yapi-kredi-yayinlari","10":"pa_yazar-sophie-de-mullenheim","12":"first","13":"instock","14":"sale","15":"shipping-taxable","16":"purchasable","17":"product-type-simple"},"_links":{"self":[{"href":"https:\/\/roveyayinevi.com.tr\/index.php\/wp-json\/wp\/v2\/product\/761626","targetHints":{"allow":["GET"]}}],"collection":[{"href":"https:\/\/roveyayinevi.com.tr\/index.php\/wp-json\/wp\/v2\/product"}],"about":[{"href":"https:\/\/roveyayinevi.com.tr\/index.php\/wp-json\/wp\/v2\/types\/product"}],"wp:attachment":[{"href":"https:\/\/roveyayinevi.com.tr\/index.php\/wp-json\/wp\/v2\/media?parent=761626"}],"wp:term":[{"taxonomy":"product_brand","embeddable":true,"href":"https:\/\/roveyayinevi.com.tr\/index.php\/wp-json\/wp\/v2\/product_brand?post=761626"},{"taxonomy":"product_cat","embeddable":true,"href":"https:\/\/roveyayinevi.com.tr\/index.php\/wp-json\/wp\/v2\/product_cat?post=761626"},{"taxonomy":"product_tag","embeddable":true,"href":"https:\/\/roveyayinevi.com.tr\/index.php\/wp-json\/wp\/v2\/product_tag?post=761626"}],"curies":[{"name":"wp","href":"https:\/\/api.w.org\/{rel}","templated":true}]}}