{"id":761625,"date":"2025-08-28T09:42:46","date_gmt":"2025-08-28T06:42:46","guid":{"rendered":"https:\/\/roveyayinevi.com.tr\/index.php\/urun\/jupiterin-etegi\/"},"modified":"2026-04-16T03:14:56","modified_gmt":"2026-04-16T00:14:56","slug":"jupiterin-etegi","status":"publish","type":"product","link":"https:\/\/roveyayinevi.com.tr\/index.php\/urun\/jupiterin-etegi\/","title":{"rendered":"J\u00fcpiter\u2019in Ete\u011fi"},"content":{"rendered":"<p>G\u00f6ky\u00fcz\u00fcne bakt\u0131\u011f\u0131n\u0131zda, g\u00f6rebiliyorsunuz onu. Bir \u0131\u015f\u0131k topu, J\u00fcpiter, g\u00fcng\u00f6rm\u00fc\u015f bir gezegen. Ama daha yak\u0131ndan bakanlar, bir de etek g\u00f6r\u00fcyorlar belinde. Peki, bu etek nereden gelmi\u015f? \u0130\u015fte bu k\u00fc\u00e7\u00fck kitap bu ne\u015feli gezegeni ve onun g\u00fczel f\u0131rf\u0131rl\u0131 ete\u011fini anlat\u0131yor. Uykudan \u00f6nce okuyunuz. <\/p>\n","protected":false},"excerpt":{"rendered":"<p>G\u00f6ky\u00fcz\u00fcne bakt\u0131\u011f\u0131n\u0131zda, g\u00f6rebiliyorsunuz onu. Bir \u0131\u015f\u0131k topu, J\u00fcpiter, g\u00fcng\u00f6rm\u00fc\u015f bir gezegen. Ama daha yak\u0131ndan bakanlar, bir de etek g\u00f6r\u00fcyorlar belinde. Peki, bu etek nereden gelmi\u015f? \u0130\u015fte<span class=\"excerpt-hellip\"> [\u2026]<\/span><\/p>\n","protected":false},"featured_media":0,"template":"","meta":{"_monsterinsights_skip_tracking":false,"_monsterinsights_sitenote_active":false,"_monsterinsights_sitenote_note":"","_monsterinsights_sitenote_category":0},"product_brand":[],"product_cat":[12274,12518],"product_tag":[],"class_list":{"0":"post-761625","1":"product","2":"type-product","3":"status-publish","5":"product_cat-cocuk-ve-genclik-kitaplari","6":"product_cat-okul-oncesi-kitaplar","7":"pa_cilt-ciltsiz","8":"pa_tur-kitap","9":"pa_yayinevi-yapi-kredi-yayinlari","10":"pa_yazar-faruk-duman","12":"first","13":"instock","14":"sale","15":"shipping-taxable","16":"purchasable","17":"product-type-simple"},"_links":{"self":[{"href":"https:\/\/roveyayinevi.com.tr\/index.php\/wp-json\/wp\/v2\/product\/761625","targetHints":{"allow":["GET"]}}],"collection":[{"href":"https:\/\/roveyayinevi.com.tr\/index.php\/wp-json\/wp\/v2\/product"}],"about":[{"href":"https:\/\/roveyayinevi.com.tr\/index.php\/wp-json\/wp\/v2\/types\/product"}],"wp:attachment":[{"href":"https:\/\/roveyayinevi.com.tr\/index.php\/wp-json\/wp\/v2\/media?parent=761625"}],"wp:term":[{"taxonomy":"product_brand","embeddable":true,"href":"https:\/\/roveyayinevi.com.tr\/index.php\/wp-json\/wp\/v2\/product_brand?post=761625"},{"taxonomy":"product_cat","embeddable":true,"href":"https:\/\/roveyayinevi.com.tr\/index.php\/wp-json\/wp\/v2\/product_cat?post=761625"},{"taxonomy":"product_tag","embeddable":true,"href":"https:\/\/roveyayinevi.com.tr\/index.php\/wp-json\/wp\/v2\/product_tag?post=761625"}],"curies":[{"name":"wp","href":"https:\/\/api.w.org\/{rel}","templated":true}]}}