{"id":761623,"date":"2025-08-28T09:42:44","date_gmt":"2025-08-28T06:42:44","guid":{"rendered":"https:\/\/roveyayinevi.com.tr\/index.php\/urun\/bir-tutkunun-pesinde-carl-ebert\/"},"modified":"2026-04-16T03:14:56","modified_gmt":"2026-04-16T00:14:56","slug":"bir-tutkunun-pesinde-carl-ebert","status":"publish","type":"product","link":"https:\/\/roveyayinevi.com.tr\/index.php\/urun\/bir-tutkunun-pesinde-carl-ebert\/","title":{"rendered":"Bir Tutkunun Pe\u015finde Carl Ebert"},"content":{"rendered":"<p>Ankara\u2019da bir Musiki ve Temsil Akademisi ve bunun devam\u0131 olarak Devlet Tiyatro ve Operas\u0131\u2019n\u0131 kurmak \u00fczere T\u00fcrkiye Cumhuriyeti H\u00fck\u00fcmeti taraf\u0131ndan davet edilen Carl Ebert, 1936\u2019da yazd\u0131\u011f\u0131 raporla bir yol haritas\u0131 haz\u0131rlar. Bu rapor do\u011frultusunda kurucu kadroya dahil olan uzmanlarla birlikte son derece disiplinli bir \u00e7al\u0131\u015fma s\u00fcreci ba\u015flar. Carl Ebert, d\u00f6rt y\u0131l gibi k\u0131sa bir s\u00fcrenin sonunda T\u00fcrk seyircisine T\u00fcrk\u00e7e olarak oynanan iki opera \u00f6rne\u011fi sunarak Atat\u00fcrk\u2019e verdi\u011fi s\u00f6z\u00fc tuttu\u011funu g\u00f6sterir.     Filiz Ali Bir Tutkunun Pe\u015finde Carl Ebert\u2019te ki\u015fisel hayat\u0131nda derin izler b\u0131rakan Carl Ebert\u2019in Ankara\u2019da ge\u00e7irdi\u011fi on bir y\u0131lda bir opera kurulmas\u0131 ve opera k\u00fclt\u00fcr\u00fcn\u00fcn olu\u015fmas\u0131 i\u00e7in yapt\u0131klar\u0131n\u0131, e\u011fitim anlay\u0131\u015f\u0131n\u0131, \u00e7al\u0131\u015fma arkada\u015flar\u0131n\u0131 ve \u00f6\u011frencilerini anlat\u0131rken Cumhuriyet\u2019in ilk y\u0131llar\u0131nda sanat ve k\u00fclt\u00fcr hayat\u0131m\u0131zdaki geli\u015fmeleri ve bu s\u00fcrecin akt\u00f6rlerini de t\u00fcm ayr\u0131nt\u0131lar\u0131yla ele al\u0131yor.       \u201cOnunla tan\u0131\u015ft\u0131\u011f\u0131mda \u00e7ok k\u00fc\u00e7\u00fckt\u00fcm. O zamana kadar tan\u0131d\u0131\u011f\u0131m hi\u00e7 kimseye benzemiyordu. \u0130lk g\u00f6r\u00fc\u015fte m\u00fcthi\u015f etkilenmi\u015f olmal\u0131y\u0131m. O etki bug\u00fcne kadar devam etti. Konservatuvardaki tiyatro ve opera provalar\u0131n\u0131, temsillerini izleyerek, ama en \u00e7ok b\u00fcy\u00fclenmi\u015f gibi onu izleyerek b\u00fcy\u00fcd\u00fcm. \u00d6\u011frencilerinin onun a\u011fz\u0131ndan \u00e7\u0131kan her s\u00f6zc\u00fc\u011f\u00fc, g\u00f6sterdi\u011fi her jest ve mimi\u011fi nas\u0131l hayranl\u0131kla \u00f6z\u00fcmsediklerine tan\u0131k oldum. \u00d6\u011frencilerle ayn\u0131 dili konu\u015fmamalar\u0131na ra\u011fmen babam\u0131n arac\u0131l\u0131\u011f\u0131yla kurulan m\u00fcthi\u015f dinami\u011fi deneyimledim.\u201d <\/p>\n","protected":false},"excerpt":{"rendered":"<p>Ankara\u2019da bir Musiki ve Temsil Akademisi ve bunun devam\u0131 olarak Devlet Tiyatro ve Operas\u0131\u2019n\u0131 kurmak \u00fczere T\u00fcrkiye Cumhuriyeti H\u00fck\u00fcmeti taraf\u0131ndan davet edilen Carl Ebert, 1936\u2019da yazd\u0131\u011f\u0131<span class=\"excerpt-hellip\"> [\u2026]<\/span><\/p>\n","protected":false},"featured_media":0,"template":"","meta":{"_monsterinsights_skip_tracking":false,"_monsterinsights_sitenote_active":false,"_monsterinsights_sitenote_note":"","_monsterinsights_sitenote_category":0},"product_brand":[],"product_cat":[44608,12408],"product_tag":[],"class_list":{"0":"post-761623","1":"product","2":"type-product","3":"status-publish","5":"product_cat-diger-sanat","6":"product_cat-sanat","7":"pa_cilt-ciltsiz","8":"pa_tur-kitap","9":"pa_yayinevi-yapi-kredi-yayinlari-sanat","10":"pa_yazar-filiz-ali","12":"first","13":"instock","14":"sale","15":"shipping-taxable","16":"purchasable","17":"product-type-simple"},"_links":{"self":[{"href":"https:\/\/roveyayinevi.com.tr\/index.php\/wp-json\/wp\/v2\/product\/761623","targetHints":{"allow":["GET"]}}],"collection":[{"href":"https:\/\/roveyayinevi.com.tr\/index.php\/wp-json\/wp\/v2\/product"}],"about":[{"href":"https:\/\/roveyayinevi.com.tr\/index.php\/wp-json\/wp\/v2\/types\/product"}],"wp:attachment":[{"href":"https:\/\/roveyayinevi.com.tr\/index.php\/wp-json\/wp\/v2\/media?parent=761623"}],"wp:term":[{"taxonomy":"product_brand","embeddable":true,"href":"https:\/\/roveyayinevi.com.tr\/index.php\/wp-json\/wp\/v2\/product_brand?post=761623"},{"taxonomy":"product_cat","embeddable":true,"href":"https:\/\/roveyayinevi.com.tr\/index.php\/wp-json\/wp\/v2\/product_cat?post=761623"},{"taxonomy":"product_tag","embeddable":true,"href":"https:\/\/roveyayinevi.com.tr\/index.php\/wp-json\/wp\/v2\/product_tag?post=761623"}],"curies":[{"name":"wp","href":"https:\/\/api.w.org\/{rel}","templated":true}]}}