{"id":761621,"date":"2025-08-28T09:42:42","date_gmt":"2025-08-28T06:42:42","guid":{"rendered":"https:\/\/roveyayinevi.com.tr\/index.php\/urun\/pamphylia-bereketli-ovada-halklarin-ahengi-ciltli\/"},"modified":"2026-04-16T03:14:55","modified_gmt":"2026-04-16T00:14:55","slug":"pamphylia-bereketli-ovada-halklarin-ahengi-ciltli","status":"publish","type":"product","link":"https:\/\/roveyayinevi.com.tr\/index.php\/urun\/pamphylia-bereketli-ovada-halklarin-ahengi-ciltli\/","title":{"rendered":"Pamphylia: Bereketli Ovada Halklar\u0131n Ahengi (Ciltli)"},"content":{"rendered":"<p>Pamphylia, \u00fc\u00e7 y\u00f6nden de Toros S\u0131rada\u011flar\u0131yla \u00e7evrelenir. G\u00fcneyinde ise do\u011fal bir s\u0131n\u0131r olan Akdeniz uzan\u0131r. B\u00f6lgenin \u00e7ekirde\u011fini olu\u015fturan ve g\u00fcn\u00fcm\u00fcz Antalya ilinin d\u00fczl\u00fck k\u0131sm\u0131n\u0131 kapsayan verimli ova, da\u011f ve deniz aras\u0131nda korunakl\u0131 bir co\u011frafya sunar. B\u00f6lgeyi \u00e7evreleyen s\u0131rada\u011flar her ne kadar Pamphylia\u2019y\u0131 kom\u015fu b\u00f6lgelerinden yal\u0131tan do\u011fal bir engel olu\u015ftursa da b\u00f6lgenin d\u00f6rt \u0131rma\u011f\u0131 bu engeli a\u015farak kuzey ile g\u00fcney aras\u0131nda ileti\u015fimi sa\u011flayan k\u00f6pr\u00fc i\u015flevi g\u00f6r\u00fcr.   Pamphylia\u2019n\u0131n da\u011f, ova ve \u0131rmaklar\u0131ndan olu\u015fan topografik \u00e7e\u015fitlili\u011fi b\u00f6lgenin karakterini \u015fekillendirmi\u015f ve farkl\u0131 halklar\u0131 bu co\u011frafyaya \u00e7ekerek bir arada ya\u015famalar\u0131n\u0131 sa\u011flam\u0131\u015ft\u0131r. B\u00f6ylece \u00e7ok katmanl\u0131 bir Pamphylia k\u00fclt\u00fcr\u00fc olu\u015fmu\u015ftur. \u201cPamphylia\u201d ismi \u201ct\u00fcm halklar (kabileler) \u00fclkesi\u201d \u015feklinde \u00e7evrilebilir. Bu isim etnik k\u00f6kenden ziyade, do\u011fas\u0131 gere\u011fi bir\u00e7ok farkl\u0131 halk\u0131n ve k\u00fclt\u00fcr\u00fcn bir arada var oldu\u011fu kapsay\u0131c\u0131 bir toprak par\u00e7as\u0131n\u0131 ifade eder.   Son \u00e7al\u0131\u015fmalara g\u00f6re Pamphylia ne salt Eski Yunan k\u00fclt\u00fcr\u00fcne ne salt eski Anadolu k\u00fclt\u00fcr\u00fcne ev sahipli\u011fi yapm\u0131\u015ft\u0131r; aksine, kendine \u00f6zg\u00fc k\u00fclt\u00fcr\u00fcyle isminin hakk\u0131n\u0131 verir. K\u00fc\u00e7\u00fck Asya\u2019n\u0131n di\u011fer b\u00f6lgelerinde oldu\u011fu gibi Pamphylia\u2019n\u0131n s\u0131n\u0131rlar\u0131 da politik, ekonomik ve sosyal geli\u015fmelere ba\u011fl\u0131 olarak zaman i\u00e7erisinde de\u011fi\u015fmi\u015f ve yeniden belirlenmi\u015ftir. Kitaptaki makaleler \u00e7o\u011funlukla b\u00f6lgenin \u00e7ekirde\u011fini olu\u015fturan ovada, bu ovan\u0131n uzand\u0131\u011f\u0131 denizin k\u0131y\u0131s\u0131nda ve ovan\u0131n \u00fcst\u00fcnde y\u00fckselen da\u011fl\u0131k alanda yer alan kentlerin ve k\u0131rsal yerle\u015fmelerin tarihine ve arkeolojisine odaklanm\u0131\u015ft\u0131r.   Pamphylia is surrounded by the Taurus mountain range on three sides. To the South lies the Mediterranean Sea, a natural boundary. The fertile plain, which forms the core of the region and covers the flatlands of modern-day Antalya province, offers a sheltered area between the mountains and the sea. Although the mountain ranges surrounding the region form a natural barrier that isolates Pamphylia from its neighboring regions, the four rivers of the region overcome this barrier and serve as a bridge that provides communication between the North and South.   The topographical diversity of Pamphylia, shaped the character of the region and attracted different peoples and enabled them to live together. Thus, a harmonious and multi-layered Pamphylian culture was formed.The name \u201cPamphylia\u201d can be translated as \u201cthe land of all peoples (tribes).\u201d The name of the ancient region does not refer to ethnicity,but rather to an inclusive territory in which many different peoples and cultures coexisted.   According to latest studies, Pamphylia was neither the home of a purely Ancient Greek culture nor of a purely Ancient Anatolian culture; on the contrary, its unique culture lives up to its name. As in other parts of Asia Minor, the borders of Pamphylia have changed and were redefined over time due to political, economic and social developments. For this reason, ancient sources provide different accounts of the geographical boundaries of the region. The articles in the book focus on the history and archaeology of the cities and rural settlements on the plain that forms the core of the region, on the coast of the sea from which the plain extends, and in the mountainous area rising above the plain. <\/p>\n","protected":false},"excerpt":{"rendered":"<p>Pamphylia, \u00fc\u00e7 y\u00f6nden de Toros S\u0131rada\u011flar\u0131yla \u00e7evrelenir. G\u00fcneyinde ise do\u011fal bir s\u0131n\u0131r olan Akdeniz uzan\u0131r. B\u00f6lgenin \u00e7ekirde\u011fini olu\u015fturan ve g\u00fcn\u00fcm\u00fcz Antalya ilinin d\u00fczl\u00fck k\u0131sm\u0131n\u0131 kapsayan verimli<span class=\"excerpt-hellip\"> [\u2026]<\/span><\/p>\n","protected":false},"featured_media":0,"template":"","meta":{"_monsterinsights_skip_tracking":false,"_monsterinsights_sitenote_active":false,"_monsterinsights_sitenote_note":"","_monsterinsights_sitenote_category":0},"product_brand":[],"product_cat":[12324],"product_tag":[],"class_list":{"0":"post-761621","1":"product","2":"type-product","3":"status-publish","5":"product_cat-sosyoloji","6":"pa_cilt-ciltli","7":"pa_tur-kitap","8":"pa_yayinevi-yapi-kredi-yayinlari","9":"pa_yazar-askim-ozdizbay-ipek-dagli","11":"first","12":"instock","13":"sale","14":"shipping-taxable","15":"purchasable","16":"product-type-simple"},"_links":{"self":[{"href":"https:\/\/roveyayinevi.com.tr\/index.php\/wp-json\/wp\/v2\/product\/761621","targetHints":{"allow":["GET"]}}],"collection":[{"href":"https:\/\/roveyayinevi.com.tr\/index.php\/wp-json\/wp\/v2\/product"}],"about":[{"href":"https:\/\/roveyayinevi.com.tr\/index.php\/wp-json\/wp\/v2\/types\/product"}],"wp:attachment":[{"href":"https:\/\/roveyayinevi.com.tr\/index.php\/wp-json\/wp\/v2\/media?parent=761621"}],"wp:term":[{"taxonomy":"product_brand","embeddable":true,"href":"https:\/\/roveyayinevi.com.tr\/index.php\/wp-json\/wp\/v2\/product_brand?post=761621"},{"taxonomy":"product_cat","embeddable":true,"href":"https:\/\/roveyayinevi.com.tr\/index.php\/wp-json\/wp\/v2\/product_cat?post=761621"},{"taxonomy":"product_tag","embeddable":true,"href":"https:\/\/roveyayinevi.com.tr\/index.php\/wp-json\/wp\/v2\/product_tag?post=761621"}],"curies":[{"name":"wp","href":"https:\/\/api.w.org\/{rel}","templated":true}]}}