{"id":761617,"date":"2025-08-28T09:42:36","date_gmt":"2025-08-28T06:42:36","guid":{"rendered":"https:\/\/roveyayinevi.com.tr\/index.php\/urun\/mevcut-uluslararasi-sorunlar-uluslrarasi-catisma-bolgeleri-aktorler-eylemler-ve-donusumler\/"},"modified":"2026-04-16T03:14:55","modified_gmt":"2026-04-16T00:14:55","slug":"mevcut-uluslararasi-sorunlar-uluslrarasi-catisma-bolgeleri-aktorler-eylemler-ve-donusumler","status":"publish","type":"product","link":"https:\/\/roveyayinevi.com.tr\/index.php\/urun\/mevcut-uluslararasi-sorunlar-uluslrarasi-catisma-bolgeleri-aktorler-eylemler-ve-donusumler\/","title":{"rendered":"Mevcut Uluslararas\u0131 Sorunlar Uluslraras\u0131 \u00c7at\u0131\u015fma B\u00f6lgeleri, Akt\u00f6rler, Eylemler ve D\u00f6n\u00fc\u015f\u00fcmler"},"content":{"rendered":"<p>Dijitalle\u015fmenin ve globalle\u015fmenin ak\u0131l almaz bir h\u0131zla devam etti\u011fi; ku\u015faklar\u0131n aras\u0131ndaki mesafenin gigabaytlar ile \u00f6l\u00e7\u00fclmeye ba\u015flad\u0131\u011f\u0131 21nci Y\u00fczy\u0131l\u2019\u0131n ilk \u00e7eyre\u011finde t\u00fcm geli\u015fmeler \u00e7abuk, detayl\u0131 ve birbiri ile ili\u015fkili \u015fekilde s\u00fcrmektedir. Antolojik bir \u00e7al\u0131\u015fma ile de\u011ferli ara\u015ft\u0131rmac\u0131 say\u0131n \u015eaban Recai \u00d6zt\u00fcrk\u2019\u00fcn email ortam\u0131nda payla\u015ft\u0131\u011f\u0131 bilgi ve aktar\u0131mlar\u0131 derleyerek, g\u00fcn\u00fcm\u00fcz ara\u015ft\u0131rmac\u0131lar\u0131na net ve a\u00e7\u0131k bir sunum yapmay\u0131 ama\u00e7lad\u0131k. <\/p>\n","protected":false},"excerpt":{"rendered":"<p>Dijitalle\u015fmenin ve globalle\u015fmenin ak\u0131l almaz bir h\u0131zla devam etti\u011fi; ku\u015faklar\u0131n aras\u0131ndaki mesafenin gigabaytlar ile \u00f6l\u00e7\u00fclmeye ba\u015flad\u0131\u011f\u0131 21nci Y\u00fczy\u0131l\u2019\u0131n ilk \u00e7eyre\u011finde t\u00fcm geli\u015fmeler \u00e7abuk, detayl\u0131 ve birbiri<span class=\"excerpt-hellip\"> [\u2026]<\/span><\/p>\n","protected":false},"featured_media":0,"template":"","meta":{"_monsterinsights_skip_tracking":false,"_monsterinsights_sitenote_active":false,"_monsterinsights_sitenote_note":"","_monsterinsights_sitenote_category":0},"product_brand":[],"product_cat":[12573,12566],"product_tag":[],"class_list":{"0":"post-761617","1":"product","2":"type-product","3":"status-publish","5":"product_cat-akademik-kitaplar","6":"product_cat-egitim","7":"pa_cilt-ciltsiz","8":"pa_tur-kitap","9":"pa_yayinevi-soncag-akademik-kitaplar","10":"pa_yazar-ali-nazmi-cora-hakan-cora","12":"first","13":"instock","14":"sale","15":"shipping-taxable","16":"purchasable","17":"product-type-simple"},"_links":{"self":[{"href":"https:\/\/roveyayinevi.com.tr\/index.php\/wp-json\/wp\/v2\/product\/761617","targetHints":{"allow":["GET"]}}],"collection":[{"href":"https:\/\/roveyayinevi.com.tr\/index.php\/wp-json\/wp\/v2\/product"}],"about":[{"href":"https:\/\/roveyayinevi.com.tr\/index.php\/wp-json\/wp\/v2\/types\/product"}],"wp:attachment":[{"href":"https:\/\/roveyayinevi.com.tr\/index.php\/wp-json\/wp\/v2\/media?parent=761617"}],"wp:term":[{"taxonomy":"product_brand","embeddable":true,"href":"https:\/\/roveyayinevi.com.tr\/index.php\/wp-json\/wp\/v2\/product_brand?post=761617"},{"taxonomy":"product_cat","embeddable":true,"href":"https:\/\/roveyayinevi.com.tr\/index.php\/wp-json\/wp\/v2\/product_cat?post=761617"},{"taxonomy":"product_tag","embeddable":true,"href":"https:\/\/roveyayinevi.com.tr\/index.php\/wp-json\/wp\/v2\/product_tag?post=761617"}],"curies":[{"name":"wp","href":"https:\/\/api.w.org\/{rel}","templated":true}]}}