{"id":761615,"date":"2025-08-28T09:42:31","date_gmt":"2025-08-28T06:42:31","guid":{"rendered":"https:\/\/roveyayinevi.com.tr\/index.php\/urun\/isaret-2\/"},"modified":"2026-04-16T03:14:55","modified_gmt":"2026-04-16T00:14:55","slug":"isaret-2","status":"publish","type":"product","link":"https:\/\/roveyayinevi.com.tr\/index.php\/urun\/isaret-2\/","title":{"rendered":"\u0130\u015faret"},"content":{"rendered":"<p>\u201cMuhte\u015fem. Konu \u00f6yle tan\u0131d\u0131k, karakterler \u00f6yle ger\u00e7ek ki sadece distopya demeye g\u00f6nlu\u0308m raz\u0131 gelmiyor.\u201d \u2013MARIANA ENRIQUEZ   Yak\u0131n gelecek, \u0130zlanda. Empati Testi ad\u0131 verilen yeni bir teknoloji, bireylerin merhamet seviyesini \u00f6l\u00e7erek iyi ile k\u00f6tu\u0308yu\u0308 ay\u0131rt etmeyi, b\u00f6ylece toplum huzurunu ka\u00e7\u0131racak olas\u0131 eylemlerin \u00f6nu\u0308ne ge\u00e7meyi vadediyor. K\u0131sa bir su\u0308re sonra testin zorunlu tutulup tutulmayaca\u011f\u0131n\u0131 oylamak i\u00e7in referanduma gidilecek. Ulus ikiye b\u00f6lu\u0308nmu\u0308\u015f durumda. Bir taraf testin daha gu\u0308venli bir toplum yarataca\u011f\u0131na inan\u0131rken di\u011fer taraf i\u015faretlemeyi gayriinsani g\u00f6ru\u0308yor.   Karar gu\u0308nu\u0308 yakla\u015f\u0131rken d\u00f6rt karakter \u2013ku\u015fkucu \u00f6\u011fretmen Vetur, \u00f6nde gelen psikologlardan Oli, testi ge\u00e7emeyen i\u015fkad\u0131n\u0131 Eyja ve teste girmeme hakk\u0131 i\u00e7in sava\u015fan Tristan\u2013 kendilerini ahlaki ikilemler, derin \u00f6nyarg\u0131lar, deh\u015fet verici adaletsizlikler ve ki\u015fisel mu\u0308cadelelerle dolu bir sorular yuma\u011f\u0131n\u0131n i\u00e7inde buluyor: Toplumsal haklar nerede sonlan\u0131r, \u00f6zgu\u0308r irade nerede ba\u015flar? \u00dctopya ne zaman distopyaya d\u00f6nu\u0308\u015fu\u0308r? Ortak iyinin ne oldu\u011funa kim karar verecek?   \u0130zlanda edebiyat\u0131n\u0131n ayk\u0131r\u0131 sesi Frida \u0130sberg\u2019in tedirgin edici ve su\u0308ru\u0308kleyici bu \u00e7a\u011fda\u015f roman\u0131, bize korkuyla m\u0131 yoksa insanlar\u0131n birbirine olan inanc\u0131yla m\u0131 d\u00f6nen bir du\u0308nyada ya\u015famak isteyece\u011fimizi soruyor.   \u201c\u0130sberg, kamu vicdan\u0131 ve bilinci u\u0308zerine \u00e2deta bir ba\u015fyap\u0131t yazm\u0131\u015f. Karakterleri o kadar biricik, insani ve yan\u0131labilir ki \u015fu anda telefonumu elime al\u0131p onlardan birini arayabilirmi\u015fim gibi hissediyorum. Uzun zamand\u0131r okudu\u011fum en besleyici \u00e7a\u011fda\u015f romanlardan biri.\u201d \u2013KAVEH AKBAR   \u0130ZLANDA KADIN EDEB\u0130YATI \u00d6D\u00dcL\u00dc   P. O. ENQUIST EDEB\u0130YAT \u00d6D\u00dcL\u00dc   FJARA EDEB\u0130YAT \u00d6D\u00dcL\u00dc   \u201c\u0130\u00e7 i\u00e7e ge\u00e7en olay \u00f6rgu\u0308su\u0308yle \u0130\u015faret, toplum mu\u0308hendisli\u011finin riskleri ve bireysel eylemlili\u011fin s\u0131n\u0131rlar\u0131 hakk\u0131nda \u00f6nemli sorular soruyor. Kesinlikle \u00e7arp\u0131c\u0131 bir ilk roman.\u201d Hernan Diaz <\/p>\n","protected":false},"excerpt":{"rendered":"<p>\u201cMuhte\u015fem. Konu \u00f6yle tan\u0131d\u0131k, karakterler \u00f6yle ger\u00e7ek ki sadece distopya demeye g\u00f6nlu\u0308m raz\u0131 gelmiyor.\u201d \u2013MARIANA ENRIQUEZ Yak\u0131n gelecek, \u0130zlanda. Empati Testi ad\u0131 verilen yeni bir teknoloji,<span class=\"excerpt-hellip\"> [\u2026]<\/span><\/p>\n","protected":false},"featured_media":0,"template":"","meta":{"_monsterinsights_skip_tracking":false,"_monsterinsights_sitenote_active":false,"_monsterinsights_sitenote_note":"","_monsterinsights_sitenote_category":0},"product_brand":[],"product_cat":[12291,12711],"product_tag":[],"class_list":{"0":"post-761615","1":"product","2":"type-product","3":"status-publish","5":"product_cat-edebiyat","6":"product_cat-roman-oyku","7":"pa_cilt-ciltsiz","8":"pa_tur-kitap","9":"pa_yayinevi-domingo-yayinevi","10":"pa_yazar-frida-isberg","12":"first","13":"instock","14":"sale","15":"shipping-taxable","16":"purchasable","17":"product-type-simple"},"_links":{"self":[{"href":"https:\/\/roveyayinevi.com.tr\/index.php\/wp-json\/wp\/v2\/product\/761615","targetHints":{"allow":["GET"]}}],"collection":[{"href":"https:\/\/roveyayinevi.com.tr\/index.php\/wp-json\/wp\/v2\/product"}],"about":[{"href":"https:\/\/roveyayinevi.com.tr\/index.php\/wp-json\/wp\/v2\/types\/product"}],"wp:attachment":[{"href":"https:\/\/roveyayinevi.com.tr\/index.php\/wp-json\/wp\/v2\/media?parent=761615"}],"wp:term":[{"taxonomy":"product_brand","embeddable":true,"href":"https:\/\/roveyayinevi.com.tr\/index.php\/wp-json\/wp\/v2\/product_brand?post=761615"},{"taxonomy":"product_cat","embeddable":true,"href":"https:\/\/roveyayinevi.com.tr\/index.php\/wp-json\/wp\/v2\/product_cat?post=761615"},{"taxonomy":"product_tag","embeddable":true,"href":"https:\/\/roveyayinevi.com.tr\/index.php\/wp-json\/wp\/v2\/product_tag?post=761615"}],"curies":[{"name":"wp","href":"https:\/\/api.w.org\/{rel}","templated":true}]}}