{"id":761612,"date":"2025-08-28T09:42:25","date_gmt":"2025-08-28T06:42:25","guid":{"rendered":"https:\/\/roveyayinevi.com.tr\/index.php\/urun\/koklere-dogru\/"},"modified":"2026-04-16T03:14:55","modified_gmt":"2026-04-16T00:14:55","slug":"koklere-dogru","status":"publish","type":"product","link":"https:\/\/roveyayinevi.com.tr\/index.php\/urun\/koklere-dogru\/","title":{"rendered":"K\u00f6klere Do\u011fru"},"content":{"rendered":"<p>T\u00fcrkl\u00fck bilimini bir b\u00fct\u00fcn olarak g\u00f6ren ara\u015ft\u0131rmac\u0131lar\u0131n ba\u015f\u0131nda gelen Ahmet Bican Ercilasun, bir s\u00fcredir T\u00fcrk dilinin en eski devirleri hakk\u0131nda da baz\u0131 makaleler yazm\u0131\u015f, hatta bu konuda bir model geli\u015ftirmi\u015fti. Elinizde tuttu\u011funuz kitap bu \u00e7al\u0131\u015fmalar\u0131n bir sonucu olup konu bir T\u00fcrkolog taraf\u0131ndan ilk kez bu geni\u015flikte ele al\u0131nm\u0131\u015ft\u0131r. Ercilasun, Nostratik-Avrasyatik teoriler \u00e7er\u00e7evesinde T\u00fcrk\u00e7enin \u201cAna D\u00fcnya Dili\u201d i\u00e7erisindeki yerini tespit ederken, bir yandan da S\u00fcmer, Dravid, Hin-Avrupa-Ural dilleriyle ili\u015fkilerine dair \u00f6nemli saptama ve de\u011ferlendirmelerde bulunmaktad\u0131r. Ayr\u0131ca II. K\u00f6kt\u00fcrk Ka\u011fanl\u0131\u011f\u0131 zaman\u0131nda dikilen Orhun Abidelerinden \u00f6nceki devirden kalma \u00e7ok s\u0131n\u0131rl\u0131 T\u00fcrk\u00e7e malzemeyi, \u0130skitlerden itibaren titizlikle de\u011ferlendirmekte ve bu sahada uzun s\u00fcre a\u015f\u0131lamayacak bir kodeks sunmaktad\u0131r. Bu h\u00e2liyle eser, T\u00fcrkolojinin temel \u00e7al\u0131\u015fmalar\u0131ndan biri h\u00e2linde y\u0131llar boyunca ara\u015ft\u0131rmac\u0131 ve ayd\u0131nlar\u0131n ba\u015fucu kitab\u0131 olacakt\u0131r.<\/p>\n","protected":false},"excerpt":{"rendered":"<p>T\u00fcrkl\u00fck bilimini bir b\u00fct\u00fcn olarak g\u00f6ren ara\u015ft\u0131rmac\u0131lar\u0131n ba\u015f\u0131nda gelen Ahmet Bican Ercilasun, bir s\u00fcredir T\u00fcrk dilinin en eski devirleri hakk\u0131nda da baz\u0131 makaleler yazm\u0131\u015f, hatta bu<span class=\"excerpt-hellip\"> [\u2026]<\/span><\/p>\n","protected":false},"featured_media":0,"template":"","meta":{"_monsterinsights_skip_tracking":false,"_monsterinsights_sitenote_active":false,"_monsterinsights_sitenote_note":"","_monsterinsights_sitenote_category":0},"product_brand":[],"product_cat":[20225,12291],"product_tag":[],"class_list":{"0":"post-761612","1":"product","2":"type-product","3":"status-publish","5":"product_cat-dil-bilim","6":"product_cat-edebiyat","7":"pa_cilt-ciltsiz","8":"pa_tur-kitap","9":"pa_yayinevi-otuken-nesriyat","10":"pa_yazar-ahmet-bican-ercilasun","12":"first","13":"instock","14":"sale","15":"shipping-taxable","16":"purchasable","17":"product-type-simple"},"_links":{"self":[{"href":"https:\/\/roveyayinevi.com.tr\/index.php\/wp-json\/wp\/v2\/product\/761612","targetHints":{"allow":["GET"]}}],"collection":[{"href":"https:\/\/roveyayinevi.com.tr\/index.php\/wp-json\/wp\/v2\/product"}],"about":[{"href":"https:\/\/roveyayinevi.com.tr\/index.php\/wp-json\/wp\/v2\/types\/product"}],"wp:attachment":[{"href":"https:\/\/roveyayinevi.com.tr\/index.php\/wp-json\/wp\/v2\/media?parent=761612"}],"wp:term":[{"taxonomy":"product_brand","embeddable":true,"href":"https:\/\/roveyayinevi.com.tr\/index.php\/wp-json\/wp\/v2\/product_brand?post=761612"},{"taxonomy":"product_cat","embeddable":true,"href":"https:\/\/roveyayinevi.com.tr\/index.php\/wp-json\/wp\/v2\/product_cat?post=761612"},{"taxonomy":"product_tag","embeddable":true,"href":"https:\/\/roveyayinevi.com.tr\/index.php\/wp-json\/wp\/v2\/product_tag?post=761612"}],"curies":[{"name":"wp","href":"https:\/\/api.w.org\/{rel}","templated":true}]}}