{"id":761609,"date":"2025-08-28T09:42:19","date_gmt":"2025-08-28T06:42:19","guid":{"rendered":"https:\/\/roveyayinevi.com.tr\/index.php\/urun\/dalbasti-kirazlari\/"},"modified":"2026-04-07T03:21:10","modified_gmt":"2026-04-07T00:21:10","slug":"dalbasti-kirazlari","status":"publish","type":"product","link":"https:\/\/roveyayinevi.com.tr\/index.php\/urun\/dalbasti-kirazlari\/","title":{"rendered":"Dalbast\u0131 Kirazlar\u0131"},"content":{"rendered":"<p>Onlar, \u00e7a\u011f\u0131m\u0131z\u0131n Bac\u0131y\u00e2n-\u0131 R\u00fbmlar\u0131 idiler. Me\u015frutiyet\u2019ten Cumhuriyet\u2019e birer destan kahraman\u0131 gibi ya\u015fad\u0131lar. Her biri Umay Ana\u2019n\u0131n ve Tomris Hatun\u2019un k\u0131zlar\u0131yd\u0131. T\u00fcrkl\u00fck davas\u0131 u\u011frunda gece g\u00fcnd\u00fcz \u00e7al\u0131\u015ft\u0131lar. O kadar \u00e7al\u0131\u015ft\u0131lar ki zihinleri yoruldu ve bedenleri y\u0131prand\u0131. Dur durak bilmedikleri i\u00e7in hastaland\u0131lar ve ard\u0131 arkas\u0131na birka\u00e7 kez ameliyat masas\u0131na yatt\u0131lar. Fakat y\u0131lmad\u0131lar. Pek \u00e7o\u011fu konakl\u0131 zengin ailelerin k\u0131zlar\u0131yd\u0131. Babalar\u0131 pa\u015fayd\u0131 veya beyzadeydi. Konforlu hayatlar\u0131nda keyiflerine bakabilirlerdi. Fakat onlar, T\u00fcrkl\u00fck davas\u0131 i\u00e7in kendilerini feda etmeyi se\u00e7tiler. T\u00fcrkiye Cumhuriyeti\u2019nin temellerini att\u0131lar.   Onlar, \u00e7a\u011f\u0131m\u0131z\u0131n Di\u015fi Kurtlar\u0131 idiler.<\/p>\n","protected":false},"excerpt":{"rendered":"<p>Onlar, \u00e7a\u011f\u0131m\u0131z\u0131n Bac\u0131y\u00e2n-\u0131 R\u00fbmlar\u0131 idiler. Me\u015frutiyet\u2019ten Cumhuriyet\u2019e birer destan kahraman\u0131 gibi ya\u015fad\u0131lar. Her biri Umay Ana\u2019n\u0131n ve Tomris Hatun\u2019un k\u0131zlar\u0131yd\u0131. T\u00fcrkl\u00fck davas\u0131 u\u011frunda gece g\u00fcnd\u00fcz \u00e7al\u0131\u015ft\u0131lar.<span class=\"excerpt-hellip\"> [\u2026]<\/span><\/p>\n","protected":false},"featured_media":0,"template":"","meta":{"_monsterinsights_skip_tracking":false,"_monsterinsights_sitenote_active":false,"_monsterinsights_sitenote_note":"","_monsterinsights_sitenote_category":0},"product_brand":[],"product_cat":[12291,12711],"product_tag":[],"class_list":{"0":"post-761609","1":"product","2":"type-product","3":"status-publish","5":"product_cat-edebiyat","6":"product_cat-roman-oyku","7":"pa_cilt-ciltsiz","8":"pa_tur-kitap","9":"pa_yayinevi-otuken-nesriyat","10":"pa_yazar-metin-savas","12":"first","13":"instock","14":"sale","15":"shipping-taxable","16":"purchasable","17":"product-type-simple"},"_links":{"self":[{"href":"https:\/\/roveyayinevi.com.tr\/index.php\/wp-json\/wp\/v2\/product\/761609","targetHints":{"allow":["GET"]}}],"collection":[{"href":"https:\/\/roveyayinevi.com.tr\/index.php\/wp-json\/wp\/v2\/product"}],"about":[{"href":"https:\/\/roveyayinevi.com.tr\/index.php\/wp-json\/wp\/v2\/types\/product"}],"wp:attachment":[{"href":"https:\/\/roveyayinevi.com.tr\/index.php\/wp-json\/wp\/v2\/media?parent=761609"}],"wp:term":[{"taxonomy":"product_brand","embeddable":true,"href":"https:\/\/roveyayinevi.com.tr\/index.php\/wp-json\/wp\/v2\/product_brand?post=761609"},{"taxonomy":"product_cat","embeddable":true,"href":"https:\/\/roveyayinevi.com.tr\/index.php\/wp-json\/wp\/v2\/product_cat?post=761609"},{"taxonomy":"product_tag","embeddable":true,"href":"https:\/\/roveyayinevi.com.tr\/index.php\/wp-json\/wp\/v2\/product_tag?post=761609"}],"curies":[{"name":"wp","href":"https:\/\/api.w.org\/{rel}","templated":true}]}}