{"id":761608,"date":"2025-08-28T09:42:18","date_gmt":"2025-08-28T06:42:18","guid":{"rendered":"https:\/\/roveyayinevi.com.tr\/index.php\/urun\/turk-vergi-hukukunda-genel-teblig\/"},"modified":"2026-04-16T03:14:55","modified_gmt":"2026-04-16T00:14:55","slug":"turk-vergi-hukukunda-genel-teblig","status":"publish","type":"product","link":"https:\/\/roveyayinevi.com.tr\/index.php\/urun\/turk-vergi-hukukunda-genel-teblig\/","title":{"rendered":"T\u00fcrk Vergi Hukukunda Genel Tebli\u011f"},"content":{"rendered":"<p>\u0130\u00e7indekiler :     \u00b7         B\u0130R\u0130NC\u0130 B\u00d6L\u00dcM \u0130DAR\u00ce \u0130\u015eLEM TEOR\u0130S\u0130 I\u015eI\u011eINDA: T\u00dcRK VERG\u0130 HUKUKUNDA D\u00dcZENLEY\u0130C\u0130 \u0130\u015eLEMLER   \u00b7         \u0130K\u0130NC\u0130 B\u00d6L\u00dcM T\u00dcRK VERG\u0130 HUKUKUNDA GENEL TEBL\u0130\u011e\u0130N TEMEL ESASLARI VE KAR\u015eILA\u015eTIRMALI HUKUKTA GENEL TEBL\u0130\u011e BENZER\u0130 UYGULAMALAR   \u00b7         \u00dc\u00c7\u00dcNC\u00dc B\u00d6L\u00dcM T\u00dcRK VERG\u0130 HUKUKUNDA GENEL TEBL\u0130\u011eE Y\u00d6NEL\u0130K HUKUK\u0130 SORUNLARIN DE\u011eERLEND\u0130R\u0130LMES\u0130 VE \u00c7\u00d6Z\u00dcM \u00d6NER\u0130LER\u0130 <\/p>\n","protected":false},"excerpt":{"rendered":"<p>\u0130\u00e7indekiler : \u00b7 B\u0130R\u0130NC\u0130 B\u00d6L\u00dcM \u0130DAR\u00ce \u0130\u015eLEM TEOR\u0130S\u0130 I\u015eI\u011eINDA: T\u00dcRK VERG\u0130 HUKUKUNDA D\u00dcZENLEY\u0130C\u0130 \u0130\u015eLEMLER \u00b7 \u0130K\u0130NC\u0130 B\u00d6L\u00dcM T\u00dcRK VERG\u0130 HUKUKUNDA GENEL TEBL\u0130\u011e\u0130N TEMEL ESASLARI VE KAR\u015eILA\u015eTIRMALI<span class=\"excerpt-hellip\"> [\u2026]<\/span><\/p>\n","protected":false},"featured_media":0,"template":"","meta":{"_monsterinsights_skip_tracking":false,"_monsterinsights_sitenote_active":false,"_monsterinsights_sitenote_note":"","_monsterinsights_sitenote_category":0},"product_brand":[],"product_cat":[15350],"product_tag":[],"class_list":{"0":"post-761608","1":"product","2":"type-product","3":"status-publish","5":"product_cat-hukuk","6":"pa_cilt-ciltsiz","7":"pa_tur-kitap","8":"pa_yayinevi-gazi-kitabevi","9":"pa_yazar-esra-keskin-mustafa-miynat","11":"first","12":"instock","13":"sale","14":"shipping-taxable","15":"purchasable","16":"product-type-simple"},"_links":{"self":[{"href":"https:\/\/roveyayinevi.com.tr\/index.php\/wp-json\/wp\/v2\/product\/761608","targetHints":{"allow":["GET"]}}],"collection":[{"href":"https:\/\/roveyayinevi.com.tr\/index.php\/wp-json\/wp\/v2\/product"}],"about":[{"href":"https:\/\/roveyayinevi.com.tr\/index.php\/wp-json\/wp\/v2\/types\/product"}],"wp:attachment":[{"href":"https:\/\/roveyayinevi.com.tr\/index.php\/wp-json\/wp\/v2\/media?parent=761608"}],"wp:term":[{"taxonomy":"product_brand","embeddable":true,"href":"https:\/\/roveyayinevi.com.tr\/index.php\/wp-json\/wp\/v2\/product_brand?post=761608"},{"taxonomy":"product_cat","embeddable":true,"href":"https:\/\/roveyayinevi.com.tr\/index.php\/wp-json\/wp\/v2\/product_cat?post=761608"},{"taxonomy":"product_tag","embeddable":true,"href":"https:\/\/roveyayinevi.com.tr\/index.php\/wp-json\/wp\/v2\/product_tag?post=761608"}],"curies":[{"name":"wp","href":"https:\/\/api.w.org\/{rel}","templated":true}]}}