{"id":761607,"date":"2025-08-28T09:42:16","date_gmt":"2025-08-28T06:42:16","guid":{"rendered":"https:\/\/roveyayinevi.com.tr\/index.php\/urun\/devletin-ekonomideki-rolu-kamu-ekonomisinin-analizi\/"},"modified":"2026-04-16T03:14:55","modified_gmt":"2026-04-16T00:14:55","slug":"devletin-ekonomideki-rolu-kamu-ekonomisinin-analizi","status":"publish","type":"product","link":"https:\/\/roveyayinevi.com.tr\/index.php\/urun\/devletin-ekonomideki-rolu-kamu-ekonomisinin-analizi\/","title":{"rendered":"Devletin Ekonomideki Rol\u00fc Kamu Ekonomisinin Analizi"},"content":{"rendered":"<p>\u0130\u00e7indekiler :   B\u0130R\u0130NC\u0130 B\u00d6L\u00dcM G\u0130R\u0130\u015e   \u0130K\u0130NC\u0130 B\u00d6L\u00dcM DEVLET\u0130N EKONOM\u0130DEK\u0130 B\u00dcY\u00dcKL\u00dc\u011e\u00dcN\u00dcN \u00d6L\u00c7\u00dcLMES\u0130 ve KAMU HARCAMALARININ ARTI\u015eININ ANAL\u0130Z\u0130   \u00dc\u00c7\u00dcNC\u00dc B\u00d6L\u00dcM P\u0130YASA BA\u015eARISIZLIKLARI, KAMUSAL M\u00dcDAHALELER ve H\u00dcK\u00dcMET BA\u015eARISIZLIKLARININ DE\u011eERLEND\u0130R\u0130LMES\u0130   D\u00d6RD\u00dcNC\u00dc B\u00d6L\u00dcM REG\u00dcLASYONLARIN ANAL\u0130Z\u0130   BE\u015e\u0130NC\u0130 B\u00d6L\u00dcM DEVLET\u0130N EKONOM\u0130DEK\u0130 ROL\u00dcN\u00dcN ARTI\u015eI: KAMULA\u015eTIRMA ve KAMU \u0130\u015eLETMELER\u0130N\u0130N ANAL\u0130Z\u0130       ALTINCI B\u00d6L\u00dcM DEVLET\u0130N EKONOM\u0130DEK\u0130 ROL\u00dcN\u00dcN AZALMASI: \u00d6ZELLE\u015eT\u0130RMEN\u0130N ANAL\u0130Z\u0130   YED\u0130NC\u0130 B\u00d6L\u00dcM KAMUSAL MALLARIN ANAL\u0130Z\u0130 (T\u00dcRLER\u0130, ETK\u0130N SUNUMU, F\u0130NANSMANI)     SEK\u0130Z\u0130NC\u0130 B\u00d6L\u00dcM DI\u015eSALLIKLAR, B\u0130LG\u0130 BA\u015eARISIZLIKLARI ve DEVLET\u0130N ROL\u00dc   DOKUZUNCU B\u00d6L\u00dcM REFAH EKONOM\u0130S\u0130N\u0130N ANAL\u0130Z\u0130   ONUNCU B\u00d6L\u00dcM POL\u0130T\u0130K EKONOM\u0130 ve S\u0130YASAL KARAR ALMA MEKAN\u0130ZMALARININ ANAL\u0130Z\u0130 <\/p>\n","protected":false},"excerpt":{"rendered":"<p>\u0130\u00e7indekiler : B\u0130R\u0130NC\u0130 B\u00d6L\u00dcM G\u0130R\u0130\u015e \u0130K\u0130NC\u0130 B\u00d6L\u00dcM DEVLET\u0130N EKONOM\u0130DEK\u0130 B\u00dcY\u00dcKL\u00dc\u011e\u00dcN\u00dcN \u00d6L\u00c7\u00dcLMES\u0130 ve KAMU HARCAMALARININ ARTI\u015eININ ANAL\u0130Z\u0130 \u00dc\u00c7\u00dcNC\u00dc B\u00d6L\u00dcM P\u0130YASA BA\u015eARISIZLIKLARI, KAMUSAL M\u00dcDAHALELER ve H\u00dcK\u00dcMET BA\u015eARISIZLIKLARININ DE\u011eERLEND\u0130R\u0130LMES\u0130<span class=\"excerpt-hellip\"> [\u2026]<\/span><\/p>\n","protected":false},"featured_media":0,"template":"","meta":{"_monsterinsights_skip_tracking":false,"_monsterinsights_sitenote_active":false,"_monsterinsights_sitenote_note":"","_monsterinsights_sitenote_category":0},"product_brand":[],"product_cat":[13043],"product_tag":[],"class_list":{"0":"post-761607","1":"product","2":"type-product","3":"status-publish","5":"product_cat-ekonomi","6":"pa_cilt-ciltsiz","7":"pa_tur-kitap","8":"pa_yayinevi-gazi-kitabevi","9":"pa_yazar-sami-buhur","11":"first","12":"instock","13":"sale","14":"shipping-taxable","15":"purchasable","16":"product-type-simple"},"_links":{"self":[{"href":"https:\/\/roveyayinevi.com.tr\/index.php\/wp-json\/wp\/v2\/product\/761607","targetHints":{"allow":["GET"]}}],"collection":[{"href":"https:\/\/roveyayinevi.com.tr\/index.php\/wp-json\/wp\/v2\/product"}],"about":[{"href":"https:\/\/roveyayinevi.com.tr\/index.php\/wp-json\/wp\/v2\/types\/product"}],"wp:attachment":[{"href":"https:\/\/roveyayinevi.com.tr\/index.php\/wp-json\/wp\/v2\/media?parent=761607"}],"wp:term":[{"taxonomy":"product_brand","embeddable":true,"href":"https:\/\/roveyayinevi.com.tr\/index.php\/wp-json\/wp\/v2\/product_brand?post=761607"},{"taxonomy":"product_cat","embeddable":true,"href":"https:\/\/roveyayinevi.com.tr\/index.php\/wp-json\/wp\/v2\/product_cat?post=761607"},{"taxonomy":"product_tag","embeddable":true,"href":"https:\/\/roveyayinevi.com.tr\/index.php\/wp-json\/wp\/v2\/product_tag?post=761607"}],"curies":[{"name":"wp","href":"https:\/\/api.w.org\/{rel}","templated":true}]}}