{"id":761606,"date":"2025-08-28T09:42:14","date_gmt":"2025-08-28T06:42:14","guid":{"rendered":"https:\/\/roveyayinevi.com.tr\/index.php\/urun\/atsiz-ve-irkcilik\/"},"modified":"2026-04-16T03:14:55","modified_gmt":"2026-04-16T00:14:55","slug":"atsiz-ve-irkcilik","status":"publish","type":"product","link":"https:\/\/roveyayinevi.com.tr\/index.php\/urun\/atsiz-ve-irkcilik\/","title":{"rendered":"Ats\u0131z ve Irk\u00e7\u0131l\u0131k"},"content":{"rendered":"<p>Ats\u0131z\u2019la ilgili \u00e7al\u0131\u015fmalar son y\u0131llarda b\u00fcy\u00fck oranda artt\u0131. Mehmet Kaan \u00c7alen\u2019in \u201cAts\u0131z\u2019\u0131 \u00f6zg\u00fcrle\u015ftirmek\u201d amac\u0131yla haz\u0131rlad\u0131\u011f\u0131 bu kitap, Ats\u0131z\u2019a ele\u015ftirel pencereden bakarak \u201cbizim mahalle\u201dnin \u00e7al\u0131\u015fmalar\u0131ndan ayr\u0131 bir yere konumlan\u0131yor. G\u00fcn\u00fcm\u00fczde de tart\u0131\u015fma konusu olan ba\u015fta \u201c\u0131rk\u00e7\u0131l\u0131k\u201d olmak \u00fczere Ats\u0131z\u2019\u0131n \u00e7e\u015fitli d\u00fc\u015f\u00fcnceleri farkl\u0131 y\u00f6nlerden de\u011ferlendiriliyor. <\/p>\n","protected":false},"excerpt":{"rendered":"<p>Ats\u0131z\u2019la ilgili \u00e7al\u0131\u015fmalar son y\u0131llarda b\u00fcy\u00fck oranda artt\u0131. Mehmet Kaan \u00c7alen\u2019in \u201cAts\u0131z\u2019\u0131 \u00f6zg\u00fcrle\u015ftirmek\u201d amac\u0131yla haz\u0131rlad\u0131\u011f\u0131 bu kitap, Ats\u0131z\u2019a ele\u015ftirel pencereden bakarak \u201cbizim mahalle\u201dnin \u00e7al\u0131\u015fmalar\u0131ndan ayr\u0131 bir<span class=\"excerpt-hellip\"> [\u2026]<\/span><\/p>\n","protected":false},"featured_media":0,"template":"","meta":{"_monsterinsights_skip_tracking":false,"_monsterinsights_sitenote_active":false,"_monsterinsights_sitenote_note":"","_monsterinsights_sitenote_category":0},"product_brand":[],"product_cat":[12291,104362],"product_tag":[],"class_list":{"0":"post-761606","1":"product","2":"type-product","3":"status-publish","5":"product_cat-edebiyat","6":"product_cat-makale","7":"pa_cilt-ciltsiz","8":"pa_tur-kitap","9":"pa_yayinevi-otuken-nesriyat","10":"pa_yazar-mehmet-kaan-calen","12":"first","13":"instock","14":"sale","15":"shipping-taxable","16":"purchasable","17":"product-type-simple"},"_links":{"self":[{"href":"https:\/\/roveyayinevi.com.tr\/index.php\/wp-json\/wp\/v2\/product\/761606","targetHints":{"allow":["GET"]}}],"collection":[{"href":"https:\/\/roveyayinevi.com.tr\/index.php\/wp-json\/wp\/v2\/product"}],"about":[{"href":"https:\/\/roveyayinevi.com.tr\/index.php\/wp-json\/wp\/v2\/types\/product"}],"wp:attachment":[{"href":"https:\/\/roveyayinevi.com.tr\/index.php\/wp-json\/wp\/v2\/media?parent=761606"}],"wp:term":[{"taxonomy":"product_brand","embeddable":true,"href":"https:\/\/roveyayinevi.com.tr\/index.php\/wp-json\/wp\/v2\/product_brand?post=761606"},{"taxonomy":"product_cat","embeddable":true,"href":"https:\/\/roveyayinevi.com.tr\/index.php\/wp-json\/wp\/v2\/product_cat?post=761606"},{"taxonomy":"product_tag","embeddable":true,"href":"https:\/\/roveyayinevi.com.tr\/index.php\/wp-json\/wp\/v2\/product_tag?post=761606"}],"curies":[{"name":"wp","href":"https:\/\/api.w.org\/{rel}","templated":true}]}}