{"id":761605,"date":"2025-08-28T09:42:12","date_gmt":"2025-08-28T06:42:12","guid":{"rendered":"https:\/\/roveyayinevi.com.tr\/index.php\/urun\/indim-yarin-bahcesine\/"},"modified":"2026-04-16T03:14:55","modified_gmt":"2026-04-16T00:14:55","slug":"indim-yarin-bahcesine","status":"publish","type":"product","link":"https:\/\/roveyayinevi.com.tr\/index.php\/urun\/indim-yarin-bahcesine\/","title":{"rendered":"\u0130ndim Yarin Bah\u00e7esine"},"content":{"rendered":"<p>Koridorlarda, ko\u011fu\u015flarda alabildi\u011fine insan manzaralar\u0131&#8230; K\u0131m\u0131l k\u0131m\u0131l insan hik\u00e2yeleri, insan h\u00e2lleri&#8230; B\u00fct\u00fcn y\u00fczler kedere programlanm\u0131\u015f. \u015eark\u0131\u015fla t\u00fcrk\u00fcs\u00fcndeki gibi, insan k\u0131s\u0131m k\u0131s\u0131m yer damar damar&#8230; Memnuniyetsizlikler, \u015fik\u00e2yetlenmeler, a\u015f\u0131r\u0131 huzursuzluklar&#8230; Te\u015fekk\u00fcrler, dualar, minnet dolu bak\u0131\u015flar i\u00e7 i\u00e7e helezonla\u015f\u0131yor. T\u00fcrl\u00fc t\u00fcrl\u00fc miza\u00e7, niyet, anlay\u0131\u015f ve fakat temize her \u015fey temiz, kirliye her \u015fey kirli&#8230;B\u00fct\u00fcn duygular \u00fcryan. Arzular\u0131n, bekleyi\u015flerin, dileklerin ucu a\u00e7\u0131k&#8230; Yaralar\u0131n kabu\u011fu kalk\u0131k. Herkes ad\u0131na sahip \u00e7\u0131kar gibi ac\u0131s\u0131na da sahip \u00e7\u0131k\u0131yor. D\u0131\u015f \u00e2leme benzemiyor, burada tiyatro bitiyor, herkes kendisi olmak zorunda. Yoksa ac\u0131lar \u00e7o\u011fal\u0131yor.\u0130la\u00e7 kadar, serum kadar, a\u011fr\u0131 kesici kadar umut da gerekiyor hepimize. O umut ki, hayat\u0131n karde\u015fi&#8230;<\/p>\n","protected":false},"excerpt":{"rendered":"<p>Koridorlarda, ko\u011fu\u015flarda alabildi\u011fine insan manzaralar\u0131&#8230; K\u0131m\u0131l k\u0131m\u0131l insan hik\u00e2yeleri, insan h\u00e2lleri&#8230; B\u00fct\u00fcn y\u00fczler kedere programlanm\u0131\u015f. \u015eark\u0131\u015fla t\u00fcrk\u00fcs\u00fcndeki gibi, insan k\u0131s\u0131m k\u0131s\u0131m yer damar damar&#8230; Memnuniyetsizlikler, \u015fik\u00e2yetlenmeler,<span class=\"excerpt-hellip\"> [\u2026]<\/span><\/p>\n","protected":false},"featured_media":0,"template":"","meta":{"_monsterinsights_skip_tracking":false,"_monsterinsights_sitenote_active":false,"_monsterinsights_sitenote_note":"","_monsterinsights_sitenote_category":0},"product_brand":[],"product_cat":[12777,12291],"product_tag":[],"class_list":{"0":"post-761605","1":"product","2":"type-product","3":"status-publish","5":"product_cat-deneme","6":"product_cat-edebiyat","7":"pa_cilt-ciltsiz","8":"pa_tur-kitap","9":"pa_yayinevi-otuken-nesriyat","10":"pa_yazar-serif-aydemir","12":"first","13":"instock","14":"sale","15":"shipping-taxable","16":"purchasable","17":"product-type-simple"},"_links":{"self":[{"href":"https:\/\/roveyayinevi.com.tr\/index.php\/wp-json\/wp\/v2\/product\/761605","targetHints":{"allow":["GET"]}}],"collection":[{"href":"https:\/\/roveyayinevi.com.tr\/index.php\/wp-json\/wp\/v2\/product"}],"about":[{"href":"https:\/\/roveyayinevi.com.tr\/index.php\/wp-json\/wp\/v2\/types\/product"}],"wp:attachment":[{"href":"https:\/\/roveyayinevi.com.tr\/index.php\/wp-json\/wp\/v2\/media?parent=761605"}],"wp:term":[{"taxonomy":"product_brand","embeddable":true,"href":"https:\/\/roveyayinevi.com.tr\/index.php\/wp-json\/wp\/v2\/product_brand?post=761605"},{"taxonomy":"product_cat","embeddable":true,"href":"https:\/\/roveyayinevi.com.tr\/index.php\/wp-json\/wp\/v2\/product_cat?post=761605"},{"taxonomy":"product_tag","embeddable":true,"href":"https:\/\/roveyayinevi.com.tr\/index.php\/wp-json\/wp\/v2\/product_tag?post=761605"}],"curies":[{"name":"wp","href":"https:\/\/api.w.org\/{rel}","templated":true}]}}