{"id":761604,"date":"2025-08-28T09:42:11","date_gmt":"2025-08-28T06:42:11","guid":{"rendered":"https:\/\/roveyayinevi.com.tr\/index.php\/urun\/insan-haklarinin-patolojisi\/"},"modified":"2026-04-16T03:14:55","modified_gmt":"2026-04-16T00:14:55","slug":"insan-haklarinin-patolojisi","status":"publish","type":"product","link":"https:\/\/roveyayinevi.com.tr\/index.php\/urun\/insan-haklarinin-patolojisi\/","title":{"rendered":"\u0130nsan Haklar\u0131n\u0131n Patolojisi"},"content":{"rendered":"<p>Son d\u00f6nemde insan haklar\u0131n\u0131n \u201cson\u201duna dair bir\u00e7ok \u015fey s\u00f6ylendi. Bilhassa Douzinas bu sonu do\u011frudan ve cesaretle hayk\u0131rd\u0131. Bu \u00e7al\u0131\u015fma, malumun ilan\u0131 denilecek bu tabloyu kabul etmekle birlikte insan haklar\u0131n\u0131n geldi\u011fi noktay\u0131 \u00e7ok daha paradoksal bir yerden kuruyor. Toplumsal sahan\u0131n her yerine da\u011f\u0131lan neoliberal hak talepk\u00e2rl\u0131l\u0131\u011f\u0131n\u0131n insan haklar\u0131n\u0131n ontolojisini darmada\u011f\u0131n etti\u011fini savunuyor. Hak taleplerinin neoliberal bireyselli\u011fin i\u00e7erisinden y\u00fckselmeye ba\u015flad\u0131\u011f\u0131 yerde kar\u015f\u0131la\u015ft\u0131\u011f\u0131m\u0131z \u201chaklar enflasyonu\u201dnun her \u015feyi nas\u0131l da kutsalla\u015ft\u0131rd\u0131\u011f\u0131n\u0131 g\u00f6zler \u00f6n\u00fcne seriyor. Nitekim her talebin bir insan hakk\u0131 s\u00f6ylemi i\u00e7erisine yerle\u015ftirilme \u00e7abas\u0131n\u0131n insan haklar\u0131n\u0131n s\u00f6ylemsel alan\u0131n\u0131 bo\u015faltmak demek oldu\u011funu biliyoruz. Elbette ki, bunun politik olan\u0131 da sarst\u0131\u011f\u0131n\u0131 g\u00f6z ard\u0131 etmemek gerekiyor. Politik olan\u0131n m\u00fc\u015ftere\u011fin \u00fcretimiyle ele al\u0131nmas\u0131 ile bireyselli\u011fe yasland\u0131r\u0131lmas\u0131 aras\u0131nda antagonizma oldu\u011funu vurgulamak \u00f6nemli bir zorunluluk. Bu y\u00fczden de \u015fu sorular\u0131 g\u00fc\u00e7l\u00fc bir \u015fekilde sormak mecburiyetindeyiz: \u201cHakk\u0131n bir talep s\u0131n\u0131r\u0131 var m\u0131d\u0131r?\u201d, \u201cbu talep s\u00fcreklili\u011finin yasayla ili\u015fkisi nedir?\u201d veya \u201cbu talepk\u00e2rl\u0131k politik olanla nas\u0131l d\u00fc\u015f\u00fcn\u00fclebilir?\u201d. Bu sorular, akl\u0131m\u0131za hemen gelebilecek baz\u0131 kavramlar\u0131 da ortaya \u00e7\u0131kar\u0131yor. \u201cB\u00fcy\u00fck-\u00f6teki\u201d, \u201ctan\u0131ma\u201d, \u201cempati\u201d, \u201cba\u015fkal\u0131k-eti\u011fi\u201d\u2026 \u0130\u015fte \u0130nsan Haklar\u0131n\u0131n Patolojisi, bizleri bu kavramlar\u0131 haklar enflasyonu i\u00e7erisinde yeniden d\u00fc\u015f\u00fcnmeye \u00e7a\u011f\u0131r\u0131yor. <\/p>\n","protected":false},"excerpt":{"rendered":"<p>Son d\u00f6nemde insan haklar\u0131n\u0131n \u201cson\u201duna dair bir\u00e7ok \u015fey s\u00f6ylendi. Bilhassa Douzinas bu sonu do\u011frudan ve cesaretle hayk\u0131rd\u0131. Bu \u00e7al\u0131\u015fma, malumun ilan\u0131 denilecek bu tabloyu kabul etmekle<span class=\"excerpt-hellip\"> [\u2026]<\/span><\/p>\n","protected":false},"featured_media":0,"template":"","meta":{"_monsterinsights_skip_tracking":false,"_monsterinsights_sitenote_active":false,"_monsterinsights_sitenote_note":"","_monsterinsights_sitenote_category":0},"product_brand":[],"product_cat":[12324],"product_tag":[],"class_list":{"0":"post-761604","1":"product","2":"type-product","3":"status-publish","5":"product_cat-sosyoloji","6":"pa_cilt-ciltsiz","7":"pa_tur-kitap","8":"pa_yayinevi-nika-yayinevi","9":"pa_yazar-durdu-baran-ciftci","11":"first","12":"instock","13":"sale","14":"shipping-taxable","15":"purchasable","16":"product-type-simple"},"_links":{"self":[{"href":"https:\/\/roveyayinevi.com.tr\/index.php\/wp-json\/wp\/v2\/product\/761604","targetHints":{"allow":["GET"]}}],"collection":[{"href":"https:\/\/roveyayinevi.com.tr\/index.php\/wp-json\/wp\/v2\/product"}],"about":[{"href":"https:\/\/roveyayinevi.com.tr\/index.php\/wp-json\/wp\/v2\/types\/product"}],"wp:attachment":[{"href":"https:\/\/roveyayinevi.com.tr\/index.php\/wp-json\/wp\/v2\/media?parent=761604"}],"wp:term":[{"taxonomy":"product_brand","embeddable":true,"href":"https:\/\/roveyayinevi.com.tr\/index.php\/wp-json\/wp\/v2\/product_brand?post=761604"},{"taxonomy":"product_cat","embeddable":true,"href":"https:\/\/roveyayinevi.com.tr\/index.php\/wp-json\/wp\/v2\/product_cat?post=761604"},{"taxonomy":"product_tag","embeddable":true,"href":"https:\/\/roveyayinevi.com.tr\/index.php\/wp-json\/wp\/v2\/product_tag?post=761604"}],"curies":[{"name":"wp","href":"https:\/\/api.w.org\/{rel}","templated":true}]}}