{"id":761603,"date":"2025-08-28T09:42:09","date_gmt":"2025-08-28T06:42:09","guid":{"rendered":"https:\/\/roveyayinevi.com.tr\/index.php\/urun\/dusman-ceza-hukuku\/"},"modified":"2025-11-21T10:32:15","modified_gmt":"2025-11-21T07:32:15","slug":"dusman-ceza-hukuku","status":"publish","type":"product","link":"https:\/\/roveyayinevi.com.tr\/index.php\/urun\/dusman-ceza-hukuku\/","title":{"rendered":"D\u00fc\u015fman Ceza Hukuku"},"content":{"rendered":"<p>Sosyal-siyasal b\u00fct\u00fcnl\u00fc\u011f\u00fcn bir par\u00e7as\u0131 olmak ya da olmamak Antikite\u2019den bu yana belli ba\u015fl\u0131 kavramlar\u0131n bu konumlara ve stat\u00fclere atfedilmesiyle ifade buluyor. Grek toplumunun d\u00fc\u015f\u00fck de\u011ferli \u201cinsansoyu\u201dnu (anthropos) polis d\u00fczenine kat\u0131p katmama dilemmas\u0131 ile Roma\u2019da hi\u00e7bir yasa ile korunmayan yaban\u0131l hayat\u0131n medeniyet\u00e7e kavranmas\u0131 meseleleri, aradan ge\u00e7en biny\u0131llara ra\u011fmen modernli\u011fin de temel a\u00e7maz\u0131 olarak g\u00fcncelli\u011fini koruyor. Politik s\u00f6ylemler ve politik eylemler i\u00e7in olu\u015fturulmu\u015f kamusal uzam\u0131n hepimizi e\u015fit k\u0131lan ortam\u0131ndan mahrum kald\u0131\u011f\u0131m\u0131z, kendi hesab\u0131na bireyler olarak kabul edildi\u011fimiz ama kendinde insan varl\u0131\u011f\u0131 olarak kabul edilmedi\u011fimiz bir toplumdaki g\u00f6r\u00fcnme bi\u00e7imimizin, yani farkl\u0131l\u0131klar\u0131n, kutsal b\u00fct\u00fcnl\u00fc\u011f\u00fc bozanlar\u0131n feda edilmesinin tarihi, talihsiz bir uygarl\u0131k tarihidir de ayn\u0131 zamanda: Antik d\u00fcnden Post-Westphalian bug\u00fcne dek. <\/p>\n","protected":false},"excerpt":{"rendered":"<p>Sosyal-siyasal b\u00fct\u00fcnl\u00fc\u011f\u00fcn bir par\u00e7as\u0131 olmak ya da olmamak Antikite\u2019den bu yana belli ba\u015fl\u0131 kavramlar\u0131n bu konumlara ve stat\u00fclere atfedilmesiyle ifade buluyor. Grek toplumunun d\u00fc\u015f\u00fck de\u011ferli \u201cinsansoyu\u201dnu<span class=\"excerpt-hellip\"> [\u2026]<\/span><\/p>\n","protected":false},"featured_media":0,"template":"","meta":{"_monsterinsights_skip_tracking":false,"_monsterinsights_sitenote_active":false,"_monsterinsights_sitenote_note":"","_monsterinsights_sitenote_category":0},"product_brand":[],"product_cat":[15350],"product_tag":[],"class_list":{"0":"post-761603","1":"product","2":"type-product","3":"status-publish","5":"product_cat-hukuk","6":"pa_cilt-ciltsiz","7":"pa_tur-kitap","8":"pa_yayinevi-zoe-kitap","9":"pa_yazar-ozan-deger","11":"first","12":"instock","13":"sale","14":"shipping-taxable","15":"purchasable","16":"product-type-simple"},"_links":{"self":[{"href":"https:\/\/roveyayinevi.com.tr\/index.php\/wp-json\/wp\/v2\/product\/761603","targetHints":{"allow":["GET"]}}],"collection":[{"href":"https:\/\/roveyayinevi.com.tr\/index.php\/wp-json\/wp\/v2\/product"}],"about":[{"href":"https:\/\/roveyayinevi.com.tr\/index.php\/wp-json\/wp\/v2\/types\/product"}],"wp:attachment":[{"href":"https:\/\/roveyayinevi.com.tr\/index.php\/wp-json\/wp\/v2\/media?parent=761603"}],"wp:term":[{"taxonomy":"product_brand","embeddable":true,"href":"https:\/\/roveyayinevi.com.tr\/index.php\/wp-json\/wp\/v2\/product_brand?post=761603"},{"taxonomy":"product_cat","embeddable":true,"href":"https:\/\/roveyayinevi.com.tr\/index.php\/wp-json\/wp\/v2\/product_cat?post=761603"},{"taxonomy":"product_tag","embeddable":true,"href":"https:\/\/roveyayinevi.com.tr\/index.php\/wp-json\/wp\/v2\/product_tag?post=761603"}],"curies":[{"name":"wp","href":"https:\/\/api.w.org\/{rel}","templated":true}]}}