{"id":761602,"date":"2025-08-28T09:42:08","date_gmt":"2025-08-28T06:42:08","guid":{"rendered":"https:\/\/roveyayinevi.com.tr\/index.php\/urun\/visne-bahcesinde-savas\/"},"modified":"2026-04-16T03:14:55","modified_gmt":"2026-04-16T00:14:55","slug":"visne-bahcesinde-savas","status":"publish","type":"product","link":"https:\/\/roveyayinevi.com.tr\/index.php\/urun\/visne-bahcesinde-savas\/","title":{"rendered":"Vi\u015fne Bah\u00e7esi\u2019nde Sava\u015f"},"content":{"rendered":"<p>Rusya, 1917 Ekim Devrimi\u2019nden sonra bir kez daha tarihin ak\u0131\u015f\u0131na m\u00fcdahale etti. Ukrayna\u2019da ba\u015flayan anla\u015fmazl\u0131k k\u0131sa s\u00fcre i\u00e7erisinde Rusya ile Bat\u0131 aras\u0131nda \u015fiddetli bir sava\u015fa d\u00f6n\u00fc\u015ft\u00fc.  D\u00fcnyay\u0131 adeta ikiye b\u00f6len sava\u015f, sadece askeri de\u011fil ekonomik, siyasi, diplomatik ve k\u00fclt\u00fcrel alanlarda derinle\u015ferek s\u00fcr\u00fcyor. Kazan\u0131lan ve kaybedilen her cephe, d\u00fcnyan\u0131n kaderini yak\u0131ndan ilgilendiriyor. Peki Ruslar bu geli\u015fmelere nas\u0131l bak\u0131yor? Rusya\u2019da siyasetin bile\u015fenleri milliyet\u00e7iler, Avrasyac\u0131lar, kom\u00fcnistler ve Kilise Rusya\u2019n\u0131n ve d\u00fcnyan\u0131n gidi\u015fat\u0131n\u0131 nas\u0131l de\u011ferlendiriyor? Moskova yeni bir ideolojik d\u00f6n\u00fc\u015f\u00fcme mi haz\u0131rlan\u0131yor? Kremlin\u2019in penceresinden Amerika Birle\u015fik Devletleri, \u00c7in ve Avrupa\u2019yla ili\u015fkiler nas\u0131l g\u00f6z\u00fck\u00fcyor? Rusya ile Bat\u0131 aras\u0131ndaki sava\u015fta T\u00fcrkiye\u2019nin siyasetleri nas\u0131l de\u011ferlendiriliyor? Sovyetler Birli\u011fi tecr\u00fcbesine d\u00f6n\u00fc\u015f m\u00fcmk\u00fcn m\u00fc? Milliyet\u00e7iler, Avrasyac\u0131lar ve kom\u00fcnistler aras\u0131nda ittifak olas\u0131l\u0131\u011f\u0131 var m\u0131? Kilise Rusya siyasetinde nas\u0131l bir rol oynuyor? \u00c7in\u2019in Ku\u015fak ve Yol Projesi Rusya\u2019da nas\u0131l kar\u015f\u0131lan\u0131yor? Yeni D\u00fcnya Rusya i\u00e7in ne anlam ifade ediyor? Rusya\u2019n\u0131n \u0130slam d\u00fcnyas\u0131na y\u00f6nelik stratejisi neleri i\u00e7eriyor? Cephe hatt\u0131nda neler ya\u015fan\u0131yor? Kitab\u0131n yazar\u0131, Rusya\u2019n\u0131n d\u00fcn\u00fc, bug\u00fcn\u00fc ve gelece\u011fiyle ilgili sorular\u0131n cevaplar\u0131n\u0131 Aleksandr Dugin ve Sergey Glazyev ba\u015fta olmak \u00fczere Rusya\u2019n\u0131n \u00f6nde gelen d\u00fc\u015f\u00fcn\u00fcr, siyaset\u00e7i, ekonomist, din adam\u0131 ve gazetecilerinde ararken di\u011fer yandan Moskova ve sava\u015f\u0131n s\u00fcrd\u00fc\u011f\u00fc cephe hatt\u0131ndan g\u00f6zlemlerini edebi bir dille aktar\u0131yor. D\u00fcnyan\u0131n gidi\u015fat\u0131n\u0131 anlamak ve Rusya\u2019n\u0131n kap\u0131s\u0131n\u0131 aralamak isteyenlere\u2026 <\/p>\n","protected":false},"excerpt":{"rendered":"<p>Rusya, 1917 Ekim Devrimi\u2019nden sonra bir kez daha tarihin ak\u0131\u015f\u0131na m\u00fcdahale etti. Ukrayna\u2019da ba\u015flayan anla\u015fmazl\u0131k k\u0131sa s\u00fcre i\u00e7erisinde Rusya ile Bat\u0131 aras\u0131nda \u015fiddetli bir sava\u015fa d\u00f6n\u00fc\u015ft\u00fc.<span class=\"excerpt-hellip\"> [\u2026]<\/span><\/p>\n","protected":false},"featured_media":0,"template":"","meta":{"_monsterinsights_skip_tracking":false,"_monsterinsights_sitenote_active":false,"_monsterinsights_sitenote_note":"","_monsterinsights_sitenote_category":0},"product_brand":[],"product_cat":[13590,12337],"product_tag":[],"class_list":{"0":"post-761602","1":"product","2":"type-product","3":"status-publish","5":"product_cat-arastirma-inceleme-politika-siyaset","6":"product_cat-politika-siyaset","7":"pa_cilt-ciltsiz","8":"pa_tur-kitap","9":"pa_yayinevi-kirmizi-kedi-yayinevi","10":"pa_yazar-onur-sinan-guzaltan","12":"first","13":"instock","14":"sale","15":"shipping-taxable","16":"purchasable","17":"product-type-simple"},"_links":{"self":[{"href":"https:\/\/roveyayinevi.com.tr\/index.php\/wp-json\/wp\/v2\/product\/761602","targetHints":{"allow":["GET"]}}],"collection":[{"href":"https:\/\/roveyayinevi.com.tr\/index.php\/wp-json\/wp\/v2\/product"}],"about":[{"href":"https:\/\/roveyayinevi.com.tr\/index.php\/wp-json\/wp\/v2\/types\/product"}],"wp:attachment":[{"href":"https:\/\/roveyayinevi.com.tr\/index.php\/wp-json\/wp\/v2\/media?parent=761602"}],"wp:term":[{"taxonomy":"product_brand","embeddable":true,"href":"https:\/\/roveyayinevi.com.tr\/index.php\/wp-json\/wp\/v2\/product_brand?post=761602"},{"taxonomy":"product_cat","embeddable":true,"href":"https:\/\/roveyayinevi.com.tr\/index.php\/wp-json\/wp\/v2\/product_cat?post=761602"},{"taxonomy":"product_tag","embeddable":true,"href":"https:\/\/roveyayinevi.com.tr\/index.php\/wp-json\/wp\/v2\/product_tag?post=761602"}],"curies":[{"name":"wp","href":"https:\/\/api.w.org\/{rel}","templated":true}]}}