{"id":761601,"date":"2025-08-28T09:42:06","date_gmt":"2025-08-28T06:42:06","guid":{"rendered":"https:\/\/roveyayinevi.com.tr\/index.php\/urun\/helal-gida\/"},"modified":"2026-04-16T03:14:55","modified_gmt":"2026-04-16T00:14:55","slug":"helal-gida","status":"publish","type":"product","link":"https:\/\/roveyayinevi.com.tr\/index.php\/urun\/helal-gida\/","title":{"rendered":"Helal G\u0131da"},"content":{"rendered":"<p>\u0130sl\u00e2miyet\u2019teki \u201chelal\u201d g\u0131da kavram\u0131n\u0131 tarihsel bir perspektifle, derinlemesine ele alan Febe Armanios ve Bo\u011fa\u00e7 Ergene, M\u00fcsl\u00fcmanlar\u0131n beslenme anlay\u0131\u015flar\u0131na ve g\u0131da tercihlerine kapsaml\u0131 bir bak\u0131\u015f sunuyorlar. Kuran\u2019dan, hadislerden ve din\u00ee pratiklerden yola \u00e7\u0131k\u0131p beslenme kurallar\u0131 ve \u0130sl\u00e2m aras\u0131ndaki ili\u015fkiye odaklanarak helal g\u0131dan\u0131n temel ilkelerini, tarih\u00ee seyrini, ba\u015fka dinlerle olan ili\u015fkisini inceleyen Helal G\u0131da, ge\u00e7mi\u015ften g\u00fcn\u00fcm\u00fcze M\u00fcsl\u00fcmanlar\u0131n beslenme kurallar\u0131n\u0131 nas\u0131l yorumlad\u0131klar\u0131n\u0131, bu yorumlar\u0131n co\u011frafi, k\u00fclt\u00fcrel, mezhepsel farkl\u0131l\u0131klar dolay\u0131s\u0131yla nas\u0131l de\u011fi\u015febildi\u011fini sergiliyor. Yazarlar helal g\u0131dan\u0131n modern d\u00fcnyadaki yerini ortaya koymay\u0131, k\u00fcresel ticaret a\u011f\u0131nda ciddi yer kaplamaya ba\u015flayan \u201chelal g\u0131da pazar\u0131\u201dn\u0131n \u00e7e\u015fitli y\u00f6nlerine bakmay\u0131 da ihmal etmiyorlar: End\u00fcstriyel hayvanc\u0131l\u0131k ve et \u00fcretimiyle helal ili\u015fkisi, helal \u00fcr\u00fcn sertifikalar\u0131, k\u00fcresel helal ticaret, katk\u0131 maddeleri ve paketlenmi\u015f g\u0131dalarda helale uygunluk, alternatif yiyecek-i\u00e7ecekler, helal g\u0131dan\u0131n etik, sa\u011fl\u0131k ve \u00e7evre bilinciyle ilgili boyutlar\u0131, mutfak k\u00fclt\u00fcr\u00fc, fast food zincirleri, kamusal alanlarda sunulan yemekler\u2026Helal G\u0131da, hayat\u0131n \u00e7ok i\u00e7indeki, dinamik bir din\u00ee kavram\u0131n yap\u0131s\u0131n\u0131 daha yak\u0131ndan incelemek isteyenler i\u00e7in oldu\u011fu kadar yemek\/mutfak k\u00fclt\u00fcr\u00fcn\u00fcn farkl\u0131 ve \u00f6nemli bir boyutuna, beslenme geleneklerine ilgi duyanlar i\u00e7in de \u00f6nemli bir kaynak.(\u2026) Helal \u00fczerine yapt\u0131klar\u0131 \u00e7al\u0131\u015fmay\u0131 21. y\u00fczy\u0131l\u0131n ba\u015flar\u0131na ta\u015f\u0131yan yazarlar, \u00fclkeler g\u0131da d\u00fczenlemelerini b\u00fcrokratikle\u015ftirdik\u00e7e; t\u00fcketiciler din\u00ee kimliklerini korumaya veya vurgulamaya daha hevesli hale geldik\u00e7e; k\u00fcresel g\u0131da ithalat\u0131yla birlikte et t\u00fcketim oranlar\u0131 artt\u0131k\u00e7a M\u00fcsl\u00fcmanlar aras\u0131ndaki tart\u0131\u015fmalar\u0131n nas\u0131l yo\u011funla\u015ft\u0131\u011f\u0131n\u0131 g\u00f6steriyor. (&#8230;)HEATHER J. SHARKEYA History of Muslims, Christians, and Jews in the Middle East kitab\u0131n\u0131n yazar\u0131<\/p>\n","protected":false},"excerpt":{"rendered":"<p>\u0130sl\u00e2miyet\u2019teki \u201chelal\u201d g\u0131da kavram\u0131n\u0131 tarihsel bir perspektifle, derinlemesine ele alan Febe Armanios ve Bo\u011fa\u00e7 Ergene, M\u00fcsl\u00fcmanlar\u0131n beslenme anlay\u0131\u015flar\u0131na ve g\u0131da tercihlerine kapsaml\u0131 bir bak\u0131\u015f sunuyorlar. Kuran\u2019dan,<span class=\"excerpt-hellip\"> [\u2026]<\/span><\/p>\n","protected":false},"featured_media":0,"template":"","meta":{"_monsterinsights_skip_tracking":false,"_monsterinsights_sitenote_active":false,"_monsterinsights_sitenote_note":"","_monsterinsights_sitenote_category":0},"product_brand":[],"product_cat":[12718,12719],"product_tag":[],"class_list":{"0":"post-761601","1":"product","2":"type-product","3":"status-publish","5":"product_cat-din","6":"product_cat-islam","7":"pa_cilt-ciltsiz","8":"pa_tur-kitap","9":"pa_yayinevi-iletisim-yayinlari","10":"pa_yazar-febe-armanios-bogac-ergene","12":"first","13":"instock","14":"sale","15":"shipping-taxable","16":"purchasable","17":"product-type-simple"},"_links":{"self":[{"href":"https:\/\/roveyayinevi.com.tr\/index.php\/wp-json\/wp\/v2\/product\/761601","targetHints":{"allow":["GET"]}}],"collection":[{"href":"https:\/\/roveyayinevi.com.tr\/index.php\/wp-json\/wp\/v2\/product"}],"about":[{"href":"https:\/\/roveyayinevi.com.tr\/index.php\/wp-json\/wp\/v2\/types\/product"}],"wp:attachment":[{"href":"https:\/\/roveyayinevi.com.tr\/index.php\/wp-json\/wp\/v2\/media?parent=761601"}],"wp:term":[{"taxonomy":"product_brand","embeddable":true,"href":"https:\/\/roveyayinevi.com.tr\/index.php\/wp-json\/wp\/v2\/product_brand?post=761601"},{"taxonomy":"product_cat","embeddable":true,"href":"https:\/\/roveyayinevi.com.tr\/index.php\/wp-json\/wp\/v2\/product_cat?post=761601"},{"taxonomy":"product_tag","embeddable":true,"href":"https:\/\/roveyayinevi.com.tr\/index.php\/wp-json\/wp\/v2\/product_tag?post=761601"}],"curies":[{"name":"wp","href":"https:\/\/api.w.org\/{rel}","templated":true}]}}