{"id":761600,"date":"2025-08-28T09:42:05","date_gmt":"2025-08-28T06:42:05","guid":{"rendered":"https:\/\/roveyayinevi.com.tr\/index.php\/urun\/dijital-dunyada-cocuklara-destek-ve-rehberlik\/"},"modified":"2026-04-16T03:14:55","modified_gmt":"2026-04-16T00:14:55","slug":"dijital-dunyada-cocuklara-destek-ve-rehberlik","status":"publish","type":"product","link":"https:\/\/roveyayinevi.com.tr\/index.php\/urun\/dijital-dunyada-cocuklara-destek-ve-rehberlik\/","title":{"rendered":"Dijital D\u00fcnyada \u00c7ocuklara Destek ve Rehberlik"},"content":{"rendered":"<p>\u201c\u00c7ocu\u011fum tableti elinden b\u0131rakm\u0131yor.\u201d \u201c\u0130mdat, o\u011flum oyun ba\u011f\u0131ml\u0131s\u0131 oldu!\u201d \u201cErgen k\u0131z\u0131m kendi YouTube kanal\u0131n\u0131 a\u00e7mak istiyor, ne yapmal\u0131y\u0131m?\u201d Bu ve benzer endi\u015feler, bug\u00fcn anne babalar\u0131n ba\u015fl\u0131ca dert ve s\u0131k\u0131nt\u0131 kaynaklar\u0131 aras\u0131nda. \u00d6te yandan dijital d\u00fcnya art\u0131k geri d\u00f6n\u00fc\u015fs\u00fcz bir \u015fekilde yerle\u015fik ve vazge\u00e7ilmez bir olgu olarak hayat\u0131m\u0131zda. O halde endi\u015felerimizi nas\u0131l y\u00f6netmeli ve \u00e7ocuklar\u0131m\u0131z\u0131n dijital d\u00fcnyayla ili\u015fkisini nas\u0131l ele almal\u0131y\u0131z? \u00c7ocuklar t\u0131pk\u0131 hayat\u0131n di\u011fer alanlar\u0131nda oldu\u011fu gibi dijital alanda nas\u0131l hareket edecekleri konusunda da deste\u011fe ve rehberli\u011fe ihtiya\u00e7 duyarlar. Dolay\u0131s\u0131yla aileler olarak kendimize \u015fu sorular\u0131 sormal\u0131 ve cevaplar\u0131n\u0131 hep birlikte aramal\u0131y\u0131z: \u00c7ocuklar\u0131m\u0131z\u0131 gelecekte nas\u0131l bir i\u015f d\u00fcnyas\u0131 bekliyor? Ara\u015ft\u0131rma yetkinli\u011fi nedir ve \u00e7ocuklara nas\u0131l kazand\u0131r\u0131l\u0131r? Medya okur yazarl\u0131\u011f\u0131 e\u011fitimi evde mi, okullarda m\u0131 verilmeli? \u0130nternet ne t\u00fcr tehlikeler bar\u0131nd\u0131r\u0131r ve \u00e7ocuklar bunlardan nas\u0131l korunur? Bilgisayar oyunlar\u0131 \u00e7ocuklar\u0131 \u015fiddete mi y\u00f6nlendirir? \u0130nternet reklamlar\u0131 ve influencer\u2019lar konusunda \u00e7ocuklara nas\u0131l fark\u0131ndal\u0131k kazand\u0131r\u0131l\u0131r? \u00c7ocuk arama motorlar\u0131 ve \u00f6\u011frenme uygulamalar\u0131 se\u00e7erken nelere dikkat edilmeli? Farkl\u0131 ya\u015flar i\u00e7in ne kadar ekran s\u00fcresi uygundur? \u0130lk cep telefonu i\u00e7in do\u011fru ya\u015f ne olmal\u0131d\u0131r? WhatsApp, Instagram, TikTok ve Snapchat gibi platformlarda \u00e7ocu\u011fun g\u00fcvenli\u011fi nas\u0131l sa\u011flan\u0131r? Siber zorbal\u0131k, siber u\u015fakla\u015ft\u0131rma ve sexting nedir, \u00e7ocuklar bunlardan nas\u0131l korunur? Dijital e\u011fitim uzmanlar\u0131 Leonie Lutz ve Anika Osthoff Dijital D\u00fcnyada \u00c7ocuklara Destek ve Rehberlik\u2019te internet d\u00fcnyas\u0131nda ailece g\u00fcvenli, yetkin ve yarat\u0131c\u0131 bir \u015fekilde var olman\u0131n yollar\u0131n\u0131 tart\u0131\u015f\u0131yorlar. Do\u011fru y\u00f6nlendirmeyle hem beraber e\u011flenceli vakit ge\u00e7irmenin hem de \u00e7ocuklar\u0131 yar\u0131n\u0131n d\u00fcnyas\u0131na haz\u0131rlaman\u0131n m\u00fcmk\u00fcn oldu\u011funu g\u00f6steriyorlar. \u00c7ocuklar\u0131n\u0131n ekran ba\u015f\u0131nda ge\u00e7irdikleri s\u00fcreden dolay\u0131 rahats\u0131zl\u0131k duyan, bu nedenle aile ya\u015famlar\u0131n\u0131n tehlikeye d\u00fc\u015ft\u00fc\u011f\u00fcn\u00fc d\u00fc\u015f\u00fcnen t\u00fcm ebeveynler i\u00e7in ilham verici bir ba\u015fucu kitab\u0131.<\/p>\n","protected":false},"excerpt":{"rendered":"<p>\u201c\u00c7ocu\u011fum tableti elinden b\u0131rakm\u0131yor.\u201d \u201c\u0130mdat, o\u011flum oyun ba\u011f\u0131ml\u0131s\u0131 oldu!\u201d \u201cErgen k\u0131z\u0131m kendi YouTube kanal\u0131n\u0131 a\u00e7mak istiyor, ne yapmal\u0131y\u0131m?\u201d Bu ve benzer endi\u015feler, bug\u00fcn anne babalar\u0131n ba\u015fl\u0131ca<span class=\"excerpt-hellip\"> [\u2026]<\/span><\/p>\n","protected":false},"featured_media":0,"template":"","meta":{"_monsterinsights_skip_tracking":false,"_monsterinsights_sitenote_active":false,"_monsterinsights_sitenote_note":"","_monsterinsights_sitenote_category":0},"product_brand":[],"product_cat":[12679,12357],"product_tag":[],"class_list":{"0":"post-761600","1":"product","2":"type-product","3":"status-publish","5":"product_cat-cocuk-psikolojisi","6":"product_cat-psikoloji","7":"pa_cilt-ciltsiz","8":"pa_tur-kitap","9":"pa_yayinevi-iletisim-yayinlari","10":"pa_yazar-leonie-lutz-anika-osthof","12":"first","13":"instock","14":"sale","15":"shipping-taxable","16":"purchasable","17":"product-type-simple"},"_links":{"self":[{"href":"https:\/\/roveyayinevi.com.tr\/index.php\/wp-json\/wp\/v2\/product\/761600","targetHints":{"allow":["GET"]}}],"collection":[{"href":"https:\/\/roveyayinevi.com.tr\/index.php\/wp-json\/wp\/v2\/product"}],"about":[{"href":"https:\/\/roveyayinevi.com.tr\/index.php\/wp-json\/wp\/v2\/types\/product"}],"wp:attachment":[{"href":"https:\/\/roveyayinevi.com.tr\/index.php\/wp-json\/wp\/v2\/media?parent=761600"}],"wp:term":[{"taxonomy":"product_brand","embeddable":true,"href":"https:\/\/roveyayinevi.com.tr\/index.php\/wp-json\/wp\/v2\/product_brand?post=761600"},{"taxonomy":"product_cat","embeddable":true,"href":"https:\/\/roveyayinevi.com.tr\/index.php\/wp-json\/wp\/v2\/product_cat?post=761600"},{"taxonomy":"product_tag","embeddable":true,"href":"https:\/\/roveyayinevi.com.tr\/index.php\/wp-json\/wp\/v2\/product_tag?post=761600"}],"curies":[{"name":"wp","href":"https:\/\/api.w.org\/{rel}","templated":true}]}}