{"id":761599,"date":"2025-08-28T09:42:04","date_gmt":"2025-08-28T06:42:04","guid":{"rendered":"https:\/\/roveyayinevi.com.tr\/index.php\/urun\/insan\/"},"modified":"2026-04-16T03:14:55","modified_gmt":"2026-04-16T00:14:55","slug":"insan","status":"publish","type":"product","link":"https:\/\/roveyayinevi.com.tr\/index.php\/urun\/insan\/","title":{"rendered":"\u0130nsan"},"content":{"rendered":"<p>\u0130nsan nedir? \u0130nsan olmayan nedir? Amanda Rees ve Charlotte Sleigh ilk bak\u0131\u015fta basit gibi g\u00f6r\u00fcnen ama cevaplaman\u0131n \u00e7ok da kolay olmad\u0131\u011f\u0131 bu sorular\u0131n pe\u015fine d\u00fc\u015f\u00fcyorlar. Tarihte, k\u00fclt\u00fcrde, mitolojide, bilimde, sanatta ve siyasette insan\u0131n izini s\u00fcrerek \u00d6teki\u2019nden nerede ve nas\u0131l ayr\u0131ld\u0131\u011f\u0131na odaklan\u0131yorlar. \u0130nsan\u0131 hayvan, hominini, makine, kad\u0131n, tanr\u0131 ve yabanc\u0131yla mukayese ederek insan tan\u0131m\u0131n\u0131n s\u0131n\u0131rlar\u0131n\u0131n nas\u0131l \u00e7izilebilece\u011fine bir yol ar\u0131yorlar. Bunu yaparken insan\u0131n i\u00e7inde oldu\u011fu zaman\u0131n, mek\u00e2n\u0131n ve toplum yap\u0131s\u0131n\u0131n \u00f6neminin ne denli belirleyici oldu\u011funu g\u00f6steriyorlar. \u0130nsan, benzersizlik iddias\u0131 ta\u015f\u0131yan bir grubun, yani insan\u0131n tan\u0131m\u0131n\u0131 yapmaya \u00e7al\u0131\u015fman\u0131n zorlu\u011funu yans\u0131t\u0131rken, birey olarak insan\u0131n da neye benzedi\u011fini bizzat kavramaya \u00e7al\u0131\u015ft\u0131\u011f\u0131n\u0131 g\u00f6steren, d\u00fc\u015f\u00fcnmeye sevk eden bir eser. \u201c\u0130nsanl\u0131\u011f\u0131n, tan\u0131mlanmas\u0131 nam\u00fcmk\u00fcn bir \u015fey oldu\u011funu ve belki de t\u00fcrlerin s\u0131n\u0131rlar\u0131 i\u00e7inde d\u00fc\u015f\u00fcn\u00fclmemesi gerekti\u011fini ileri s\u00fcr\u00fcyoruz. Aksine, i\u00e7eriye al\u0131nan \u015feyin ya da kimsenin muhteviyat\u0131na bakmadan, insanl\u0131\u011f\u0131 \u00e7er\u00e7eveleyen bir kapsama hareketi bu. \u0130nsanl\u0131k \u2013\u00f6yle bir \u015fey varsa tabii\u2013 ne talep edilebilir ne de bah\u015fedilebilir, yaln\u0131zca k\u0131r\u0131lgan, ge\u00e7ici bir takdimle, yani \u00d6teki ile olan ili\u015fkinin idrakiyle var olabilir.\u201d<\/p>\n","protected":false},"excerpt":{"rendered":"<p>\u0130nsan nedir? \u0130nsan olmayan nedir? Amanda Rees ve Charlotte Sleigh ilk bak\u0131\u015fta basit gibi g\u00f6r\u00fcnen ama cevaplaman\u0131n \u00e7ok da kolay olmad\u0131\u011f\u0131 bu sorular\u0131n pe\u015fine d\u00fc\u015f\u00fcyorlar. Tarihte,<span class=\"excerpt-hellip\"> [\u2026]<\/span><\/p>\n","protected":false},"featured_media":0,"template":"","meta":{"_monsterinsights_skip_tracking":false,"_monsterinsights_sitenote_active":false,"_monsterinsights_sitenote_note":"","_monsterinsights_sitenote_category":0},"product_brand":[],"product_cat":[12337],"product_tag":[],"class_list":{"0":"post-761599","1":"product","2":"type-product","3":"status-publish","5":"product_cat-politika-siyaset","6":"pa_cilt-ciltsiz","7":"pa_tur-kitap","8":"pa_yayinevi-iletisim-yayinlari","9":"pa_yazar-amanda-rees-charlotte-sleigh","11":"first","12":"instock","13":"sale","14":"shipping-taxable","15":"purchasable","16":"product-type-simple"},"_links":{"self":[{"href":"https:\/\/roveyayinevi.com.tr\/index.php\/wp-json\/wp\/v2\/product\/761599","targetHints":{"allow":["GET"]}}],"collection":[{"href":"https:\/\/roveyayinevi.com.tr\/index.php\/wp-json\/wp\/v2\/product"}],"about":[{"href":"https:\/\/roveyayinevi.com.tr\/index.php\/wp-json\/wp\/v2\/types\/product"}],"wp:attachment":[{"href":"https:\/\/roveyayinevi.com.tr\/index.php\/wp-json\/wp\/v2\/media?parent=761599"}],"wp:term":[{"taxonomy":"product_brand","embeddable":true,"href":"https:\/\/roveyayinevi.com.tr\/index.php\/wp-json\/wp\/v2\/product_brand?post=761599"},{"taxonomy":"product_cat","embeddable":true,"href":"https:\/\/roveyayinevi.com.tr\/index.php\/wp-json\/wp\/v2\/product_cat?post=761599"},{"taxonomy":"product_tag","embeddable":true,"href":"https:\/\/roveyayinevi.com.tr\/index.php\/wp-json\/wp\/v2\/product_tag?post=761599"}],"curies":[{"name":"wp","href":"https:\/\/api.w.org\/{rel}","templated":true}]}}