{"id":761598,"date":"2025-08-28T09:42:02","date_gmt":"2025-08-28T06:42:02","guid":{"rendered":"https:\/\/roveyayinevi.com.tr\/index.php\/urun\/marksizmin-icadi\/"},"modified":"2026-04-16T03:14:55","modified_gmt":"2026-04-16T00:14:55","slug":"marksizmin-icadi","status":"publish","type":"product","link":"https:\/\/roveyayinevi.com.tr\/index.php\/urun\/marksizmin-icadi\/","title":{"rendered":"Marksizmin \u0130cad\u0131"},"content":{"rendered":"<p>\u201cKarl Kautsky, Eduard Bernstein, Rosa Luxemburg, Victor Adler, Jean Jaur\u00e8s, Jules Guesde, Georgi Plehanov, Vladimir I. Lenin ve Peter B. Struve. Bunlar\u0131n her biri Marksizmin entelekt\u00fcel kurucu neslinin mensubudur. (\u2026) Onlar kendi \u00fclkelerinde Marksist sosyalizmin \u00f6nde gelen teorisyen ve pratisyenleri oldular, dolay\u0131s\u0131yla \u2018Marksizm\u2019in \u2018Alt\u0131n \u00c7a\u011f\u0131\u2019n\u0131 \u015fekillendirdiler.\u201d Christina Morina, 19. y\u00fczy\u0131l \/ 20. y\u00fczy\u0131l d\u00f6n\u00fcm\u00fcnde Marksizmin bir \u00f6\u011freti, bir siyasal hareket, bir ahl\u00e2ki angajman olarak kurumla\u015fma evresini; dokuz \u00f6nc\u00fc fig\u00fcr\u00fcn \u00fczerinden anlat\u0131yor. Marksizmin \u0130cad\u0131, Fransa, Almanya, Avusturya ve Rusya\u2019daki bu dokuz kahraman\u0131n nas\u0131l sosyalle\u015fti\u011fini, Marksizmle nas\u0131l bulu\u015ftu\u011funu, sosyalist harekete nas\u0131l angaje oldu\u011funu, \u201cToplumsal Sorun\u201dla ve emek\u00e7ilerle somut ili\u015fkisini irdeliyor. Hepsinin ya\u015farken tan\u0131kl\u0131k etti\u011fi 1905 Rus Devrimi\u2019ni nas\u0131l kar\u015f\u0131lad\u0131klar\u0131n\u0131 mukayese ediyor. Saha ara\u015ft\u0131rmac\u0131s\u0131, kitapkurdu ve maceraperest tipolojileriyle tasnif etti\u011fi kahramanlar\u0131n\u0131n yol ayr\u0131mlar\u0131n\u0131 ve ayr\u0131l\u0131klar\u0131 i\u00e7indeki ortak noktalar\u0131n\u0131 inceliyor. \u00d6zel bir ku\u015fa\u011f\u0131n serencam\u0131 ile bir siyasal ak\u0131m\u0131n olu\u015fumunun i\u00e7 i\u00e7e ge\u00e7ti\u011fi, zengin bir hik\u00e2ye\u2026<\/p>\n","protected":false},"excerpt":{"rendered":"<p>\u201cKarl Kautsky, Eduard Bernstein, Rosa Luxemburg, Victor Adler, Jean Jaur\u00e8s, Jules Guesde, Georgi Plehanov, Vladimir I. Lenin ve Peter B. Struve. Bunlar\u0131n her biri Marksizmin entelekt\u00fcel<span class=\"excerpt-hellip\"> [\u2026]<\/span><\/p>\n","protected":false},"featured_media":0,"template":"","meta":{"_monsterinsights_skip_tracking":false,"_monsterinsights_sitenote_active":false,"_monsterinsights_sitenote_note":"","_monsterinsights_sitenote_category":0},"product_brand":[],"product_cat":[12337],"product_tag":[],"class_list":{"0":"post-761598","1":"product","2":"type-product","3":"status-publish","5":"product_cat-politika-siyaset","6":"pa_cilt-ciltsiz","7":"pa_tur-kitap","8":"pa_yayinevi-iletisim-yayinlari","9":"pa_yazar-christina-morina","11":"first","12":"instock","13":"sale","14":"shipping-taxable","15":"purchasable","16":"product-type-simple"},"_links":{"self":[{"href":"https:\/\/roveyayinevi.com.tr\/index.php\/wp-json\/wp\/v2\/product\/761598","targetHints":{"allow":["GET"]}}],"collection":[{"href":"https:\/\/roveyayinevi.com.tr\/index.php\/wp-json\/wp\/v2\/product"}],"about":[{"href":"https:\/\/roveyayinevi.com.tr\/index.php\/wp-json\/wp\/v2\/types\/product"}],"wp:attachment":[{"href":"https:\/\/roveyayinevi.com.tr\/index.php\/wp-json\/wp\/v2\/media?parent=761598"}],"wp:term":[{"taxonomy":"product_brand","embeddable":true,"href":"https:\/\/roveyayinevi.com.tr\/index.php\/wp-json\/wp\/v2\/product_brand?post=761598"},{"taxonomy":"product_cat","embeddable":true,"href":"https:\/\/roveyayinevi.com.tr\/index.php\/wp-json\/wp\/v2\/product_cat?post=761598"},{"taxonomy":"product_tag","embeddable":true,"href":"https:\/\/roveyayinevi.com.tr\/index.php\/wp-json\/wp\/v2\/product_tag?post=761598"}],"curies":[{"name":"wp","href":"https:\/\/api.w.org\/{rel}","templated":true}]}}