{"id":761597,"date":"2025-08-28T09:42:01","date_gmt":"2025-08-28T06:42:01","guid":{"rendered":"https:\/\/roveyayinevi.com.tr\/index.php\/urun\/cinsel-aykiriliklar\/"},"modified":"2026-03-03T03:33:16","modified_gmt":"2026-03-03T00:33:16","slug":"cinsel-aykiriliklar","status":"publish","type":"product","link":"https:\/\/roveyayinevi.com.tr\/index.php\/urun\/cinsel-aykiriliklar\/","title":{"rendered":"Cinsel Ayk\u0131r\u0131l\u0131klar"},"content":{"rendered":"<p>Sak\u0131ncal\u0131 i\u00e7erik nedir, sap\u0131k insan kimdir? Kim, kimden, ni\u00e7in sak\u0131nmal\u0131d\u0131r? Cinsel Ayk\u0131r\u0131l\u0131klar yaln\u0131zca birka\u00e7 s\u00f6zc\u00fckle \u00f6zetlenebilse belki de \u015f\u00f6yle olurdu: \u201cDo\u011fu\u015ftan veya kendi arzular\u0131yla ayk\u0131r\u0131 cinsellikler ya\u015fayan insanlar\u0131n; toplumun \u2018sap\u0131k\u2019, t\u0131bb\u0131n \u2018hasta\u2019, devletin \u2018su\u00e7lu\u2019 yaftalamas\u0131yla ve akademik unutkanl\u0131kla imtihan\u0131.\u201d Gayle S. Rubin, ayk\u0131r\u0131 olan, yoldan \u00e7\u0131kan ve yaftalanan t\u00fcm cinselliklere ve cinsiyetlere reng\u00e2renk bir \u015femsiye tutuyor. Zaten i\u00e7imizde kar\u0131\u015f\u0131k olan y\u00f6nelimleri ve kimlikleri bardaktan ta\u015f\u0131r\u0131rken akademisyenleri ve eylemcileri kapsay\u0131c\u0131l\u0131\u011f\u0131 kucaklamay\u0131 unutmamaya \u00e7a\u011f\u0131r\u0131yor. Rubin, kuir ve LGBT\u0130 terimlerini kulland\u0131\u011f\u0131 gibi, bu terimlerle \u00e7izilen \u00e7er\u00e7evenin de d\u0131\u015f\u0131na ta\u015fan veya hep ak\u0131\u015fan, belki de o \u00e7er\u00e7evede hi\u00e7 temsil edilmedi\u011fi i\u00e7in daha da saklanan, topluluk i\u00e7i tart\u0131\u015fmalar\u0131 alevlendiren t\u00fcm kimlik ve hazlar\u0131 kapsamak maksad\u0131yla cinsel yelpaze, cinsiyet yelpazesi ve cinsel ayk\u0131r\u0131lar gibi terimler \u00f6neriyor. \u201cAyk\u0131r\u0131lar\u201d kuir, kink ve ak\u0131\u015fkan gibi g\u00f6rece yeni s\u00f6zc\u00fcklerle a\u00e7\u0131lmay\u0131 ve kenetlenmeyi s\u00fcrd\u00fcr\u00fcrken, LGBT\u0130 \u00e7er\u00e7evesi kapsay\u0131c\u0131l\u0131k u\u011fruna yeni harflerle, +\u2019larla \u00e7o\u011fal\u0131rken Cinsel Ayk\u0131r\u0131l\u0131klar, cinsellik ve cinsiyet yolculu\u011funun 1970\u2019lerden 2000\u2019lere g\u00fcncesi ya da 2020\u2019lerden 2030\u2019lara k\u0131lavuzu gibi okunabilir. \u201cKusursuz s\u0131n\u0131fland\u0131rmalar ve ge\u00e7ilmez s\u0131n\u0131rlar i\u00e7in sava\u015fmak yerine farkl\u0131l\u0131klar\u0131 birer arma\u011fan, sapmalar\u0131 birer de\u011fer addeden ve t\u00fcm temel ilkelere sa\u011flam bir ku\u015fkuculukla yakla\u015fan bir topluluk i\u00e7in didinelim.\u201d<\/p>\n","protected":false},"excerpt":{"rendered":"<p>Sak\u0131ncal\u0131 i\u00e7erik nedir, sap\u0131k insan kimdir? Kim, kimden, ni\u00e7in sak\u0131nmal\u0131d\u0131r? Cinsel Ayk\u0131r\u0131l\u0131klar yaln\u0131zca birka\u00e7 s\u00f6zc\u00fckle \u00f6zetlenebilse belki de \u015f\u00f6yle olurdu: \u201cDo\u011fu\u015ftan veya kendi arzular\u0131yla ayk\u0131r\u0131 cinsellikler<span class=\"excerpt-hellip\"> [\u2026]<\/span><\/p>\n","protected":false},"featured_media":0,"template":"","meta":{"_monsterinsights_skip_tracking":false,"_monsterinsights_sitenote_active":false,"_monsterinsights_sitenote_note":"","_monsterinsights_sitenote_category":0},"product_brand":[],"product_cat":[12337],"product_tag":[],"class_list":{"0":"post-761597","1":"product","2":"type-product","3":"status-publish","5":"product_cat-politika-siyaset","6":"pa_cilt-ciltsiz","7":"pa_tur-kitap","8":"pa_yayinevi-iletisim-yayinlari","9":"pa_yazar-gayle-s-rubin","11":"first","12":"instock","13":"sale","14":"shipping-taxable","15":"purchasable","16":"product-type-simple"},"_links":{"self":[{"href":"https:\/\/roveyayinevi.com.tr\/index.php\/wp-json\/wp\/v2\/product\/761597","targetHints":{"allow":["GET"]}}],"collection":[{"href":"https:\/\/roveyayinevi.com.tr\/index.php\/wp-json\/wp\/v2\/product"}],"about":[{"href":"https:\/\/roveyayinevi.com.tr\/index.php\/wp-json\/wp\/v2\/types\/product"}],"wp:attachment":[{"href":"https:\/\/roveyayinevi.com.tr\/index.php\/wp-json\/wp\/v2\/media?parent=761597"}],"wp:term":[{"taxonomy":"product_brand","embeddable":true,"href":"https:\/\/roveyayinevi.com.tr\/index.php\/wp-json\/wp\/v2\/product_brand?post=761597"},{"taxonomy":"product_cat","embeddable":true,"href":"https:\/\/roveyayinevi.com.tr\/index.php\/wp-json\/wp\/v2\/product_cat?post=761597"},{"taxonomy":"product_tag","embeddable":true,"href":"https:\/\/roveyayinevi.com.tr\/index.php\/wp-json\/wp\/v2\/product_tag?post=761597"}],"curies":[{"name":"wp","href":"https:\/\/api.w.org\/{rel}","templated":true}]}}