{"id":761596,"date":"2025-08-28T09:41:59","date_gmt":"2025-08-28T06:41:59","guid":{"rendered":"https:\/\/roveyayinevi.com.tr\/index.php\/urun\/haksiz-tahrik\/"},"modified":"2026-04-16T03:14:55","modified_gmt":"2026-04-16T00:14:55","slug":"haksiz-tahrik","status":"publish","type":"product","link":"https:\/\/roveyayinevi.com.tr\/index.php\/urun\/haksiz-tahrik\/","title":{"rendered":"Haks\u0131z Tahrik"},"content":{"rendered":"<p>\u201cHaks\u0131z tahrik indirimi, isyank\u00e2r itaatsizleri \u00f6ld\u00fcren erkeklere \u2018erkeklik indirimi\u2019 uygulayarak kad\u0131na \u015fiddeti yasal \u015fiddet \u015feklinde me\u015frula\u015ft\u0131rma arac\u0131d\u0131r. Eril tahakk\u00fcm\u00fcn hukuk k\u00fclt\u00fcr\u00fcndeki kalesidir.\u201d Haks\u0131z tahrik indirimi, Ceza Kanunu\u2019nun ilgili maddesinde cinsiyete dair herhangi bir ifade bulunmasa da, as\u0131l olarak kad\u0131n cinayetinin cezas\u0131n\u0131n indirilmesi anlam\u0131na geliyor. Bu indirim, cezas\u0131zl\u0131k sorununun bir par\u00e7as\u0131 oldu\u011fu kadar, hukuk d\u00fczeni ile ataerkil d\u00fczen aras\u0131ndaki \u201cfikir birli\u011fi\u201dne de i\u015faret ediyor. Feminist hareketin \u201cerkeklik indirimi\u201d demesi, bo\u015funa de\u011fil! Erkeklerin hangi \u201chaks\u0131z\u201d fiiller kar\u015f\u0131s\u0131nda tahrik olabilecekleri konusundaki fikir birli\u011fini, verilen haks\u0131z tahrik indirimlerinde izleyebiliyoruz: \u201cCilveli cilveli\u201d saat sormak, beyaz tayt giymek, erkekli\u011fine laf etmek, do\u011fum kontrol hap\u0131 kullanmak, e\u015finin ikram etti\u011fi portakal suyunu i\u00e7memek\u2026 Haks\u0131z Tahrik\u2019te Eylem \u00dcmit At\u0131lgan, say\u0131s\u0131z mahkeme tutana\u011f\u0131, karar metni ve gazete haberini inceleyerek, buradan \u00e7\u0131kan bulgular\u0131 derinlikli bir okumaya t\u00e2bi tutuyor. Feminist bir hukuk akademisyeni olarak, \u201chaks\u0131z tahrik\u201d d\u00fczenlemesinin lafz\u0131n\u0131 ve uygulanmas\u0131n\u0131 hukuk sosyolojisinin ve felsefesinin \u0131\u015f\u0131\u011f\u0131nda yorumluyor.<\/p>\n","protected":false},"excerpt":{"rendered":"<p>\u201cHaks\u0131z tahrik indirimi, isyank\u00e2r itaatsizleri \u00f6ld\u00fcren erkeklere \u2018erkeklik indirimi\u2019 uygulayarak kad\u0131na \u015fiddeti yasal \u015fiddet \u015feklinde me\u015frula\u015ft\u0131rma arac\u0131d\u0131r. Eril tahakk\u00fcm\u00fcn hukuk k\u00fclt\u00fcr\u00fcndeki kalesidir.\u201d Haks\u0131z tahrik indirimi, Ceza<span class=\"excerpt-hellip\"> [\u2026]<\/span><\/p>\n","protected":false},"featured_media":0,"template":"","meta":{"_monsterinsights_skip_tracking":false,"_monsterinsights_sitenote_active":false,"_monsterinsights_sitenote_note":"","_monsterinsights_sitenote_category":0},"product_brand":[],"product_cat":[15350,17602],"product_tag":[],"class_list":{"0":"post-761596","1":"product","2":"type-product","3":"status-publish","5":"product_cat-hukuk","6":"product_cat-hukuk-uzerine","7":"pa_cilt-ciltsiz","8":"pa_tur-kitap","9":"pa_yayinevi-iletisim-yayinlari","10":"pa_yazar-eylem-umit-atilgan","12":"first","13":"instock","14":"sale","15":"shipping-taxable","16":"purchasable","17":"product-type-simple"},"_links":{"self":[{"href":"https:\/\/roveyayinevi.com.tr\/index.php\/wp-json\/wp\/v2\/product\/761596","targetHints":{"allow":["GET"]}}],"collection":[{"href":"https:\/\/roveyayinevi.com.tr\/index.php\/wp-json\/wp\/v2\/product"}],"about":[{"href":"https:\/\/roveyayinevi.com.tr\/index.php\/wp-json\/wp\/v2\/types\/product"}],"wp:attachment":[{"href":"https:\/\/roveyayinevi.com.tr\/index.php\/wp-json\/wp\/v2\/media?parent=761596"}],"wp:term":[{"taxonomy":"product_brand","embeddable":true,"href":"https:\/\/roveyayinevi.com.tr\/index.php\/wp-json\/wp\/v2\/product_brand?post=761596"},{"taxonomy":"product_cat","embeddable":true,"href":"https:\/\/roveyayinevi.com.tr\/index.php\/wp-json\/wp\/v2\/product_cat?post=761596"},{"taxonomy":"product_tag","embeddable":true,"href":"https:\/\/roveyayinevi.com.tr\/index.php\/wp-json\/wp\/v2\/product_tag?post=761596"}],"curies":[{"name":"wp","href":"https:\/\/api.w.org\/{rel}","templated":true}]}}