{"id":761593,"date":"2025-08-28T09:41:53","date_gmt":"2025-08-28T06:41:53","guid":{"rendered":"https:\/\/roveyayinevi.com.tr\/index.php\/urun\/gunes-tutulmasi\/"},"modified":"2026-04-16T03:14:55","modified_gmt":"2026-04-16T00:14:55","slug":"gunes-tutulmasi","status":"publish","type":"product","link":"https:\/\/roveyayinevi.com.tr\/index.php\/urun\/gunes-tutulmasi\/","title":{"rendered":"G\u00fcne\u015f Tutulmas\u0131"},"content":{"rendered":"<p>AY \u00c7ARPMASI\u2019YLA BA\u015eLAYAN ESNAF \u0130\u015e\u0130 A\u015eK\u2019IN SICACIK SER\u00dcVEN\u0130, G\u00dcNE\u015e TUTULMASI\u2019YLA SON S\u00dcRAT DEVAM ED\u0130YOR. Fatih\u2019le ya\u015fad\u0131\u011f\u0131 y\u00fczle\u015fmede \u00f6\u011frendikleri, Nil\u2019in dengesini alt\u00fcst etmi\u015ftir. \u0130\u00e7inde uyanan kaosa ra\u011fmen Nil, sevdiklerinin \u00fcz\u00fcl\u00fcp incinmesini istemedi\u011finden, tutulma gecesi ve sonras\u0131nda olanlar\u0131 kimseyle payla\u015famaz fakat Fatih\u2019in yapt\u0131klar\u0131n\u0131n cezas\u0131z kalmas\u0131 d\u00fc\u015f\u00fcncesine de katlanamamaktad\u0131r. Misilleme yapmakta kararl\u0131d\u0131r ancak ataca\u011f\u0131 her ad\u0131mda gizlilik esas olacakt\u0131r. Ne var ki esnaflar\u0131n \u00e7ok iyi bildi\u011fi \u00fczere, evdeki hesap \u00e7ar\u015f\u0131ya uymaz. Mahallede kaynayan dedikodu kazanlar\u0131, sinsi g\u00f6r\u00fcc\u00fcler ve Bursal\u0131lara dadanan ars\u0131z h\u0131rs\u0131zlar \u00fc\u00e7geninde i\u015fler sarpa sarmaya ba\u015flar. Fatih\u2019in \u00f6fkeyle kalk\u0131p zararla oturmas\u0131yla kalbinde ans\u0131z\u0131n filizlenen kitap sevgisi ve K\u00fcr\u015fat\u2019\u0131n kendi ki\u015fisel hesaplar\u0131 da karga\u015fay\u0131 k\u00f6r\u00fckler. Ay\u2019\u0131n g\u00f6lgesi D\u00fcnya\u2019n\u0131n \u00fczerine d\u00fc\u015ft\u00fc\u011f\u00fcnde G\u00fcne\u015f ortadan kaybolur ve ayd\u0131nl\u0131k aniden karanl\u0131\u011fa g\u00f6m\u00fcl\u00fcr. G\u00f6ky\u00fcz\u00fcne bakan insan hem korkar hem de b\u00fcy\u00fclenir. \u0130nsan\u0131 insan yapan da \u00e7eli\u015fkileri de\u011fil midir zaten? Do\u011fru zannetti\u011fi yanl\u0131\u015flar\u0131, tutulmamak i\u00e7in \u00e7\u0131rp\u0131nd\u0131\u011f\u0131 a\u00e7mazlar\u0131 vard\u0131r insan\u0131n. Kusursuzlu\u011fun tuza\u011f\u0131na d\u00fc\u015fmeyip kendisiyle bar\u0131\u015fabildi\u011finde, kalbinin kap\u0131lar\u0131 aralanabilir ancak. G\u00dcNE\u015e TUTULMASI, OKURLARI A\u0130LE BA\u011eLARI, ARKADA\u015eLIK VE A\u015eK \u00dcZER\u0130NE G\u00dcR\u00dcLT\u00dcL\u00dc PATIRTILI KOM\u0130K B\u0130R YOLCULU\u011eA DAVET ED\u0130YOR.<\/p>\n","protected":false},"excerpt":{"rendered":"<p>AY \u00c7ARPMASI\u2019YLA BA\u015eLAYAN ESNAF \u0130\u015e\u0130 A\u015eK\u2019IN SICACIK SER\u00dcVEN\u0130, G\u00dcNE\u015e TUTULMASI\u2019YLA SON S\u00dcRAT DEVAM ED\u0130YOR. Fatih\u2019le ya\u015fad\u0131\u011f\u0131 y\u00fczle\u015fmede \u00f6\u011frendikleri, Nil\u2019in dengesini alt\u00fcst etmi\u015ftir. \u0130\u00e7inde uyanan kaosa ra\u011fmen<span class=\"excerpt-hellip\"> [\u2026]<\/span><\/p>\n","protected":false},"featured_media":0,"template":"","meta":{"_monsterinsights_skip_tracking":false,"_monsterinsights_sitenote_active":false,"_monsterinsights_sitenote_note":"","_monsterinsights_sitenote_category":0},"product_brand":[],"product_cat":[12291,12711],"product_tag":[],"class_list":{"0":"post-761593","1":"product","2":"type-product","3":"status-publish","5":"product_cat-edebiyat","6":"product_cat-roman-oyku","7":"pa_cilt-ciltsiz","8":"pa_tur-kitap","9":"pa_yayinevi-artemis-yayinlari","10":"pa_yazar-sezen-aksin","12":"first","13":"instock","14":"sale","15":"shipping-taxable","16":"purchasable","17":"product-type-simple"},"_links":{"self":[{"href":"https:\/\/roveyayinevi.com.tr\/index.php\/wp-json\/wp\/v2\/product\/761593","targetHints":{"allow":["GET"]}}],"collection":[{"href":"https:\/\/roveyayinevi.com.tr\/index.php\/wp-json\/wp\/v2\/product"}],"about":[{"href":"https:\/\/roveyayinevi.com.tr\/index.php\/wp-json\/wp\/v2\/types\/product"}],"wp:attachment":[{"href":"https:\/\/roveyayinevi.com.tr\/index.php\/wp-json\/wp\/v2\/media?parent=761593"}],"wp:term":[{"taxonomy":"product_brand","embeddable":true,"href":"https:\/\/roveyayinevi.com.tr\/index.php\/wp-json\/wp\/v2\/product_brand?post=761593"},{"taxonomy":"product_cat","embeddable":true,"href":"https:\/\/roveyayinevi.com.tr\/index.php\/wp-json\/wp\/v2\/product_cat?post=761593"},{"taxonomy":"product_tag","embeddable":true,"href":"https:\/\/roveyayinevi.com.tr\/index.php\/wp-json\/wp\/v2\/product_tag?post=761593"}],"curies":[{"name":"wp","href":"https:\/\/api.w.org\/{rel}","templated":true}]}}