{"id":761592,"date":"2025-08-28T09:41:51","date_gmt":"2025-08-28T06:41:51","guid":{"rendered":"https:\/\/roveyayinevi.com.tr\/index.php\/urun\/gozyasi-ustasi\/"},"modified":"2026-04-16T03:14:55","modified_gmt":"2026-04-16T00:14:55","slug":"gozyasi-ustasi","status":"publish","type":"product","link":"https:\/\/roveyayinevi.com.tr\/index.php\/urun\/gozyasi-ustasi\/","title":{"rendered":"G\u00f6zya\u015f\u0131 Ustas\u0131"},"content":{"rendered":"<p>\u0130talyan yazar Erin Doom\u2019un b\u00fcy\u00fck sansasyon yaratan, 26 dile \u00e7evrilen ve pop\u00fcler bir filme de uyarlanan roman\u0131 G\u00f6zya\u015f\u0131 Ustas\u0131, imk\u00e2ns\u0131z bir a\u015fk\u0131n y\u0131k\u0131c\u0131 ve s\u00fcr\u00fckleyici \u00f6yk\u00fcs\u00fcn\u00fc g\u00f6zler \u00f6n\u00fcne seriyor.   \u0130MK\u00c2NSIZ B\u0130R A\u015eK, TEK BI\u0307R KESI\u0307NLI\u0307K: G\u00d6ZYA\u015eI USTASI\u2019NA YALAN S\u00d6YLEYEMEZS\u0130N   \u201cPeri masallar\u0131na hep inanm\u0131\u015ft\u0131m. Her zaman bir tanesini ya\u015famay\u0131 ummu\u015ftum. Ve \u015fimdi&#8230; \u0130\u00e7indeydim. Sayfalar aras\u0131nda y\u00fcr\u00fcyordum, k\u00e2\u011f\u0131t yollardan ge\u00e7iyordum. Ama m\u00fcrekkep daml\u0131yordu. Yanl\u0131\u015f peri masal\u0131na d\u00fc\u015fm\u00fc\u015ft\u00fcm.\u201d   Efsaneler G\u00f6zya\u015f\u0131 Ustas\u0131\u2019ndan bahseder; cam gibi berrak g\u00f6zlerinden kristal g\u00f6zya\u015flar\u0131 yaratma yetene\u011fine sahip solgun y\u00fczl\u00fc tekinsiz bir zanaatk\u00e2rdan. K\u00fc\u00e7\u00fck ya\u015fta kimsesiz kalan ve bask\u0131c\u0131 bir <\/p>\n","protected":false},"excerpt":{"rendered":"<p>\u0130talyan yazar Erin Doom\u2019un b\u00fcy\u00fck sansasyon yaratan, 26 dile \u00e7evrilen ve pop\u00fcler bir filme de uyarlanan roman\u0131 G\u00f6zya\u015f\u0131 Ustas\u0131, imk\u00e2ns\u0131z bir a\u015fk\u0131n y\u0131k\u0131c\u0131 ve s\u00fcr\u00fckleyici \u00f6yk\u00fcs\u00fcn\u00fc<span class=\"excerpt-hellip\"> [\u2026]<\/span><\/p>\n","protected":false},"featured_media":0,"template":"","meta":{"_monsterinsights_skip_tracking":false,"_monsterinsights_sitenote_active":false,"_monsterinsights_sitenote_note":"","_monsterinsights_sitenote_category":0},"product_brand":[],"product_cat":[12291,12711],"product_tag":[],"class_list":{"0":"post-761592","1":"product","2":"type-product","3":"status-publish","5":"product_cat-edebiyat","6":"product_cat-roman-oyku","7":"pa_cilt-ciltsiz","8":"pa_tur-kitap","9":"pa_yayinevi-eksik-parca-yayinlari","10":"pa_yazar-erin-doom","12":"first","13":"instock","14":"sale","15":"shipping-taxable","16":"purchasable","17":"product-type-simple"},"_links":{"self":[{"href":"https:\/\/roveyayinevi.com.tr\/index.php\/wp-json\/wp\/v2\/product\/761592","targetHints":{"allow":["GET"]}}],"collection":[{"href":"https:\/\/roveyayinevi.com.tr\/index.php\/wp-json\/wp\/v2\/product"}],"about":[{"href":"https:\/\/roveyayinevi.com.tr\/index.php\/wp-json\/wp\/v2\/types\/product"}],"wp:attachment":[{"href":"https:\/\/roveyayinevi.com.tr\/index.php\/wp-json\/wp\/v2\/media?parent=761592"}],"wp:term":[{"taxonomy":"product_brand","embeddable":true,"href":"https:\/\/roveyayinevi.com.tr\/index.php\/wp-json\/wp\/v2\/product_brand?post=761592"},{"taxonomy":"product_cat","embeddable":true,"href":"https:\/\/roveyayinevi.com.tr\/index.php\/wp-json\/wp\/v2\/product_cat?post=761592"},{"taxonomy":"product_tag","embeddable":true,"href":"https:\/\/roveyayinevi.com.tr\/index.php\/wp-json\/wp\/v2\/product_tag?post=761592"}],"curies":[{"name":"wp","href":"https:\/\/api.w.org\/{rel}","templated":true}]}}