{"id":761590,"date":"2025-08-28T09:41:47","date_gmt":"2025-08-28T06:41:47","guid":{"rendered":"https:\/\/roveyayinevi.com.tr\/index.php\/urun\/maria-ile-luka-sordular-soyledik\/"},"modified":"2026-04-16T03:14:55","modified_gmt":"2026-04-16T00:14:55","slug":"maria-ile-luka-sordular-soyledik","status":"publish","type":"product","link":"https:\/\/roveyayinevi.com.tr\/index.php\/urun\/maria-ile-luka-sordular-soyledik\/","title":{"rendered":"Maria ile Luka Sordular S\u00f6yledik"},"content":{"rendered":"<p>\u0130slam toplumunda M\u00fcsl\u00fcmanlarla i\u00e7 i\u00e7e ya\u015fad\u0131\u011f\u0131m\u0131z i\u00e7in hep k\u00fc\u00e7\u00fck meselelerle u\u011fra\u015f\u0131ld\u0131\u011f\u0131n\u0131 g\u00f6rd\u00fck\u00e7e can\u0131m s\u0131k\u0131l\u0131rd\u0131. Cemaatlerin, tarikatlar\u0131n, hocalar\u0131n, \u015feyhlerin dedikodular\u0131ndan, k\u0131s\u0131r \u00e7eki\u015fmelerinden bir sonu\u00e7 \u00e7\u0131kmayaca\u011f\u0131n\u0131 bildi\u011fim i\u00e7in hep uzak durmay\u0131 tercih ederdim. M\u00fcsl\u00fcmana d\u0131\u015far\u0131dan yap\u0131lan h\u00fccumlara, \u0130slam\u2019a ve \u0130slam toplumuna kar\u015f\u0131 a\u00e7\u0131lan ac\u0131mas\u0131z sava\u015fa kar\u015f\u0131 M\u00fcsl\u00fcmanlar\u0131n tek bir y\u00fcrek halinde olmamalar\u0131na bir anlam veremezdim. Bu halde bile anlams\u0131z yorumlarla din ad\u0131na taviz \u00fcretenleri, dini yozla\u015ft\u0131rmak isteyenlere kar\u015f\u0131 ko\u015far ad\u0131m gidenleri hep yad\u0131rgad\u0131m. \u0130slam ad\u0131na konu\u015fan ilim adamlar\u0131ndan el birli\u011fi ve g\u00f6n\u00fcl birli\u011fiyle bu gidi\u015fe dur diyecek bir tav\u0131r bekledim, evet y\u0131llarca bekledim. Ama olmad\u0131, olmuyor\u2026 Birka\u00e7 cesur y\u00fcrek \u00e7\u0131k\u0131yor ama sesini duyuram\u0131yor. K\u0131s\u0131k sesle de bir yere var\u0131lm\u0131yor. \u0130slam ger\u00e7e\u011fini g\u00fcr sesle, koro halinde hayk\u0131racak ger\u00e7ek bilim adamlar\u0131na ihtiya\u00e7 var. <\/p>\n","protected":false},"excerpt":{"rendered":"<p>\u0130slam toplumunda M\u00fcsl\u00fcmanlarla i\u00e7 i\u00e7e ya\u015fad\u0131\u011f\u0131m\u0131z i\u00e7in hep k\u00fc\u00e7\u00fck meselelerle u\u011fra\u015f\u0131ld\u0131\u011f\u0131n\u0131 g\u00f6rd\u00fck\u00e7e can\u0131m s\u0131k\u0131l\u0131rd\u0131. Cemaatlerin, tarikatlar\u0131n, hocalar\u0131n, \u015feyhlerin dedikodular\u0131ndan, k\u0131s\u0131r \u00e7eki\u015fmelerinden bir sonu\u00e7 \u00e7\u0131kmayaca\u011f\u0131n\u0131 bildi\u011fim i\u00e7in<span class=\"excerpt-hellip\"> [\u2026]<\/span><\/p>\n","protected":false},"featured_media":0,"template":"","meta":{"_monsterinsights_skip_tracking":false,"_monsterinsights_sitenote_active":false,"_monsterinsights_sitenote_note":"","_monsterinsights_sitenote_category":0},"product_brand":[],"product_cat":[12718,12719],"product_tag":[],"class_list":{"0":"post-761590","1":"product","2":"type-product","3":"status-publish","5":"product_cat-din","6":"product_cat-islam","7":"pa_cilt-ciltsiz","8":"pa_tur-kitap","9":"pa_yayinevi-gulnar-yayinlari","10":"pa_yazar-ethem-erkoc","12":"first","13":"instock","14":"sale","15":"shipping-taxable","16":"purchasable","17":"product-type-simple"},"_links":{"self":[{"href":"https:\/\/roveyayinevi.com.tr\/index.php\/wp-json\/wp\/v2\/product\/761590","targetHints":{"allow":["GET"]}}],"collection":[{"href":"https:\/\/roveyayinevi.com.tr\/index.php\/wp-json\/wp\/v2\/product"}],"about":[{"href":"https:\/\/roveyayinevi.com.tr\/index.php\/wp-json\/wp\/v2\/types\/product"}],"wp:attachment":[{"href":"https:\/\/roveyayinevi.com.tr\/index.php\/wp-json\/wp\/v2\/media?parent=761590"}],"wp:term":[{"taxonomy":"product_brand","embeddable":true,"href":"https:\/\/roveyayinevi.com.tr\/index.php\/wp-json\/wp\/v2\/product_brand?post=761590"},{"taxonomy":"product_cat","embeddable":true,"href":"https:\/\/roveyayinevi.com.tr\/index.php\/wp-json\/wp\/v2\/product_cat?post=761590"},{"taxonomy":"product_tag","embeddable":true,"href":"https:\/\/roveyayinevi.com.tr\/index.php\/wp-json\/wp\/v2\/product_tag?post=761590"}],"curies":[{"name":"wp","href":"https:\/\/api.w.org\/{rel}","templated":true}]}}