{"id":761589,"date":"2025-08-28T09:41:45","date_gmt":"2025-08-28T06:41:45","guid":{"rendered":"https:\/\/roveyayinevi.com.tr\/index.php\/urun\/elizan\/"},"modified":"2026-04-15T03:26:36","modified_gmt":"2026-04-15T00:26:36","slug":"elizan","status":"publish","type":"product","link":"https:\/\/roveyayinevi.com.tr\/index.php\/urun\/elizan\/","title":{"rendered":"Elizan"},"content":{"rendered":"<p>\u0130nsan hayatta tercihlerinin sonu\u00e7lar\u0131n\u0131 ya\u015far; fakat bu, kaderini tayin etmek demek de\u011fildir. Kaderin s\u0131n\u0131rlar\u0131n\u0131 ancak Allah (cc.) \u00e7izer. \u0130nsan ise c\u00fczi iradesiyle se\u00e7ti\u011fi yolun s\u0131n\u0131rlar\u0131n\u0131 \u00e7izebilir. Bu s\u0131n\u0131rlar\u0131 \u00e7izerken bazen kararlar almak zorunda kal\u0131r. Bunlar\u0131n b\u00fcy\u00fck bir k\u0131sm\u0131 \u00e7ok s\u0131radan ve hayat\u0131m\u0131z\u0131n genelini \u00e7ok etkilemeyecek olan kararlard\u0131r. Ancak baz\u0131 kararlar vard\u0131r ki, bunlar insana b\u00fcy\u00fck sorumluluklar ve bedeller y\u00fckler. B\u00fct\u00fcn hayat\u0131n\u0131 sil ba\u015ftan d\u00fczenlemeye; hatta de\u011fi\u015ftirmeye bile s\u00fcr\u00fckler. En sevdiklerinin dahi kar\u015f\u0131s\u0131na ge\u00e7meyi g\u00f6ze ald\u0131r\u0131r. Bu kararlar insan\u0131n konumunu, \u00e7evresini, gelece\u011fini, huzurunu ve daha bir\u00e7ok \u00f6zelli\u011fini etkiler. Bu kitapta da gencecik ya\u015f\u0131nda bir elizanla hayat\u0131na y\u00f6n vermek i\u00e7in bir karar alan; fakat bu karar sonras\u0131 b\u00fcy\u00fck bedeller \u00f6deyen Mehmet\u2019in kar\u015f\u0131la\u015ft\u0131\u011f\u0131 olumlu ve olumsuz sonu\u00e7lar anlat\u0131lm\u0131\u015f ve bu sonu\u00e7lardan yola \u00e7\u0131karak herkesin kendine g\u00f6re dersler \u00e7\u0131karmas\u0131 ama\u00e7lanm\u0131\u015ft\u0131r. <\/p>\n","protected":false},"excerpt":{"rendered":"<p>\u0130nsan hayatta tercihlerinin sonu\u00e7lar\u0131n\u0131 ya\u015far; fakat bu, kaderini tayin etmek demek de\u011fildir. Kaderin s\u0131n\u0131rlar\u0131n\u0131 ancak Allah (cc.) \u00e7izer. \u0130nsan ise c\u00fczi iradesiyle se\u00e7ti\u011fi yolun s\u0131n\u0131rlar\u0131n\u0131 \u00e7izebilir.<span class=\"excerpt-hellip\"> [\u2026]<\/span><\/p>\n","protected":false},"featured_media":0,"template":"","meta":{"_monsterinsights_skip_tracking":false,"_monsterinsights_sitenote_active":false,"_monsterinsights_sitenote_note":"","_monsterinsights_sitenote_category":0},"product_brand":[],"product_cat":[12291,12711],"product_tag":[],"class_list":{"0":"post-761589","1":"product","2":"type-product","3":"status-publish","5":"product_cat-edebiyat","6":"product_cat-roman-oyku","7":"pa_cilt-ciltsiz","8":"pa_tur-kitap","9":"pa_yayinevi-gulnar-yayinlari","10":"pa_yazar-abdullah-ilgi","12":"first","13":"instock","14":"sale","15":"shipping-taxable","16":"purchasable","17":"product-type-simple"},"_links":{"self":[{"href":"https:\/\/roveyayinevi.com.tr\/index.php\/wp-json\/wp\/v2\/product\/761589","targetHints":{"allow":["GET"]}}],"collection":[{"href":"https:\/\/roveyayinevi.com.tr\/index.php\/wp-json\/wp\/v2\/product"}],"about":[{"href":"https:\/\/roveyayinevi.com.tr\/index.php\/wp-json\/wp\/v2\/types\/product"}],"wp:attachment":[{"href":"https:\/\/roveyayinevi.com.tr\/index.php\/wp-json\/wp\/v2\/media?parent=761589"}],"wp:term":[{"taxonomy":"product_brand","embeddable":true,"href":"https:\/\/roveyayinevi.com.tr\/index.php\/wp-json\/wp\/v2\/product_brand?post=761589"},{"taxonomy":"product_cat","embeddable":true,"href":"https:\/\/roveyayinevi.com.tr\/index.php\/wp-json\/wp\/v2\/product_cat?post=761589"},{"taxonomy":"product_tag","embeddable":true,"href":"https:\/\/roveyayinevi.com.tr\/index.php\/wp-json\/wp\/v2\/product_tag?post=761589"}],"curies":[{"name":"wp","href":"https:\/\/api.w.org\/{rel}","templated":true}]}}