{"id":761587,"date":"2025-08-28T09:41:42","date_gmt":"2025-08-28T06:41:42","guid":{"rendered":"https:\/\/roveyayinevi.com.tr\/index.php\/urun\/yelkenimizde-sakli-hikayeler-corlu-fevzi-cakmak-ilkokulu\/"},"modified":"2026-04-16T03:14:55","modified_gmt":"2026-04-16T00:14:55","slug":"yelkenimizde-sakli-hikayeler-corlu-fevzi-cakmak-ilkokulu","status":"publish","type":"product","link":"https:\/\/roveyayinevi.com.tr\/index.php\/urun\/yelkenimizde-sakli-hikayeler-corlu-fevzi-cakmak-ilkokulu\/","title":{"rendered":"\u201cYelkenimizde Sakl\u0131 Hikayeler\u201d \u00c7orlu Fevzi \u00c7akmak \u0130lkokulu"},"content":{"rendered":"<p>\u00d6zg\u00fcn Hikayelerimizle Hayaller Denizine Yelken A\u00e7maya Haz\u0131r M\u0131s\u0131n\u0131z? Minik yazarlar\u0131n sevgiyle kaleme ald\u0131\u011f\u0131, y\u00fcreklere dokunan hikayelerine tan\u0131k olacaks\u0131n\u0131z. Keyifli okumalar dileriz. <\/p>\n","protected":false},"excerpt":{"rendered":"<p>\u00d6zg\u00fcn Hikayelerimizle Hayaller Denizine Yelken A\u00e7maya Haz\u0131r M\u0131s\u0131n\u0131z? Minik yazarlar\u0131n sevgiyle kaleme ald\u0131\u011f\u0131, y\u00fcreklere dokunan hikayelerine tan\u0131k olacaks\u0131n\u0131z. Keyifli okumalar dileriz.<\/p>\n","protected":false},"featured_media":0,"template":"","meta":{"_monsterinsights_skip_tracking":false,"_monsterinsights_sitenote_active":false,"_monsterinsights_sitenote_note":"","_monsterinsights_sitenote_category":0},"product_brand":[],"product_cat":[12274,12284],"product_tag":[],"class_list":{"0":"post-761587","1":"product","2":"type-product","3":"status-publish","5":"product_cat-cocuk-ve-genclik-kitaplari","6":"product_cat-hikayeler","7":"pa_cilt-ciltsiz","8":"pa_tur-kitap","9":"pa_yayinevi-gulnar-yayinlari","10":"pa_yazar-kolektif","12":"first","13":"instock","14":"sale","15":"shipping-taxable","16":"purchasable","17":"product-type-simple"},"_links":{"self":[{"href":"https:\/\/roveyayinevi.com.tr\/index.php\/wp-json\/wp\/v2\/product\/761587","targetHints":{"allow":["GET"]}}],"collection":[{"href":"https:\/\/roveyayinevi.com.tr\/index.php\/wp-json\/wp\/v2\/product"}],"about":[{"href":"https:\/\/roveyayinevi.com.tr\/index.php\/wp-json\/wp\/v2\/types\/product"}],"wp:attachment":[{"href":"https:\/\/roveyayinevi.com.tr\/index.php\/wp-json\/wp\/v2\/media?parent=761587"}],"wp:term":[{"taxonomy":"product_brand","embeddable":true,"href":"https:\/\/roveyayinevi.com.tr\/index.php\/wp-json\/wp\/v2\/product_brand?post=761587"},{"taxonomy":"product_cat","embeddable":true,"href":"https:\/\/roveyayinevi.com.tr\/index.php\/wp-json\/wp\/v2\/product_cat?post=761587"},{"taxonomy":"product_tag","embeddable":true,"href":"https:\/\/roveyayinevi.com.tr\/index.php\/wp-json\/wp\/v2\/product_tag?post=761587"}],"curies":[{"name":"wp","href":"https:\/\/api.w.org\/{rel}","templated":true}]}}