{"id":761582,"date":"2025-08-28T09:41:34","date_gmt":"2025-08-28T06:41:34","guid":{"rendered":"https:\/\/roveyayinevi.com.tr\/index.php\/urun\/moonology-ay-kehanetleri-gerceklestirme-kartlari\/"},"modified":"2026-04-16T03:14:55","modified_gmt":"2026-04-16T00:14:55","slug":"moonology-ay-kehanetleri-gerceklestirme-kartlari","status":"publish","type":"product","link":"https:\/\/roveyayinevi.com.tr\/index.php\/urun\/moonology-ay-kehanetleri-gerceklestirme-kartlari\/","title":{"rendered":"Moonology Ay Kehanetleri Ger\u00e7ekle\u015ftirme Kartlari"},"content":{"rendered":"<p>\u00c7ok satan yazar Denise Linn\u2019in 52 adet kehanet kart\u0131 ve rehberli meditasyon ses kayd\u0131yla do\u011fan\u0131n ruhlar\u0131yla tan\u0131\u015f\u0131n ve Kutsal Orman\u2019\u0131n gizli \u00e2lemlerini ke\u015ffedin.  Bu kehanet destesindeki her kart, Tibet Shambala, Avalon Sisleri ve Avustralya R\u00fcya Zaman\u0131 efsanelerine benzer kutsal bir \u00e2lem olan Kutsal Orman\u2019a enerjisel bir eri\u015fim sa\u011flayan \u00f6zel bir anahtard\u0131r Y\u0131llard\u0131r, bir d\u00f6n\u00fc\u015f\u00fcm hocas\u0131 olan Denise Linn binlerce insan\u0131 bu sihirli boyuta y\u00f6nlendirmek i\u00e7in rehberli meditasyonlar kullanm\u0131\u015ft\u0131r. \u015eimdi, bu kehanet sistemiyle siz de bilincinizi geni\u015fletebilir ve bu i\u00e7sel manzaran\u0131n engin gizemleri ve harikalar\u0131 boyunca kendi rotan\u0131z\u0131 \u00e7izebilirsiniz.  Her biri son derece renkli ve incelikli bir sanat eseri say\u0131lacak kartlar, kadim do\u011fa ruhlar\u0131n\u0131n ve koruyucular\u0131n\u0131n tasvirleriyle s\u00fcslenmi\u015f. F\u0131rt\u0131na Ruhu sizi kaosu kucaklamaya davet ederken Sihirli E\u011frelti Otu Ma\u011faras\u0131 ise size bir s\u0131\u011f\u0131nak sunuyor. Kartlar do\u011fal g\u00fc\u00e7lerden ve kendi i\u00e7sel bilginizden yararlanarak uzun zamand\u0131r cevap aranan sorulara \u0131\u015f\u0131k tutuyor. Bilincinizi geni\u015fletin ve Kutsal Orman\u2019\u0131n engin gizemleri ve harikalar\u0131 aras\u0131nda kendi rotan\u0131z\u0131 \u00e7izin. Bu kehanet destesindeki 52 kart\u0131n her biri, kutsal bir \u00e2lem olan Kutsal Orman\u2019a enerjisel bir eri\u015fim sa\u011flayan \u00f6zel bir anahtard\u0131r. Kartlar, en derin sorular\u0131n\u0131za uzun zamand\u0131r arad\u0131\u011f\u0131n\u0131z yan\u0131tlara \u0131\u015f\u0131k tutmak i\u00e7in do\u011fal gu\u0308\u00e7lere ve kendi i\u00e7sel bilginize eri\u015fir. <\/p>\n","protected":false},"excerpt":{"rendered":"<p>\u00c7ok satan yazar Denise Linn\u2019in 52 adet kehanet kart\u0131 ve rehberli meditasyon ses kayd\u0131yla do\u011fan\u0131n ruhlar\u0131yla tan\u0131\u015f\u0131n ve Kutsal Orman\u2019\u0131n gizli \u00e2lemlerini ke\u015ffedin. Bu kehanet destesindeki<span class=\"excerpt-hellip\"> [\u2026]<\/span><\/p>\n","protected":false},"featured_media":0,"template":"","meta":{"_monsterinsights_skip_tracking":false,"_monsterinsights_sitenote_active":false,"_monsterinsights_sitenote_note":"","_monsterinsights_sitenote_category":0},"product_brand":[],"product_cat":[19840,12364],"product_tag":[],"class_list":{"0":"post-761582","1":"product","2":"type-product","3":"status-publish","5":"product_cat-astroloji","6":"product_cat-genel-konular","7":"pa_cilt-ciltsiz","8":"pa_tur-kitap","9":"pa_yayinevi-butik-yayinlari","10":"pa_yazar-yasmin-boland","12":"first","13":"instock","14":"sale","15":"shipping-taxable","16":"purchasable","17":"product-type-simple"},"_links":{"self":[{"href":"https:\/\/roveyayinevi.com.tr\/index.php\/wp-json\/wp\/v2\/product\/761582","targetHints":{"allow":["GET"]}}],"collection":[{"href":"https:\/\/roveyayinevi.com.tr\/index.php\/wp-json\/wp\/v2\/product"}],"about":[{"href":"https:\/\/roveyayinevi.com.tr\/index.php\/wp-json\/wp\/v2\/types\/product"}],"wp:attachment":[{"href":"https:\/\/roveyayinevi.com.tr\/index.php\/wp-json\/wp\/v2\/media?parent=761582"}],"wp:term":[{"taxonomy":"product_brand","embeddable":true,"href":"https:\/\/roveyayinevi.com.tr\/index.php\/wp-json\/wp\/v2\/product_brand?post=761582"},{"taxonomy":"product_cat","embeddable":true,"href":"https:\/\/roveyayinevi.com.tr\/index.php\/wp-json\/wp\/v2\/product_cat?post=761582"},{"taxonomy":"product_tag","embeddable":true,"href":"https:\/\/roveyayinevi.com.tr\/index.php\/wp-json\/wp\/v2\/product_tag?post=761582"}],"curies":[{"name":"wp","href":"https:\/\/api.w.org\/{rel}","templated":true}]}}